{"id":696867,"date":"2025-08-27T14:37:02","date_gmt":"2025-08-27T11:37:02","guid":{"rendered":"https:\/\/roveyayinevi.com.tr\/index.php\/urun\/kupten-sizan-sirlar\/"},"modified":"2025-11-22T02:49:21","modified_gmt":"2025-11-21T23:49:21","slug":"kupten-sizan-sirlar","status":"publish","type":"product","link":"https:\/\/roveyayinevi.com.tr\/index.php\/urun\/kupten-sizan-sirlar\/","title":{"rendered":"K\u00fcpten S\u0131zan S\u0131rlar"},"content":{"rendered":"<p>\u0130ntih\u00e2-n\u00e2me Sultan Veled&#8217;in, halka ve m\u00fcr\u00eedlerine vaaz ve \u00f6\u011f\u00fctlerini i\u00e7eren bir eseridir. Mevl\u00e2n\u00e2 ve etraf\u0131ndakiler hakk\u0131nda da k\u0131sa bilgiler i\u00e7erir. Eser \u00fczerinde, gerek T\u00fcrkiye&#8217;de gerek T\u00fcrkiye d\u0131\u015f\u0131nda, pek fazla bir \u00e7al\u0131\u015fma bulunmamaktad\u0131r. Eserde \u00fczerinde en \u00e7ok durulan mesele, Sultan Veled&#8217;in etaf\u0131ndakilere a\u00e7t\u0131\u011f\u0131 il\u00e2hi s\u0131rlard\u0131r. <\/p>\n","protected":false},"excerpt":{"rendered":"<p>\u0130ntih\u00e2-n\u00e2me Sultan Veled&#8217;in, halka ve m\u00fcr\u00eedlerine vaaz ve \u00f6\u011f\u00fctlerini i\u00e7eren bir eseridir. Mevl\u00e2n\u00e2 ve etraf\u0131ndakiler hakk\u0131nda da k\u0131sa bilgiler i\u00e7erir. Eser \u00fczerinde, gerek T\u00fcrkiye&#8217;de gerek T\u00fcrkiye<span class=\"excerpt-hellip\"> [\u2026]<\/span><\/p>\n","protected":false},"featured_media":0,"template":"","meta":{"_monsterinsights_skip_tracking":false,"_monsterinsights_sitenote_active":false,"_monsterinsights_sitenote_note":"","_monsterinsights_sitenote_category":0},"product_brand":[],"product_cat":[12718,12719,12720],"product_tag":[],"class_list":{"0":"post-696867","1":"product","2":"type-product","3":"status-publish","5":"product_cat-din","6":"product_cat-islam","7":"product_cat-tasavvuf-mezhepler-tarikatlar","8":"pa_tur-kitap","9":"pa_yayinevi-atac-yayinlari","10":"pa_yazar-hulya-kucuk","12":"first","13":"instock","14":"sale","15":"shipping-taxable","16":"purchasable","17":"product-type-simple"},"_links":{"self":[{"href":"https:\/\/roveyayinevi.com.tr\/index.php\/wp-json\/wp\/v2\/product\/696867","targetHints":{"allow":["GET"]}}],"collection":[{"href":"https:\/\/roveyayinevi.com.tr\/index.php\/wp-json\/wp\/v2\/product"}],"about":[{"href":"https:\/\/roveyayinevi.com.tr\/index.php\/wp-json\/wp\/v2\/types\/product"}],"wp:attachment":[{"href":"https:\/\/roveyayinevi.com.tr\/index.php\/wp-json\/wp\/v2\/media?parent=696867"}],"wp:term":[{"taxonomy":"product_brand","embeddable":true,"href":"https:\/\/roveyayinevi.com.tr\/index.php\/wp-json\/wp\/v2\/product_brand?post=696867"},{"taxonomy":"product_cat","embeddable":true,"href":"https:\/\/roveyayinevi.com.tr\/index.php\/wp-json\/wp\/v2\/product_cat?post=696867"},{"taxonomy":"product_tag","embeddable":true,"href":"https:\/\/roveyayinevi.com.tr\/index.php\/wp-json\/wp\/v2\/product_tag?post=696867"}],"curies":[{"name":"wp","href":"https:\/\/api.w.org\/{rel}","templated":true}]}}