{"id":696863,"date":"2025-08-27T14:37:01","date_gmt":"2025-08-27T11:37:01","guid":{"rendered":"https:\/\/roveyayinevi.com.tr\/index.php\/urun\/uzun-savas\/"},"modified":"2026-04-16T02:06:45","modified_gmt":"2026-04-15T23:06:45","slug":"uzun-savas","status":"publish","type":"product","link":"https:\/\/roveyayinevi.com.tr\/index.php\/urun\/uzun-savas\/","title":{"rendered":"Uzun Sava\u015f"},"content":{"rendered":"<p>Bat\u0131 d\u00fcnyas\u0131, sermayenin Tek Merkezi olmaktan \u00e7\u0131kmaktad\u0131r. G\u00fc\u00e7 dengesinin de\u011fi\u015fimine ba\u011fl\u0131 olarak i\u00e7inde bulundu\u011fumuz co\u011frafya   sava\u015f meydan\u0131na   d\u00f6n\u00fc\u015ft\u00fcr\u00fclmektedir. Egemen g\u00fc\u00e7 do\u011frudan sava\u015f\u0131 \u015eer Ekseni tan\u0131m\u0131, dolayl\u0131 sava\u015f\u0131 ise   Siyasi &#8211; Dini   de\u011ferler \u00fczerinden hedef toplumu d\u00f6n\u00fc\u015ft\u00fcrme \u015feklinde s\u00fcrd\u00fcrmektir. De\u011ferler diplomasisi ekseninde Bilin\u00e7 Paketlenmesi \/ Zihin Y\u00f6nlendirme ve Kontrol Etme, D\u00f6n\u00fc\u015ft\u00fcrme Uzun Sava\u015f\u2019\u0131n ana unsurlar\u0131d\u0131r. <\/p>\n","protected":false},"excerpt":{"rendered":"<p>Bat\u0131 d\u00fcnyas\u0131, sermayenin Tek Merkezi olmaktan \u00e7\u0131kmaktad\u0131r. G\u00fc\u00e7 dengesinin de\u011fi\u015fimine ba\u011fl\u0131 olarak i\u00e7inde bulundu\u011fumuz co\u011frafya sava\u015f meydan\u0131na d\u00f6n\u00fc\u015ft\u00fcr\u00fclmektedir. Egemen g\u00fc\u00e7 do\u011frudan sava\u015f\u0131 \u015eer Ekseni tan\u0131m\u0131, dolayl\u0131<span class=\"excerpt-hellip\"> [\u2026]<\/span><\/p>\n","protected":false},"featured_media":0,"template":"","meta":{"_monsterinsights_skip_tracking":false,"_monsterinsights_sitenote_active":false,"_monsterinsights_sitenote_note":"","_monsterinsights_sitenote_category":0},"product_brand":[],"product_cat":[12718,12719,13025],"product_tag":[],"class_list":{"0":"post-696863","1":"product","2":"type-product","3":"status-publish","5":"product_cat-din","6":"product_cat-islam","7":"product_cat-islam-ve-gunumuz-islam-dusuncesi","8":"pa_tur-kitap","9":"pa_yayinevi-berikan-yayinlari","10":"pa_yazar-nadim-macit","12":"first","13":"instock","14":"sale","15":"shipping-taxable","16":"purchasable","17":"product-type-simple"},"_links":{"self":[{"href":"https:\/\/roveyayinevi.com.tr\/index.php\/wp-json\/wp\/v2\/product\/696863","targetHints":{"allow":["GET"]}}],"collection":[{"href":"https:\/\/roveyayinevi.com.tr\/index.php\/wp-json\/wp\/v2\/product"}],"about":[{"href":"https:\/\/roveyayinevi.com.tr\/index.php\/wp-json\/wp\/v2\/types\/product"}],"wp:attachment":[{"href":"https:\/\/roveyayinevi.com.tr\/index.php\/wp-json\/wp\/v2\/media?parent=696863"}],"wp:term":[{"taxonomy":"product_brand","embeddable":true,"href":"https:\/\/roveyayinevi.com.tr\/index.php\/wp-json\/wp\/v2\/product_brand?post=696863"},{"taxonomy":"product_cat","embeddable":true,"href":"https:\/\/roveyayinevi.com.tr\/index.php\/wp-json\/wp\/v2\/product_cat?post=696863"},{"taxonomy":"product_tag","embeddable":true,"href":"https:\/\/roveyayinevi.com.tr\/index.php\/wp-json\/wp\/v2\/product_tag?post=696863"}],"curies":[{"name":"wp","href":"https:\/\/api.w.org\/{rel}","templated":true}]}}