{"id":696861,"date":"2025-08-27T14:37:00","date_gmt":"2025-08-27T11:37:00","guid":{"rendered":"https:\/\/roveyayinevi.com.tr\/index.php\/urun\/turkiye-cumhuriyeti-tarihinin-kaynaklari\/"},"modified":"2026-04-16T02:06:45","modified_gmt":"2026-04-15T23:06:45","slug":"turkiye-cumhuriyeti-tarihinin-kaynaklari","status":"publish","type":"product","link":"https:\/\/roveyayinevi.com.tr\/index.php\/urun\/turkiye-cumhuriyeti-tarihinin-kaynaklari\/","title":{"rendered":"T\u00fcrkiye Cumhuriyeti Tarihinin Kaynaklar\u0131"},"content":{"rendered":"<p>Alternatif tarih\u00e7iler, resmi tarih\u00e7i olarak g\u00f6r\u00fclen Akademisyenler hakk\u0131nda resmi devlet tezini ispata \u00e7al\u0131\u015f\u0131yorlarm\u0131\u015f gibi bir intiba uyand\u0131rmak istemektedirler. Esas\u0131nda ortada tez diye bir \u015fey yoktur. Onlar\u0131n kar\u015f\u0131 tez olu\u015fturduklar\u0131 \u015fey, sadece ve \u2013sadece tarihi ger\u00e7ekliktir. \u2019\u2019Tarihi ger\u00e7eklik\u2019\u2019e kar\u015f\u0131 tez olu\u015fturman\u0131n mant\u0131ki ba\u011flamlar\u0131n\u0131 bulmak m\u00fcmk\u00fcn de\u011fildir. Tarih hakikatin ilmidir. Tarih\u00e7ilik kayna\u011f\u0131 me\u00e7hul ve \u015faibeli rivayetlerin, yalan ve iftiran\u0131n tarihi ger\u00e7eklik olamayaca\u011f\u0131n\u0131 bilmekle ba\u015flar.\u2019\u2019 Tarihi ger\u00e7eklik\u2019\u2019e kar\u015f\u0131 bir tepkinin kayna\u011f\u0131n\u0131n tarih anlay\u0131\u015f\u0131 fark\u0131nda de\u011fil, siyasi ve ahlaki de\u011fer yarg\u0131lar\u0131ndan kaynakland\u0131\u011f\u0131na \u015f\u00fcphe yoktur. H\u00e2lbuki tarihle, ahlak ve siyaset ilimlerinin mahiyeti gibi metotlar\u0131 da \u00e7ok farkl\u0131d\u0131r. Bu sebeple tarih ilmi, de\u011fer yarg\u0131lar\u0131nda bulunmamak y\u00f6n\u00fcyle di\u011ferlerinden ayr\u0131l\u0131r. Bu bak\u0131\u015f a\u00e7\u0131s\u0131yla, T\u00fcrkiye Cumhuriyeti tarihine metodolojik olarak bak\u0131ld\u0131\u011f\u0131nda, bug\u00fcn T\u00fcrkiye\u2019de yap\u0131lan\u0131n sadece \u2018\u2019resmi tarih\u00e7ilik\u2019\u2019 oldu\u011fu da iddia edilemez. <\/p>\n","protected":false},"excerpt":{"rendered":"<p>Alternatif tarih\u00e7iler, resmi tarih\u00e7i olarak g\u00f6r\u00fclen Akademisyenler hakk\u0131nda resmi devlet tezini ispata \u00e7al\u0131\u015f\u0131yorlarm\u0131\u015f gibi bir intiba uyand\u0131rmak istemektedirler. Esas\u0131nda ortada tez diye bir \u015fey yoktur. Onlar\u0131n<span class=\"excerpt-hellip\"> [\u2026]<\/span><\/p>\n","protected":false},"featured_media":0,"template":"","meta":{"_monsterinsights_skip_tracking":false,"_monsterinsights_sitenote_active":false,"_monsterinsights_sitenote_note":"","_monsterinsights_sitenote_category":0},"product_brand":[],"product_cat":[13517,12304],"product_tag":[],"class_list":{"0":"post-696861","1":"product","2":"type-product","3":"status-publish","5":"product_cat-osmanli-tarihi","6":"product_cat-tarih","7":"pa_cilt-ciltsiz","8":"pa_tur-kitap","9":"pa_yayinevi-berikan-yayinlari","10":"pa_yazar-e-semih-yalcin","12":"first","13":"instock","14":"sale","15":"shipping-taxable","16":"purchasable","17":"product-type-simple"},"_links":{"self":[{"href":"https:\/\/roveyayinevi.com.tr\/index.php\/wp-json\/wp\/v2\/product\/696861","targetHints":{"allow":["GET"]}}],"collection":[{"href":"https:\/\/roveyayinevi.com.tr\/index.php\/wp-json\/wp\/v2\/product"}],"about":[{"href":"https:\/\/roveyayinevi.com.tr\/index.php\/wp-json\/wp\/v2\/types\/product"}],"wp:attachment":[{"href":"https:\/\/roveyayinevi.com.tr\/index.php\/wp-json\/wp\/v2\/media?parent=696861"}],"wp:term":[{"taxonomy":"product_brand","embeddable":true,"href":"https:\/\/roveyayinevi.com.tr\/index.php\/wp-json\/wp\/v2\/product_brand?post=696861"},{"taxonomy":"product_cat","embeddable":true,"href":"https:\/\/roveyayinevi.com.tr\/index.php\/wp-json\/wp\/v2\/product_cat?post=696861"},{"taxonomy":"product_tag","embeddable":true,"href":"https:\/\/roveyayinevi.com.tr\/index.php\/wp-json\/wp\/v2\/product_tag?post=696861"}],"curies":[{"name":"wp","href":"https:\/\/api.w.org\/{rel}","templated":true}]}}