{"id":696858,"date":"2025-08-27T14:36:59","date_gmt":"2025-08-27T11:36:59","guid":{"rendered":"https:\/\/roveyayinevi.com.tr\/index.php\/urun\/turk-kulturlu-halklarda-ulucanlar\/"},"modified":"2026-04-16T02:06:45","modified_gmt":"2026-04-15T23:06:45","slug":"turk-kulturlu-halklarda-ulucanlar","status":"publish","type":"product","link":"https:\/\/roveyayinevi.com.tr\/index.php\/urun\/turk-kulturlu-halklarda-ulucanlar\/","title":{"rendered":"T\u00fcrk K\u00fclt\u00fcrl\u00fc Halklarda Ulucanlar"},"content":{"rendered":"","protected":false},"excerpt":{"rendered":"","protected":false},"featured_media":0,"template":"","meta":{"_monsterinsights_skip_tracking":false,"_monsterinsights_sitenote_active":false,"_monsterinsights_sitenote_note":"","_monsterinsights_sitenote_category":0},"product_brand":[],"product_cat":[14787,13488],"product_tag":[],"class_list":{"0":"post-696858","1":"product","2":"type-product","3":"status-publish","5":"product_cat-diger-toplum-ve-insan","6":"product_cat-toplum-ve-insan","7":"pa_tur-kitap","8":"pa_yayinevi-berikan-yayinlari","9":"pa_yazar-yasar-kalafat","11":"first","12":"instock","13":"sale","14":"shipping-taxable","15":"purchasable","16":"product-type-simple"},"_links":{"self":[{"href":"https:\/\/roveyayinevi.com.tr\/index.php\/wp-json\/wp\/v2\/product\/696858","targetHints":{"allow":["GET"]}}],"collection":[{"href":"https:\/\/roveyayinevi.com.tr\/index.php\/wp-json\/wp\/v2\/product"}],"about":[{"href":"https:\/\/roveyayinevi.com.tr\/index.php\/wp-json\/wp\/v2\/types\/product"}],"wp:attachment":[{"href":"https:\/\/roveyayinevi.com.tr\/index.php\/wp-json\/wp\/v2\/media?parent=696858"}],"wp:term":[{"taxonomy":"product_brand","embeddable":true,"href":"https:\/\/roveyayinevi.com.tr\/index.php\/wp-json\/wp\/v2\/product_brand?post=696858"},{"taxonomy":"product_cat","embeddable":true,"href":"https:\/\/roveyayinevi.com.tr\/index.php\/wp-json\/wp\/v2\/product_cat?post=696858"},{"taxonomy":"product_tag","embeddable":true,"href":"https:\/\/roveyayinevi.com.tr\/index.php\/wp-json\/wp\/v2\/product_tag?post=696858"}],"curies":[{"name":"wp","href":"https:\/\/api.w.org\/{rel}","templated":true}]}}