{"id":696855,"date":"2025-08-27T14:36:59","date_gmt":"2025-08-27T11:36:59","guid":{"rendered":"https:\/\/roveyayinevi.com.tr\/index.php\/urun\/nutuk-4\/"},"modified":"2026-04-16T02:06:45","modified_gmt":"2026-04-15T23:06:45","slug":"nutuk-4","status":"publish","type":"product","link":"https:\/\/roveyayinevi.com.tr\/index.php\/urun\/nutuk-4\/","title":{"rendered":"Nutuk"},"content":{"rendered":"<p>Atat\u00fcrk \u0130lke ve \u0130nk\u0131laplar\u0131 Gazi Mustafa Kemal Atat\u00fcrk\u2019\u00fc \u00d6\u011freniyorum Atat\u00fcrk ve 19 May\u0131s Atat\u00fcrk ve 23 Nisan Atat\u00fcrk ve An\u0131lar\u0131 Atat\u00fcrk ve \u00c7anakkale Atat\u00fcrk ve Cumhuriyet Atat\u00fcrk ve Kurtulu\u015f Sava\u015f\u0131 Atat\u00fcrk ve Milli \u015eiirler Nutuk \ufffcTan\u0131t\u0131m Metni<\/p>\n","protected":false},"excerpt":{"rendered":"<p>Atat\u00fcrk \u0130lke ve \u0130nk\u0131laplar\u0131 Gazi Mustafa Kemal Atat\u00fcrk\u2019\u00fc \u00d6\u011freniyorum Atat\u00fcrk ve 19 May\u0131s Atat\u00fcrk ve 23 Nisan Atat\u00fcrk ve An\u0131lar\u0131 Atat\u00fcrk ve \u00c7anakkale Atat\u00fcrk ve Cumhuriyet<span class=\"excerpt-hellip\"> [\u2026]<\/span><\/p>\n","protected":false},"featured_media":0,"template":"","meta":{"_monsterinsights_skip_tracking":false,"_monsterinsights_sitenote_active":false,"_monsterinsights_sitenote_note":"","_monsterinsights_sitenote_category":0},"product_brand":[],"product_cat":[12530,12304],"product_tag":[],"class_list":{"0":"post-696855","1":"product","2":"type-product","3":"status-publish","5":"product_cat-mustafa-kemal-ataturk","6":"product_cat-tarih","7":"pa_cilt-ciltsiz","8":"pa_tur-kitap","9":"pa_yayinevi-altin-kitaplar-cocuk-kitaplari","10":"pa_yazar-faruk-cil","12":"first","13":"instock","14":"sale","15":"shipping-taxable","16":"purchasable","17":"product-type-simple"},"_links":{"self":[{"href":"https:\/\/roveyayinevi.com.tr\/index.php\/wp-json\/wp\/v2\/product\/696855","targetHints":{"allow":["GET"]}}],"collection":[{"href":"https:\/\/roveyayinevi.com.tr\/index.php\/wp-json\/wp\/v2\/product"}],"about":[{"href":"https:\/\/roveyayinevi.com.tr\/index.php\/wp-json\/wp\/v2\/types\/product"}],"wp:attachment":[{"href":"https:\/\/roveyayinevi.com.tr\/index.php\/wp-json\/wp\/v2\/media?parent=696855"}],"wp:term":[{"taxonomy":"product_brand","embeddable":true,"href":"https:\/\/roveyayinevi.com.tr\/index.php\/wp-json\/wp\/v2\/product_brand?post=696855"},{"taxonomy":"product_cat","embeddable":true,"href":"https:\/\/roveyayinevi.com.tr\/index.php\/wp-json\/wp\/v2\/product_cat?post=696855"},{"taxonomy":"product_tag","embeddable":true,"href":"https:\/\/roveyayinevi.com.tr\/index.php\/wp-json\/wp\/v2\/product_tag?post=696855"}],"curies":[{"name":"wp","href":"https:\/\/api.w.org\/{rel}","templated":true}]}}