{"id":696847,"date":"2025-08-27T14:36:56","date_gmt":"2025-08-27T11:36:56","guid":{"rendered":"https:\/\/roveyayinevi.com.tr\/index.php\/urun\/nihilizm\/"},"modified":"2026-04-16T02:06:45","modified_gmt":"2026-04-15T23:06:45","slug":"nihilizm","status":"publish","type":"product","link":"https:\/\/roveyayinevi.com.tr\/index.php\/urun\/nihilizm\/","title":{"rendered":"Nihilizm"},"content":{"rendered":"<p>\u00c7a\u011fda\u015f ya\u015fam\u0131n en belirgin sorunlar\u0131n\u0131n k\u00f6kenleri nihilizmde ve nihilizmin \u2013toplumu hem olu\u015fturup hem tahrip eden\u2013 paradoksal mant\u0131\u011f\u0131nda yatt\u0131\u011f\u0131 halde, nihilizm konusu toplumsal teoride \u015fa\u015f\u0131rt\u0131c\u0131 \u015fekilde ihmal edilmi\u015ftir. Bu kitap, nihilizmin ka\u00e7\u0131\u015f\u00e7\u0131l\u0131k, radikal nihilizm, edilgin nihilizm ve \u201ckusursuz nihilizm\u201d olarak adland\u0131r\u0131lan d\u00f6rt ana formunu sistematik bir \u015fekilde ele al\u0131yor. \u00d6zellikle de edilgin nihilizm (istencin olumsuzlanmas\u0131) ile radikal nihilizm (olumsuzlama istenci) aras\u0131ndaki ayr\u0131\u015ft\u0131r\u0131c\u0131 senteze, \u00e7a\u011fda\u015f post-politika k\u00fclt\u00fcr\u00fcn\u00fcn en belirgin nitelikleri olan hedonizm\/y\u00f6n-kayb\u0131na ve buna bir tepki olarak y\u00fckselen \u015fiddet bi\u00e7imlerine ve mutsuzlu\u011fa odaklan\u0131yor. Nihilizmin soy k\u00fct\u00fc\u011f\u00fcn\u00fc ve sonu\u00e7lar\u0131n\u0131 ele alan birinci b\u00f6l\u00fcm\u00fcn ard\u0131ndan bir aras\u00f6z olarak, tan\u0131d\u0131k bir filmin, Nuri Bilge Ceylan\u2019\u0131n \u0130klimler filminin analizi geliyor. \u0130kinci b\u00f6l\u00fcm, nihilizmi kapitalizm, post-politika ve ter\u00f6rizmle ili\u015fkilendirerek konunun \u201ctoplumsal\u201d yan\u0131na odaklan\u0131yor. Ard\u0131ndan, Houellebecq\u2019in eserlerinin analiziyle teorik arg\u00fcmanlar ete kemi\u011fe b\u00fcr\u00fcn\u00fcyor. \u00dc\u00e7\u00fcnc\u00fc b\u00f6l\u00fcmde ise olay, agonizm ve antagonizma gibi kavramlar\u0131n bu ba\u011flamda ta\u015f\u0131d\u0131\u011f\u0131 \u00f6nem vurgulanarak, nihilizmi alt etme olas\u0131l\u0131klar\u0131 de\u011ferlendiriliyor. <\/p>\n","protected":false},"excerpt":{"rendered":"<p>\u00c7a\u011fda\u015f ya\u015fam\u0131n en belirgin sorunlar\u0131n\u0131n k\u00f6kenleri nihilizmde ve nihilizmin \u2013toplumu hem olu\u015fturup hem tahrip eden\u2013 paradoksal mant\u0131\u011f\u0131nda yatt\u0131\u011f\u0131 halde, nihilizm konusu toplumsal teoride \u015fa\u015f\u0131rt\u0131c\u0131 \u015fekilde ihmal<span class=\"excerpt-hellip\"> [\u2026]<\/span><\/p>\n","protected":false},"featured_media":0,"template":"","meta":{"_monsterinsights_skip_tracking":false,"_monsterinsights_sitenote_active":false,"_monsterinsights_sitenote_note":"","_monsterinsights_sitenote_category":0},"product_brand":[],"product_cat":[12351,12324],"product_tag":[],"class_list":{"0":"post-696847","1":"product","2":"type-product","3":"status-publish","5":"product_cat-siyaset-sosyolojisi","6":"product_cat-sosyoloji","7":"pa_cilt-ciltsiz","8":"pa_tur-kitap","9":"pa_yayinevi-ayrinti-yayinlari","10":"pa_yazar-bulent-diken","12":"first","13":"instock","14":"sale","15":"shipping-taxable","16":"purchasable","17":"product-type-simple"},"_links":{"self":[{"href":"https:\/\/roveyayinevi.com.tr\/index.php\/wp-json\/wp\/v2\/product\/696847","targetHints":{"allow":["GET"]}}],"collection":[{"href":"https:\/\/roveyayinevi.com.tr\/index.php\/wp-json\/wp\/v2\/product"}],"about":[{"href":"https:\/\/roveyayinevi.com.tr\/index.php\/wp-json\/wp\/v2\/types\/product"}],"wp:attachment":[{"href":"https:\/\/roveyayinevi.com.tr\/index.php\/wp-json\/wp\/v2\/media?parent=696847"}],"wp:term":[{"taxonomy":"product_brand","embeddable":true,"href":"https:\/\/roveyayinevi.com.tr\/index.php\/wp-json\/wp\/v2\/product_brand?post=696847"},{"taxonomy":"product_cat","embeddable":true,"href":"https:\/\/roveyayinevi.com.tr\/index.php\/wp-json\/wp\/v2\/product_cat?post=696847"},{"taxonomy":"product_tag","embeddable":true,"href":"https:\/\/roveyayinevi.com.tr\/index.php\/wp-json\/wp\/v2\/product_tag?post=696847"}],"curies":[{"name":"wp","href":"https:\/\/api.w.org\/{rel}","templated":true}]}}