{"id":696845,"date":"2025-08-27T14:36:56","date_gmt":"2025-08-27T11:36:56","guid":{"rendered":"https:\/\/roveyayinevi.com.tr\/index.php\/urun\/otorite\/"},"modified":"2026-04-16T02:06:45","modified_gmt":"2026-04-15T23:06:45","slug":"otorite","status":"publish","type":"product","link":"https:\/\/roveyayinevi.com.tr\/index.php\/urun\/otorite\/","title":{"rendered":"Otorite"},"content":{"rendered":"<p>\u0130nsanlar otoriteye neden ihtiya\u00e7 duyarlar? Otoriteden neden korkarlar? Otorite ili\u015fkilerinin olmad\u0131\u011f\u0131 bir toplum kurma tasar\u0131s\u0131 ger\u00e7ek\u00e7i midir? Otoriteyle ba\u011f kurmadan onu reddetmek m\u00fcmk\u00fcn m\u00fcd\u00fcr? Basit bir kar\u015f\u0131 \u00e7\u0131kma bizi otoritenin olumsuzluklar\u0131ndan korumaya yetmedi\u011fi gibi, onu gerekti\u011fi gibi de\u011ferlendirmemizi de engelliyorsa, ne yapabiliriz? Richard Sennett bu t\u00fcr sorulara yan\u0131t ararken insanlar\u0131n otoritelerle kurduklar\u0131 \u00f6zel ve kurumsalla\u015fm\u0131\u015f ili\u015fkilerin tarihsel ve sosyopsikolojik bir panoramas\u0131n\u0131 \u00e7iziyor. Anne babayla \u00e7ocuk aras\u0131ndaki gibi ki\u015fisel, i\u015fverenle i\u015f\u00e7i ya da devletle yurtta\u015f aras\u0131ndaki gibi toplumsal ili\u015fkilerde otoriteyi tan\u0131madan reddetmenin insanlar\u0131 ne t\u00fcr \u00e7\u0131kmazlara s\u00fcr\u00fckledi\u011fini anlat\u0131yor&#8230; <\/p>\n","protected":false},"excerpt":{"rendered":"<p>\u0130nsanlar otoriteye neden ihtiya\u00e7 duyarlar? Otoriteden neden korkarlar? Otorite ili\u015fkilerinin olmad\u0131\u011f\u0131 bir toplum kurma tasar\u0131s\u0131 ger\u00e7ek\u00e7i midir? Otoriteyle ba\u011f kurmadan onu reddetmek m\u00fcmk\u00fcn m\u00fcd\u00fcr? Basit bir<span class=\"excerpt-hellip\"> [\u2026]<\/span><\/p>\n","protected":false},"featured_media":0,"template":"","meta":{"_monsterinsights_skip_tracking":false,"_monsterinsights_sitenote_active":false,"_monsterinsights_sitenote_note":"","_monsterinsights_sitenote_category":0},"product_brand":[],"product_cat":[12358,12357],"product_tag":[],"class_list":{"0":"post-696845","1":"product","2":"type-product","3":"status-publish","5":"product_cat-genel-psikoloji","6":"product_cat-psikoloji","7":"pa_cilt-ciltsiz","8":"pa_tur-kitap","9":"pa_yayinevi-ayrinti-yayinlari","10":"pa_yazar-richard-sennett","12":"first","13":"instock","14":"sale","15":"shipping-taxable","16":"purchasable","17":"product-type-simple"},"_links":{"self":[{"href":"https:\/\/roveyayinevi.com.tr\/index.php\/wp-json\/wp\/v2\/product\/696845","targetHints":{"allow":["GET"]}}],"collection":[{"href":"https:\/\/roveyayinevi.com.tr\/index.php\/wp-json\/wp\/v2\/product"}],"about":[{"href":"https:\/\/roveyayinevi.com.tr\/index.php\/wp-json\/wp\/v2\/types\/product"}],"wp:attachment":[{"href":"https:\/\/roveyayinevi.com.tr\/index.php\/wp-json\/wp\/v2\/media?parent=696845"}],"wp:term":[{"taxonomy":"product_brand","embeddable":true,"href":"https:\/\/roveyayinevi.com.tr\/index.php\/wp-json\/wp\/v2\/product_brand?post=696845"},{"taxonomy":"product_cat","embeddable":true,"href":"https:\/\/roveyayinevi.com.tr\/index.php\/wp-json\/wp\/v2\/product_cat?post=696845"},{"taxonomy":"product_tag","embeddable":true,"href":"https:\/\/roveyayinevi.com.tr\/index.php\/wp-json\/wp\/v2\/product_tag?post=696845"}],"curies":[{"name":"wp","href":"https:\/\/api.w.org\/{rel}","templated":true}]}}