{"id":696844,"date":"2025-08-27T14:36:55","date_gmt":"2025-08-27T11:36:55","guid":{"rendered":"https:\/\/roveyayinevi.com.tr\/index.php\/urun\/ninni\/"},"modified":"2026-04-16T02:06:45","modified_gmt":"2026-04-15T23:06:45","slug":"ninni","status":"publish","type":"product","link":"https:\/\/roveyayinevi.com.tr\/index.php\/urun\/ninni\/","title":{"rendered":"Ninni"},"content":{"rendered":"<p>\u201cDil uzaydan gelme bir vir\u00fcst\u00fcr!\u201d Chuck Palahniuk Ninni\u2019de William Burroughs\u2019un bu s\u00f6zlerinin devam\u0131n\u0131 getiriyor: Sallanmakta olan bir gevezelik kulesinde ya\u015f\u0131yoruz. Do\u011fal ya\u015fam katledildi\u011fi i\u00e7in yaln\u0131zca dilin karga\u015fa dolu d\u00fcnyas\u0131 kald\u0131 elimizde.Ve bir de \u00f6l\u00fcm \u015fark\u0131s\u0131\u2026Gazeteci Carl Streator, ani bebek \u00f6l\u00fcmleri \u00fczerine bir yaz\u0131 dizisi haz\u0131rlamakla g\u00f6revlendirilir. Ara\u015ft\u0131rmalar\u0131 s\u0131ras\u0131nda, \u00f6l\u00fcmler aras\u0131nda me\u015fum bir ba\u011f ke\u015ffeder: \u00d6l\u00fcm \u015fark\u0131s\u0131. Ak\u0131ldan ge\u00e7irildi\u011finde bile \u00f6l\u00fcmc\u00fcl bir silaht\u0131r bu. \u015eark\u0131n\u0131n h\u00e2kimiyetine giren Streator, istemese de bir seri katildir art\u0131k. Amac\u0131 ise daha fazla insan \u00f6ld\u00fcrmek de\u011fil, \u015fark\u0131n\u0131n yay\u0131lmas\u0131n\u0131 engellemektir. Hayaletli evlerin emlak\u00e7isi Helen Hoover Boyle ile birlikte, \u015fark\u0131y\u0131 avlamak i\u00e7in \u00fclke \u00e7ap\u0131nda bir yolculu\u011fa \u00e7\u0131karlar\u2026  B\u00fcy\u00fck Birader\u2019in \u015fark\u0131lar\u0131yla beslendi\u011finiz, k\u00fclt\u00fcr\u00fcn mallar\u0131yla uyu\u015fturuldu\u011funuz, New Age palavralar\u0131yla yumu\u015fat\u0131ld\u0131\u011f\u0131n\u0131z, reklamlarla uyutuldu\u011funuz ve devletin g\u00f6r\u00fcnmez, ama bask\u0131c\u0131 varl\u0131\u011f\u0131yla topyek\u00fbn ku\u015fat\u0131l\u0131p ahmakla\u015ft\u0131r\u0131ld\u0131\u011f\u0131n\u0131z, bile isteye tektiple\u015ftirildi\u011finiz Yeni D\u00fcnya\u2019ya ho\u015f geldiniz!Chuck Palahniuk Ninni\u2019de bu temalardan yola \u00e7\u0131karak dilin tehlikelerine dair rahats\u0131z edici bir fantezi ve sert d\u00f6n\u00fc\u015flerle \u00f6r\u00fcl\u00fc s\u0131k\u0131 bir deh\u015fet hik\u00e2yesi kuruyor. Ne var ki, iyiyle k\u00f6t\u00fcn\u00fcn sava\u015f\u0131 de\u011fil Ninni. Medya \u00c7a\u011f\u0131\u2019na, materyalizme ve t\u00fcketim hastal\u0131\u011f\u0131na y\u00f6nelen oklar sayesinde, yazar elindeki kartlar\u0131 kar\u0131\u015ft\u0131r\u0131yor ve iyilik sayd\u0131\u011f\u0131m\u0131z her \u015fey k\u00f6t\u00fcl\u00fc\u011fe kar\u0131\u015f\u0131yor. Size s\u00f6ylenen ninni, bu kez uykunuzu ka\u00e7\u0131r\u0131yor.B\u0131\u00e7ak keskinli\u011finde alay\u0131 ile yeralt\u0131na dalmaktan korkmayan bir edebiyat yap\u0131t\u0131. Ya t\u00fcket ya da \u00f6l diyen bir d\u00fcnyada, bir ninninin buz gibi kollar\u0131nda \u00f6zg\u00fcr iradeye do\u011fru ayk\u0131r\u0131 bir yolculuk\u2026\u201cAmerikan romanc\u0131lar\u0131n\u0131n en deli\u015fmeni Chuck Palahniuk yine tam on ikiden vuruyor. M\u00fcthi\u015f bir komik enerji, dolu dolu bir manik d\u00fc\u015flem, alev alev yakan bir ta\u015flama.\u201dNewsday<\/p>\n","protected":false},"excerpt":{"rendered":"<p>\u201cDil uzaydan gelme bir vir\u00fcst\u00fcr!\u201d Chuck Palahniuk Ninni\u2019de William Burroughs\u2019un bu s\u00f6zlerinin devam\u0131n\u0131 getiriyor: Sallanmakta olan bir gevezelik kulesinde ya\u015f\u0131yoruz. Do\u011fal ya\u015fam katledildi\u011fi i\u00e7in yaln\u0131zca dilin<span class=\"excerpt-hellip\"> [\u2026]<\/span><\/p>\n","protected":false},"featured_media":0,"template":"","meta":{"_monsterinsights_skip_tracking":false,"_monsterinsights_sitenote_active":false,"_monsterinsights_sitenote_note":"","_monsterinsights_sitenote_category":0},"product_brand":[],"product_cat":[12803,12291],"product_tag":[],"class_list":{"0":"post-696844","1":"product","2":"type-product","3":"status-publish","5":"product_cat-aksiyon-macera","6":"product_cat-edebiyat","7":"pa_cilt-ciltsiz","8":"pa_tur-kitap","9":"pa_yayinevi-ayrinti-yayinlari","10":"pa_yazar-chuck-palahniuk","12":"first","13":"instock","14":"sale","15":"shipping-taxable","16":"purchasable","17":"product-type-simple"},"_links":{"self":[{"href":"https:\/\/roveyayinevi.com.tr\/index.php\/wp-json\/wp\/v2\/product\/696844","targetHints":{"allow":["GET"]}}],"collection":[{"href":"https:\/\/roveyayinevi.com.tr\/index.php\/wp-json\/wp\/v2\/product"}],"about":[{"href":"https:\/\/roveyayinevi.com.tr\/index.php\/wp-json\/wp\/v2\/types\/product"}],"wp:attachment":[{"href":"https:\/\/roveyayinevi.com.tr\/index.php\/wp-json\/wp\/v2\/media?parent=696844"}],"wp:term":[{"taxonomy":"product_brand","embeddable":true,"href":"https:\/\/roveyayinevi.com.tr\/index.php\/wp-json\/wp\/v2\/product_brand?post=696844"},{"taxonomy":"product_cat","embeddable":true,"href":"https:\/\/roveyayinevi.com.tr\/index.php\/wp-json\/wp\/v2\/product_cat?post=696844"},{"taxonomy":"product_tag","embeddable":true,"href":"https:\/\/roveyayinevi.com.tr\/index.php\/wp-json\/wp\/v2\/product_tag?post=696844"}],"curies":[{"name":"wp","href":"https:\/\/api.w.org\/{rel}","templated":true}]}}