{"id":696842,"date":"2025-08-27T14:36:55","date_gmt":"2025-08-27T11:36:55","guid":{"rendered":"https:\/\/roveyayinevi.com.tr\/index.php\/urun\/musluman-kulturu\/"},"modified":"2026-04-16T02:06:44","modified_gmt":"2026-04-15T23:06:44","slug":"musluman-kulturu","status":"publish","type":"product","link":"https:\/\/roveyayinevi.com.tr\/index.php\/urun\/musluman-kulturu\/","title":{"rendered":"M\u00fcsl\u00fcman K\u00fclt\u00fcr\u00fc"},"content":{"rendered":"<p>V. V. Barthold\u2019un, 20. y\u00fczy\u0131l\u0131n ba\u015flar\u0131nda, yani yakla\u015f\u0131k y\u00fcz y\u0131l \u00f6nce kaleme ald\u0131\u011f\u0131 bu eser, M\u00fcsl\u00fcman d\u00fcnya, \u00f6zellikle de \u0130ran ve T\u00fcrkistan ara\u015ft\u0131rmalar\u0131nda toplumsal tarihyaz\u0131m\u0131na ve antropolojiye \u00f6nc\u00fcl\u00fck eden bir \u00e7al\u0131\u015fma olman\u0131n yan\u0131 s\u0131ra, oryantalist bak\u0131\u015f\u0131n \u00e7arp\u0131kl\u0131\u011f\u0131n\u0131 d\u00fczeltme ad\u0131na ilk onurlu \u00e7abalardan biridir. <\/p>\n","protected":false},"excerpt":{"rendered":"<p>V. V. Barthold\u2019un, 20. y\u00fczy\u0131l\u0131n ba\u015flar\u0131nda, yani yakla\u015f\u0131k y\u00fcz y\u0131l \u00f6nce kaleme ald\u0131\u011f\u0131 bu eser, M\u00fcsl\u00fcman d\u00fcnya, \u00f6zellikle de \u0130ran ve T\u00fcrkistan ara\u015ft\u0131rmalar\u0131nda toplumsal tarihyaz\u0131m\u0131na ve<span class=\"excerpt-hellip\"> [\u2026]<\/span><\/p>\n","protected":false},"featured_media":0,"template":"","meta":{"_monsterinsights_skip_tracking":false,"_monsterinsights_sitenote_active":false,"_monsterinsights_sitenote_note":"","_monsterinsights_sitenote_category":0},"product_brand":[],"product_cat":[13633,12324],"product_tag":[],"class_list":{"0":"post-696842","1":"product","2":"type-product","3":"status-publish","5":"product_cat-kultur-ve-bilim","6":"product_cat-sosyoloji","7":"pa_cilt-ciltsiz","8":"pa_tur-kitap","9":"pa_yayinevi-ayrinti-yayinlari","10":"pa_yazar-v-v-barthold","12":"first","13":"instock","14":"sale","15":"shipping-taxable","16":"purchasable","17":"product-type-simple"},"_links":{"self":[{"href":"https:\/\/roveyayinevi.com.tr\/index.php\/wp-json\/wp\/v2\/product\/696842","targetHints":{"allow":["GET"]}}],"collection":[{"href":"https:\/\/roveyayinevi.com.tr\/index.php\/wp-json\/wp\/v2\/product"}],"about":[{"href":"https:\/\/roveyayinevi.com.tr\/index.php\/wp-json\/wp\/v2\/types\/product"}],"wp:attachment":[{"href":"https:\/\/roveyayinevi.com.tr\/index.php\/wp-json\/wp\/v2\/media?parent=696842"}],"wp:term":[{"taxonomy":"product_brand","embeddable":true,"href":"https:\/\/roveyayinevi.com.tr\/index.php\/wp-json\/wp\/v2\/product_brand?post=696842"},{"taxonomy":"product_cat","embeddable":true,"href":"https:\/\/roveyayinevi.com.tr\/index.php\/wp-json\/wp\/v2\/product_cat?post=696842"},{"taxonomy":"product_tag","embeddable":true,"href":"https:\/\/roveyayinevi.com.tr\/index.php\/wp-json\/wp\/v2\/product_tag?post=696842"}],"curies":[{"name":"wp","href":"https:\/\/api.w.org\/{rel}","templated":true}]}}