{"id":696841,"date":"2025-08-27T14:36:55","date_gmt":"2025-08-27T11:36:55","guid":{"rendered":"https:\/\/roveyayinevi.com.tr\/index.php\/urun\/dovus-kulubu\/"},"modified":"2026-04-16T02:06:44","modified_gmt":"2026-04-15T23:06:44","slug":"dovus-kulubu","status":"publish","type":"product","link":"https:\/\/roveyayinevi.com.tr\/index.php\/urun\/dovus-kulubu\/","title":{"rendered":"D\u00f6v\u00fc\u015f Kul\u00fcb\u00fc"},"content":{"rendered":"<p>\u0130lk kez yay\u0131mland\u0131\u011f\u0131 1996\u2019dan beri bir yeralt\u0131 klasi\u011fi olarak an\u0131lan ve sinemaya da aktar\u0131lan D\u00f6v\u00fc\u015f Kul\u00fcb\u00fc, bir anti-\u00fctopya \u00f6yk\u00fcs\u00fcn\u00fc anlat\u0131yor. Ya\u015fad\u0131\u011f\u0131 hayattan nefret eden, \u00f6l\u00fcm d\u00fc\u015f\u00fcncesini saplant\u0131 haline getirmi\u015f, insani yak\u0131nl\u0131\u011f\u0131 kanser dayan\u0131\u015fma gruplar\u0131nda arayan gen\u00e7 bir adam. Ayn\u0131 dayan\u0131\u015fma gruplar\u0131n\u0131n bir ba\u015fka m\u00fcdavimi, toplum ka\u00e7k\u0131n\u0131 bir gen\u00e7 kad\u0131n. Ve Tyler Durden; yalanlar ve mutsuzlukla dolu bir d\u00fcnyaya kendi y\u00f6ntemleriyle sald\u0131ran yar\u0131 \u00e7\u0131lg\u0131n bir kurtar\u0131c\u0131, ba\u015ftan \u00e7\u0131kar\u0131c\u0131 bir intikam mele\u011fi. Tyler\u2019\u0131n felsefesine g\u00f6re, t\u00fcketim k\u00fclt\u00fcr\u00fcn\u00fcn uyu\u015fturucu etkisinden kurtulman\u0131n yolu, fiziksel ac\u0131yla tan\u0131\u015farak yeniden do\u011fmakt\u0131r. \u00c7ok ge\u00e7meden, gecenin ge\u00e7 saatlerinde bar bodrumlar\u0131nda toplanan gizli bir \u201cd\u00f6v\u00fc\u015f kul\u00fcb\u00fc\u201d, \u00fclkenin d\u00f6rt bir yan\u0131n\u0131 saracakt\u0131r. Ama Tyler\u2019\u0131n d\u00fcnyas\u0131nda s\u0131n\u0131rlara ve kurallara yer yoktur. Kendi bedenini \u00f6rseleyen bir m\u00fcritler ordusu, toplum d\u00fczenini ve konformizmi imha etmek \u00fczere Tyler\u2019\u0131n pe\u015fine tak\u0131l\u0131r&#8230; Chuck Palahniuk\u2019un ilk roman\u0131, t\u00fcketim k\u00fclt\u00fcr\u00fcne, h\u0131rs ve \u00fcst\u00fcnl\u00fck duygusuna, g\u00fczellik idealine ve i\u015f d\u00fcnyas\u0131na zehir zemberek bir ele\u015ftiri y\u00f6neltiyor. Palahniuk, karanl\u0131k bir mizahla destekledi\u011fi g\u00fc\u00e7l\u00fc ve \u00e7arp\u0131c\u0131 \u00fcslubuyla, ya\u015fad\u0131\u011f\u0131m\u0131z d\u00fcnyan\u0131n \u00e7irkin suretine ayna tutuyor. Son d\u00f6nemin en \u00f6zg\u00fcn, en sars\u0131c\u0131 romanlar\u0131 aras\u0131nda say\u0131lan D\u00f6v\u00fc\u015f Kul\u00fcb\u00fc bir klasik eser d\u00fczeyine ula\u015f\u0131yor&#8230; <\/p>\n","protected":false},"excerpt":{"rendered":"<p>\u0130lk kez yay\u0131mland\u0131\u011f\u0131 1996\u2019dan beri bir yeralt\u0131 klasi\u011fi olarak an\u0131lan ve sinemaya da aktar\u0131lan D\u00f6v\u00fc\u015f Kul\u00fcb\u00fc, bir anti-\u00fctopya \u00f6yk\u00fcs\u00fcn\u00fc anlat\u0131yor. Ya\u015fad\u0131\u011f\u0131 hayattan nefret eden, \u00f6l\u00fcm d\u00fc\u015f\u00fcncesini<span class=\"excerpt-hellip\"> [\u2026]<\/span><\/p>\n","protected":false},"featured_media":0,"template":"","meta":{"_monsterinsights_skip_tracking":false,"_monsterinsights_sitenote_active":false,"_monsterinsights_sitenote_note":"","_monsterinsights_sitenote_category":0},"product_brand":[],"product_cat":[12891,12291],"product_tag":[],"class_list":{"0":"post-696841","1":"product","2":"type-product","3":"status-publish","5":"product_cat-amerikan-edebiyati","6":"product_cat-edebiyat","7":"pa_cilt-ciltsiz","8":"pa_tur-kitap","9":"pa_yayinevi-ayrinti-yayinlari","10":"pa_yazar-chuck-palahniuk","12":"first","13":"instock","14":"sale","15":"shipping-taxable","16":"purchasable","17":"product-type-simple"},"_links":{"self":[{"href":"https:\/\/roveyayinevi.com.tr\/index.php\/wp-json\/wp\/v2\/product\/696841","targetHints":{"allow":["GET"]}}],"collection":[{"href":"https:\/\/roveyayinevi.com.tr\/index.php\/wp-json\/wp\/v2\/product"}],"about":[{"href":"https:\/\/roveyayinevi.com.tr\/index.php\/wp-json\/wp\/v2\/types\/product"}],"wp:attachment":[{"href":"https:\/\/roveyayinevi.com.tr\/index.php\/wp-json\/wp\/v2\/media?parent=696841"}],"wp:term":[{"taxonomy":"product_brand","embeddable":true,"href":"https:\/\/roveyayinevi.com.tr\/index.php\/wp-json\/wp\/v2\/product_brand?post=696841"},{"taxonomy":"product_cat","embeddable":true,"href":"https:\/\/roveyayinevi.com.tr\/index.php\/wp-json\/wp\/v2\/product_cat?post=696841"},{"taxonomy":"product_tag","embeddable":true,"href":"https:\/\/roveyayinevi.com.tr\/index.php\/wp-json\/wp\/v2\/product_tag?post=696841"}],"curies":[{"name":"wp","href":"https:\/\/api.w.org\/{rel}","templated":true}]}}