{"id":696840,"date":"2025-08-27T14:36:54","date_gmt":"2025-08-27T11:36:54","guid":{"rendered":"https:\/\/roveyayinevi.com.tr\/index.php\/urun\/murphy\/"},"modified":"2026-04-16T02:06:44","modified_gmt":"2026-04-15T23:06:44","slug":"murphy","status":"publish","type":"product","link":"https:\/\/roveyayinevi.com.tr\/index.php\/urun\/murphy\/","title":{"rendered":"Murphy"},"content":{"rendered":"<p>Murphy, bir Beckett anti-kahraman\u0131. Belli bir e\u011fitimden ge\u00e7mi\u015f. \u0130rlandal\u0131. Yaln\u0131z, edilgen ve tekbenci. Bir i\u015fte \u00e7al\u0131\u015fm\u0131yor. Tek mutlulu\u011fu sallanan bir koltu\u011fa kendini \u00e7\u0131r\u0131l\u00e7\u0131plak ba\u011flamak, i\u00e7 d\u00fcnyas\u0131na \u00e7ekilip orada yolculuklara \u00e7\u0131kmak&#8230; Celia, Murphy\u2019ye a\u015f\u0131k. Fahi\u015fe. Bedensel bir a\u015fkla sevilen ve d\u0131\u015f d\u00fcnyaya ait oldu\u011fu i\u00e7in Murphy\u2019nin reddetmek istedi\u011fi bir kad\u0131n&#8230; Murphy, pe\u015fini b\u0131rakmayan d\u0131\u015f d\u00fcnyadan ka\u00e7arken, s\u0131\u011f\u0131nd\u0131\u011f\u0131 ak\u0131l hastalar\u0131 taraf\u0131ndan da d\u0131\u015flan\u0131r&#8230; Kitab\u0131n traji-komik \u00f6yk\u00fcs\u00fc bu merkezi \u00e7eli\u015fki etraf\u0131nda geli\u015fir&#8230; Murphy, karamsarl\u0131ktan alaya, komikten traji-komi\u011fe, hayat\u0131n ruhsal ve fiziksel alanlar\u0131n\u0131 kapsayan izlekleriyle t\u00fcm ya\u015fam\u0131n delili\u011fini veya insan\u0131n insanl\u0131\u011f\u0131n\u0131 seslendirerek e\u011flenen bir roman. D\u00fc\u015f\u00fcnmek veya d\u00fc\u015f\u00fcnmemek isteyenlere&#8230;insanlara&#8230; \ufffcTan\u0131t\u0131m Metni<\/p>\n","protected":false},"excerpt":{"rendered":"<p>Murphy, bir Beckett anti-kahraman\u0131. Belli bir e\u011fitimden ge\u00e7mi\u015f. \u0130rlandal\u0131. Yaln\u0131z, edilgen ve tekbenci. Bir i\u015fte \u00e7al\u0131\u015fm\u0131yor. Tek mutlulu\u011fu sallanan bir koltu\u011fa kendini \u00e7\u0131r\u0131l\u00e7\u0131plak ba\u011flamak, i\u00e7 d\u00fcnyas\u0131na<span class=\"excerpt-hellip\"> [\u2026]<\/span><\/p>\n","protected":false},"featured_media":0,"template":"","meta":{"_monsterinsights_skip_tracking":false,"_monsterinsights_sitenote_active":false,"_monsterinsights_sitenote_note":"","_monsterinsights_sitenote_category":0},"product_brand":[],"product_cat":[12291,12866],"product_tag":[],"class_list":{"0":"post-696840","1":"product","2":"type-product","3":"status-publish","5":"product_cat-edebiyat","6":"product_cat-ingiliz-edebiyati","7":"pa_cilt-ciltsiz","8":"pa_tur-kitap","9":"pa_yayinevi-ayrinti-yayinlari","10":"pa_yazar-samuel-beckett","12":"first","13":"instock","14":"sale","15":"shipping-taxable","16":"purchasable","17":"product-type-simple"},"_links":{"self":[{"href":"https:\/\/roveyayinevi.com.tr\/index.php\/wp-json\/wp\/v2\/product\/696840","targetHints":{"allow":["GET"]}}],"collection":[{"href":"https:\/\/roveyayinevi.com.tr\/index.php\/wp-json\/wp\/v2\/product"}],"about":[{"href":"https:\/\/roveyayinevi.com.tr\/index.php\/wp-json\/wp\/v2\/types\/product"}],"wp:attachment":[{"href":"https:\/\/roveyayinevi.com.tr\/index.php\/wp-json\/wp\/v2\/media?parent=696840"}],"wp:term":[{"taxonomy":"product_brand","embeddable":true,"href":"https:\/\/roveyayinevi.com.tr\/index.php\/wp-json\/wp\/v2\/product_brand?post=696840"},{"taxonomy":"product_cat","embeddable":true,"href":"https:\/\/roveyayinevi.com.tr\/index.php\/wp-json\/wp\/v2\/product_cat?post=696840"},{"taxonomy":"product_tag","embeddable":true,"href":"https:\/\/roveyayinevi.com.tr\/index.php\/wp-json\/wp\/v2\/product_tag?post=696840"}],"curies":[{"name":"wp","href":"https:\/\/api.w.org\/{rel}","templated":true}]}}