{"id":696838,"date":"2025-08-27T14:36:54","date_gmt":"2025-08-27T11:36:54","guid":{"rendered":"https:\/\/roveyayinevi.com.tr\/index.php\/urun\/modernligin-sonuclari\/"},"modified":"2026-04-16T02:06:44","modified_gmt":"2026-04-15T23:06:44","slug":"modernligin-sonuclari","status":"publish","type":"product","link":"https:\/\/roveyayinevi.com.tr\/index.php\/urun\/modernligin-sonuclari\/","title":{"rendered":"Modernli\u011fin Sonu\u00e7lar\u0131"},"content":{"rendered":"<p>Neredeyse y\u00fcz elli y\u0131ld\u0131r modernle\u015fme ideolojisiyle y\u00f6nlendirilen bir \u00fclkede ya\u015f\u0131yoruz. D\u00fc\u015f\u00fcnce iklimimize, Ayd\u0131nlanma iyimserli\u011fi ve pozitivizmle malul bir  Bat\u0131c\u0131l\u0131k  ile tekrar tekrar gelenekler  icat ederek  (en son \u0130slamc\u0131l\u0131k bi\u00e7iminde)  \u00f6zk\u00fclt\u00fcr\u00fcm\u00fcze  d\u00f6nmekten yana olan bir  gelenek\u00e7ilik  aras\u0131ndaki k\u0131s\u0131r \u00e7eki\u015fme hakim! Daha kimse modernli\u011fin ne oldu\u011fu konusunda net bir g\u00f6r\u00fc\u015fe sahip de\u011filken, i\u015fin i\u00e7ine postmodernlik tart\u0131\u015fmalar\u0131 da girince manzara iyice tuhafla\u015ft\u0131. Postmoderni, modernlik \u00f6ncesi d\u00f6n\u00fc\u015f imkan\u0131 olarak \u00e7arp\u0131tanlar da \u00e7\u0131karken; solun malum bir kesimi bunu yeni bir t\u00fcr gericilik diye g\u00f6r\u00fcp rehavetini s\u00fcrd\u00fcrmeyi se\u00e7ti. Biz, modernlikle ilgili tart\u0131\u015fmalar\u0131n sosyalist solun kendini yeniden tan\u0131mlama giri\u015fimiyle do\u011frudan ilintili oldu\u011funu d\u00fc\u015f\u00fcn\u00fcyor ve bu tart\u0131malar\u0131 vazge\u00e7ilmez buluyoruz. Anthony Giddens\u2019\u0131n  Modernli\u011fin Sonu\u00e7lar\u0131  adl\u0131 yap\u0131t\u0131 postmodern bir d\u00f6neme ge\u00e7ildi\u011fini reddetmesiyle ve modernli\u011fin do\u011fas\u0131n\u0131 a\u00e7\u0131\u011fa \u00e7\u0131karmak i\u00e7in bir dizi yeni kavram geli\u015ftirmesiyle son derece \u00f6zg\u00fcn bir kitap. Ona g\u00f6re postmodern bir d\u00f6nemde de\u011fil modernli\u011fin sonu\u00e7lar\u0131n\u0131n radikalle\u015fip evrenselle\u015fti\u011fi bir d\u00f6nemde ya\u015f\u0131yoruz. Modernli\u011fin temel parametreleri olan kapitalizm, end\u00fcstriyalizm ve ulus-devlet belirleyici \u00f6nemlerini hala s\u00fcrd\u00fcr\u00fcyorlar. Ancak Giddens bu tespitten daha \u00f6teye gidiyor. Risk-g\u00fcven, zaman-uzam uzakla\u015fmas\u0131, soyut uzmanl\u0131k sistemleri, k\u00fcreselle\u015fme ve ontolojik g\u00fcvenlik gibi kavramlar \u00fczerinde durarak modernli\u011fe \u00f6zg\u00fc kurumlar\u0131n insanlar\u0131n d\u00fcnyay\u0131 ve kendilerini alg\u0131lay\u0131\u015f bi\u00e7imlerini nas\u0131l k\u00f6kl\u00fc ve geri d\u00f6n\u00fc\u015fs\u00fcz bir bi\u00e7imde de\u011fi\u015ftirdi\u011fini g\u00f6zler \u00f6n\u00fcne seriyor. Modernlik s\u00fcrecinin \u00e7ok \u00f6nemli bir boyutunun, ki\u015finin kendisi hakk\u0131nda s\u00fcrekli d\u00fc\u015f\u00fcnce \u00fcretip bu d\u00fc\u015f\u00fcnceleri kendi yap\u0131s\u0131n\u0131n bir par\u00e7as\u0131 haline getirmesi, yani d\u00fc\u015f\u00fcn\u00fcmselli\u011fi oldu\u011funu belirtiyor. Modernlik bir yandan insanlar\u0131n \u00e7o\u011fu i\u00e7in daha g\u00fcvenlikli ve zengin bir hayat\u0131n yolunu a\u00e7arken, bir yandan da kar\u015f\u0131 \u00e7\u0131k\u0131lmazsa yery\u00fcz\u00fcndeki insan hayat\u0131n\u0131n sonunu getirecek global risklere de sahiptir (askeri g\u00fcc\u00fcn korkutucu oranlarda b\u00fcy\u00fcmesi, \u00e7evre felaketi, otoriter y\u00f6netim bi\u00e7imleri vs.) diyor. Bu anlamda modernli\u011fin  \u00f6tesine  ge\u00e7mek i\u00e7in de yeni toplumsal hareketlerin ba\u015f\u0131n\u0131 \u00e7ekti\u011fi \u00f6zg\u00fcrle\u015fme politikalar\u0131n\u0131n yan\u0131nda, insanlar\u0131n kendilerini birer proje olarak in\u015fa etmelerine dayanan ya\u015fam politikalar\u0131 geli\u015ftirme gereklili\u011fine i\u015faret ediyor. \u0130nsanl\u0131\u011f\u0131n i\u00e7inde bulundu\u011fu durumu ve gelecekten neler umabilece\u011fimizi anlamak i\u00e7in son derece \u00f6nemli bir kitap. <\/p>\n","protected":false},"excerpt":{"rendered":"<p>Neredeyse y\u00fcz elli y\u0131ld\u0131r modernle\u015fme ideolojisiyle y\u00f6nlendirilen bir \u00fclkede ya\u015f\u0131yoruz. D\u00fc\u015f\u00fcnce iklimimize, Ayd\u0131nlanma iyimserli\u011fi ve pozitivizmle malul bir Bat\u0131c\u0131l\u0131k ile tekrar tekrar gelenekler icat ederek (en<span class=\"excerpt-hellip\"> [\u2026]<\/span><\/p>\n","protected":false},"featured_media":0,"template":"","meta":{"_monsterinsights_skip_tracking":false,"_monsterinsights_sitenote_active":false,"_monsterinsights_sitenote_note":"","_monsterinsights_sitenote_category":0},"product_brand":[],"product_cat":[12388,15309],"product_tag":[],"class_list":{"0":"post-696838","1":"product","2":"type-product","3":"status-publish","5":"product_cat-felsefe","6":"product_cat-felsefi-akimlar","7":"pa_cilt-ciltsiz","8":"pa_tur-kitap","9":"pa_yayinevi-ayrinti-yayinlari","10":"pa_yazar-anthony-giddens","12":"first","13":"instock","14":"sale","15":"shipping-taxable","16":"purchasable","17":"product-type-simple"},"_links":{"self":[{"href":"https:\/\/roveyayinevi.com.tr\/index.php\/wp-json\/wp\/v2\/product\/696838","targetHints":{"allow":["GET"]}}],"collection":[{"href":"https:\/\/roveyayinevi.com.tr\/index.php\/wp-json\/wp\/v2\/product"}],"about":[{"href":"https:\/\/roveyayinevi.com.tr\/index.php\/wp-json\/wp\/v2\/types\/product"}],"wp:attachment":[{"href":"https:\/\/roveyayinevi.com.tr\/index.php\/wp-json\/wp\/v2\/media?parent=696838"}],"wp:term":[{"taxonomy":"product_brand","embeddable":true,"href":"https:\/\/roveyayinevi.com.tr\/index.php\/wp-json\/wp\/v2\/product_brand?post=696838"},{"taxonomy":"product_cat","embeddable":true,"href":"https:\/\/roveyayinevi.com.tr\/index.php\/wp-json\/wp\/v2\/product_cat?post=696838"},{"taxonomy":"product_tag","embeddable":true,"href":"https:\/\/roveyayinevi.com.tr\/index.php\/wp-json\/wp\/v2\/product_tag?post=696838"}],"curies":[{"name":"wp","href":"https:\/\/api.w.org\/{rel}","templated":true}]}}