{"id":696835,"date":"2025-08-27T14:36:45","date_gmt":"2025-08-27T11:36:45","guid":{"rendered":"https:\/\/roveyayinevi.com.tr\/index.php\/urun\/divan-2\/"},"modified":"2026-04-16T02:06:44","modified_gmt":"2026-04-15T23:06:44","slug":"divan-2","status":"publish","type":"product","link":"https:\/\/roveyayinevi.com.tr\/index.php\/urun\/divan-2\/","title":{"rendered":"Divan"},"content":{"rendered":"<p>Nietzsche A\u011flad\u0131\u011f\u0131nda ile tan\u0131nan yazar Irvin D. Yalom\u2019dan yine bir \u201ck\u00fclt\u201d roman: Divan. Yine yo\u011fun, \u015fa\u015f\u0131rt\u0131c\u0131 ve s\u00fcr\u00fckleyici&#8230; ZAMAN Tam bir ileti\u015fim bombard\u0131man\u0131na maruz kal\u0131rken en yak\u0131n\u0131m\u0131za bile dokunmakta sorunlar ya\u015fad\u0131\u011f\u0131m\u0131z modern zamanlar. B\u00fct\u00fcn mahremiyet dengelerinin bozuldu\u011fu, \u201c\u00f6zel hayat\u201d tecav\u00fczc\u00fcleri ve te\u015fhircilerle dolu bug\u00fcn\u00fcn d\u00fcnyas\u0131. MEK\u00c2N Psikiyatrist ve hastan\u0131n birbirlerine a\u00e7\u0131ld\u0131klar\u0131, birbirlerini teslim almaya \u00e7al\u0131\u015ft\u0131klar\u0131, yalan s\u00f6yledikleri, sevi\u015ftikleri bir t\u00fcr mahremiyet koltu\u011fu: Divan. Ya da \u201coyun yeri.\u201d AKT\u00d6RLER Sahicilik ve samimiyet arayanlar. \u0130\u00e7i ac\u0131yanlar. Dokunma ve konu\u015fma yetene\u011fini yitirenler. Kendisiyle y\u00fczle\u015fmeyi beceremeyenler. Tanr\u0131 arayanlar. Yaln\u0131zlar. Dola*nd\u0131r\u0131c\u0131lar. Ve zaman\u0131m\u0131z\u0131n vazge\u00e7ilmezleri aras\u0131ndaki yerlerini giderek sa\u011flamla\u015ft\u0131ran psikiyatristler. KONU Yak\u0131nlar\u0131m\u0131zla ya\u015fayamad\u0131\u011f\u0131m\u0131z mahremiyeti bir kurum olarak payla\u015fan psikiyatristlerin ne \u00f6l\u00e7\u00fcde sahici ve samimi olduklar\u0131. Psikiyatrist ve hastas\u0131 aras\u0131ndaki mahremiyetin s\u0131n\u0131rlar\u0131; seksin terapideki (varsa) yeri. Hayal ve hakikat ili\u015fkisi. En mahrem s\u0131rlar\u0131m\u0131za v\u00e2k\u0131f olan psikiyatristlerin bu \u201cmahrem y\u00fckler\u201di ta\u015f\u0131rken kendi mahremiyetlerindeki dalgalanmalar kar\u015f\u0131s\u0131nda nas\u0131l t\u00f6kezledikleri.Gen\u00e7 bir hekim, Amerikan Psikiyatri Birli\u011fi\u2019nin ba\u015fkanl\u0131\u011f\u0131n\u0131 yapm\u0131\u015f, \u015fimdi ise hastas\u0131yla cinsel ili\u015fkiye girmekle su\u00e7lanan bir meslekta\u015f\u0131n\u0131 sorgulamakla g\u00f6revlendirilir. Su\u00e7lanan psikiyatrist, kat\u0131 kurallara dayal\u0131 hasta-hekim ili\u015fkisinin a\u015f\u0131lmas\u0131n\u0131 savunmaktad\u0131r: \u201cBenim tekni\u011fim, her t\u00fcrl\u00fc tekni\u011fi bir yana b\u0131rakmakt\u0131r\u201d der. Gen\u00e7 hekimin t\u00fcm ya\u015fam\u0131n\u0131 de\u011fi\u015ftirecek olan bu g\u00f6r\u00fc\u015fmeyle birlikte sevgi, hakikat, otorite, do\u011fruluk, kibir, h\u0131n\u00e7&#8230; ve yalan \u00fczerine, \u201ci\u00e7eriden anlat\u0131lan\u201d bir yolculuk ba\u015flar. <\/p>\n","protected":false},"excerpt":{"rendered":"<p>Nietzsche A\u011flad\u0131\u011f\u0131nda ile tan\u0131nan yazar Irvin D. Yalom\u2019dan yine bir \u201ck\u00fclt\u201d roman: Divan. Yine yo\u011fun, \u015fa\u015f\u0131rt\u0131c\u0131 ve s\u00fcr\u00fckleyici&#8230; ZAMAN Tam bir ileti\u015fim bombard\u0131man\u0131na maruz kal\u0131rken en<span class=\"excerpt-hellip\"> [\u2026]<\/span><\/p>\n","protected":false},"featured_media":0,"template":"","meta":{"_monsterinsights_skip_tracking":false,"_monsterinsights_sitenote_active":false,"_monsterinsights_sitenote_note":"","_monsterinsights_sitenote_category":0},"product_brand":[],"product_cat":[12891,12291],"product_tag":[],"class_list":{"0":"post-696835","1":"product","2":"type-product","3":"status-publish","5":"product_cat-amerikan-edebiyati","6":"product_cat-edebiyat","7":"pa_cilt-ciltsiz","8":"pa_tur-kitap","9":"pa_yayinevi-ayrinti-yayinlari","10":"pa_yazar-irvin-d-yalom","12":"first","13":"instock","14":"sale","15":"shipping-taxable","16":"purchasable","17":"product-type-simple"},"_links":{"self":[{"href":"https:\/\/roveyayinevi.com.tr\/index.php\/wp-json\/wp\/v2\/product\/696835","targetHints":{"allow":["GET"]}}],"collection":[{"href":"https:\/\/roveyayinevi.com.tr\/index.php\/wp-json\/wp\/v2\/product"}],"about":[{"href":"https:\/\/roveyayinevi.com.tr\/index.php\/wp-json\/wp\/v2\/types\/product"}],"wp:attachment":[{"href":"https:\/\/roveyayinevi.com.tr\/index.php\/wp-json\/wp\/v2\/media?parent=696835"}],"wp:term":[{"taxonomy":"product_brand","embeddable":true,"href":"https:\/\/roveyayinevi.com.tr\/index.php\/wp-json\/wp\/v2\/product_brand?post=696835"},{"taxonomy":"product_cat","embeddable":true,"href":"https:\/\/roveyayinevi.com.tr\/index.php\/wp-json\/wp\/v2\/product_cat?post=696835"},{"taxonomy":"product_tag","embeddable":true,"href":"https:\/\/roveyayinevi.com.tr\/index.php\/wp-json\/wp\/v2\/product_tag?post=696835"}],"curies":[{"name":"wp","href":"https:\/\/api.w.org\/{rel}","templated":true}]}}