{"id":696834,"date":"2025-08-27T14:36:45","date_gmt":"2025-08-27T11:36:45","guid":{"rendered":"https:\/\/roveyayinevi.com.tr\/index.php\/urun\/devrimin-zamani\/"},"modified":"2026-04-16T02:06:44","modified_gmt":"2026-04-15T23:06:44","slug":"devrimin-zamani","status":"publish","type":"product","link":"https:\/\/roveyayinevi.com.tr\/index.php\/urun\/devrimin-zamani\/","title":{"rendered":"Devrimin Zaman\u0131"},"content":{"rendered":"<p>Devrimin Zaman\u0131 Negri\u2019nin d\u00fc\u015f\u00fcncesinin yirmi y\u0131ll\u0131k geli\u015fimini, \u00f6zellikle imparatorluk ve \u00e7okluk gibi iki anahtar kavram\u0131n\u0131 ortaya \u00e7\u0131k\u0131\u015f\u0131n\u0131 ve serili\u015fini izleyen bir kitap; d\u00fc\u015f\u00fcn\u00fcr\u00fcn Zaman\u0131n Olu\u015fumu ba\u015fl\u0131kl\u0131 yaz\u0131s\u0131yla, Kairos, Alma Venus, Multitudo adl\u0131 kitab\u0131ndan olu\u015fuyor. \ufffcTan\u0131t\u0131m Metni<\/p>\n","protected":false},"excerpt":{"rendered":"<p>Devrimin Zaman\u0131 Negri\u2019nin d\u00fc\u015f\u00fcncesinin yirmi y\u0131ll\u0131k geli\u015fimini, \u00f6zellikle imparatorluk ve \u00e7okluk gibi iki anahtar kavram\u0131n\u0131 ortaya \u00e7\u0131k\u0131\u015f\u0131n\u0131 ve serili\u015fini izleyen bir kitap; d\u00fc\u015f\u00fcn\u00fcr\u00fcn Zaman\u0131n Olu\u015fumu ba\u015fl\u0131kl\u0131<span class=\"excerpt-hellip\"> [\u2026]<\/span><\/p>\n","protected":false},"featured_media":0,"template":"","meta":{"_monsterinsights_skip_tracking":false,"_monsterinsights_sitenote_active":false,"_monsterinsights_sitenote_note":"","_monsterinsights_sitenote_category":0},"product_brand":[],"product_cat":[12305,12304],"product_tag":[],"class_list":{"0":"post-696834","1":"product","2":"type-product","3":"status-publish","5":"product_cat-dunya-tarihi","6":"product_cat-tarih","7":"pa_cilt-ciltsiz","8":"pa_tur-kitap","9":"pa_yayinevi-ayrinti-yayinlari","10":"pa_yazar-antonio-negri","12":"first","13":"instock","14":"sale","15":"shipping-taxable","16":"purchasable","17":"product-type-simple"},"_links":{"self":[{"href":"https:\/\/roveyayinevi.com.tr\/index.php\/wp-json\/wp\/v2\/product\/696834","targetHints":{"allow":["GET"]}}],"collection":[{"href":"https:\/\/roveyayinevi.com.tr\/index.php\/wp-json\/wp\/v2\/product"}],"about":[{"href":"https:\/\/roveyayinevi.com.tr\/index.php\/wp-json\/wp\/v2\/types\/product"}],"wp:attachment":[{"href":"https:\/\/roveyayinevi.com.tr\/index.php\/wp-json\/wp\/v2\/media?parent=696834"}],"wp:term":[{"taxonomy":"product_brand","embeddable":true,"href":"https:\/\/roveyayinevi.com.tr\/index.php\/wp-json\/wp\/v2\/product_brand?post=696834"},{"taxonomy":"product_cat","embeddable":true,"href":"https:\/\/roveyayinevi.com.tr\/index.php\/wp-json\/wp\/v2\/product_cat?post=696834"},{"taxonomy":"product_tag","embeddable":true,"href":"https:\/\/roveyayinevi.com.tr\/index.php\/wp-json\/wp\/v2\/product_tag?post=696834"}],"curies":[{"name":"wp","href":"https:\/\/api.w.org\/{rel}","templated":true}]}}