{"id":696833,"date":"2025-08-27T14:36:45","date_gmt":"2025-08-27T11:36:45","guid":{"rendered":"https:\/\/roveyayinevi.com.tr\/index.php\/urun\/daniel-martin\/"},"modified":"2026-04-16T02:06:44","modified_gmt":"2026-04-15T23:06:44","slug":"daniel-martin","status":"publish","type":"product","link":"https:\/\/roveyayinevi.com.tr\/index.php\/urun\/daniel-martin\/","title":{"rendered":"Daniel Martin"},"content":{"rendered":"<p>Fowles\u2019un anlat\u0131 kurma ve hik\u00e2ye etme becerisinin belki de en g\u00fczel \u00f6rne\u011fi olan Daniel Martin yazar\u0131n kariyerinin en \u00f6nemli romanlar\u0131ndan birisi. Otobiyografik \u00f6zellikler ta\u015f\u0131yan bu ilk ve tek roman\u0131nda Fowles, an\u0131lar e\u015fli\u011finde ge\u00e7mi\u015fin izini s\u00fcren Daniel\u2019in hik\u00e2yesini anlat\u0131yor. \u201cFlashback\u201dlerle zaman i\u00e7inde s\u00fcrekli devinen hik\u00e2yede, pek \u00e7ok anlat\u0131 tekni\u011fi ve roman i\u00e7inde roman kurgusuyla kar\u015f\u0131la\u015facaks\u0131n\u0131z. \u00c7ocuklu\u011fundan yeti\u015fkinli\u011fine, yeti\u015fkinli\u011finden gen\u00e7li\u011fine s\u0131ralama g\u00f6zetmeksizin, \u00e7a\u011fr\u0131\u015f\u0131mlarla s\u0131\u00e7rayan anlat\u0131 Oxford \u00dcniversitesi kamp\u00fcs\u00fcnden \u0130sko\u00e7ya\u2019daki bir k\u0131r evine, Nil \u00fczerindeki tekne gezintilerinden Hollywood st\u00fcdyolar\u0131na kadar geni\u015f bir alana yay\u0131l\u0131yor. Roman\u0131n\u0131n, \u0130ngiliz kimli\u011fini, daha do\u011frusu 20. y\u00fczy\u0131l\u0131n sonlar\u0131nda \u0130ngiliz olman\u0131n anlam\u0131n\u0131 sorgulad\u0131\u011f\u0131n\u0131 s\u00f6ylemi\u015ftir Fowles. Ancak \u201c\u00e7ok katmanl\u0131 \u00f6yk\u00fclemenin, yan\u0131lsama ve kendini aldatma temalar\u0131n\u0131n ve belirsiz b\u0131rak\u0131lm\u0131\u015f sonlar\u0131n ustas\u0131\u201d say\u0131lan yazar\u0131n \u0130ngilizlik ile birlikte \u00e7ok say\u0131da meseleyi tart\u0131\u015ft\u0131\u011f\u0131 a\u015fik\u00e2r. Zira estetik, felsefe, k\u00fclt\u00fcrel tarih, \u0130ngiltere ve ABD aras\u0131ndaki farklar, arkeoloji ve mitler \u00fczerine g\u00f6zlem ve yorumlar bazen hik\u00e2ye ve karakterler kadar \u00f6nem kazan\u0131yor. Daniel Martin d\u00fc\u015f k\u0131r\u0131kl\u0131klar\u0131n\u0131n, hayal edilenle imk\u00e2ns\u0131zl\u0131k aras\u0131ndaki gerilimin, payla\u015f\u0131lan de\u011ferlerden kopu\u015flar\u0131n ve sessizli\u011fin hik\u00e2yesi. Fowles d\u0131\u015f d\u00fcnyan\u0131n sert kabu\u011fu ile hayal g\u00fcc\u00fcn\u00fcn esnek i\u00e7 d\u00fcnyas\u0131 aras\u0131ndaki dengeyi sessizliklerle yakalam\u0131\u015f. Sessizli\u011fi b\u0131\u00e7ak gibi kullan\u0131yor. Toplumdan yal\u0131t\u0131k, yaln\u0131z kalm\u0131\u015f roman ki\u015filerinin zihninden ge\u00e7enlerle dile getirdikleri aras\u0131ndaki uzakl\u0131k, bo\u015fluk, k\u0131sacas\u0131 s\u00f6ylenmeyenler sessizli\u011fin g\u00fcc\u00fcn\u00fc art\u0131r\u0131yor. <\/p>\n","protected":false},"excerpt":{"rendered":"<p>Fowles\u2019un anlat\u0131 kurma ve hik\u00e2ye etme becerisinin belki de en g\u00fczel \u00f6rne\u011fi olan Daniel Martin yazar\u0131n kariyerinin en \u00f6nemli romanlar\u0131ndan birisi. Otobiyografik \u00f6zellikler ta\u015f\u0131yan bu ilk<span class=\"excerpt-hellip\"> [\u2026]<\/span><\/p>\n","protected":false},"featured_media":0,"template":"","meta":{"_monsterinsights_skip_tracking":false,"_monsterinsights_sitenote_active":false,"_monsterinsights_sitenote_note":"","_monsterinsights_sitenote_category":0},"product_brand":[],"product_cat":[12291,12866],"product_tag":[],"class_list":{"0":"post-696833","1":"product","2":"type-product","3":"status-publish","5":"product_cat-edebiyat","6":"product_cat-ingiliz-edebiyati","7":"pa_cilt-ciltsiz","8":"pa_tur-kitap","9":"pa_yayinevi-ayrinti-yayinlari","10":"pa_yazar-john-fowles","12":"first","13":"instock","14":"sale","15":"shipping-taxable","16":"purchasable","17":"product-type-simple"},"_links":{"self":[{"href":"https:\/\/roveyayinevi.com.tr\/index.php\/wp-json\/wp\/v2\/product\/696833","targetHints":{"allow":["GET"]}}],"collection":[{"href":"https:\/\/roveyayinevi.com.tr\/index.php\/wp-json\/wp\/v2\/product"}],"about":[{"href":"https:\/\/roveyayinevi.com.tr\/index.php\/wp-json\/wp\/v2\/types\/product"}],"wp:attachment":[{"href":"https:\/\/roveyayinevi.com.tr\/index.php\/wp-json\/wp\/v2\/media?parent=696833"}],"wp:term":[{"taxonomy":"product_brand","embeddable":true,"href":"https:\/\/roveyayinevi.com.tr\/index.php\/wp-json\/wp\/v2\/product_brand?post=696833"},{"taxonomy":"product_cat","embeddable":true,"href":"https:\/\/roveyayinevi.com.tr\/index.php\/wp-json\/wp\/v2\/product_cat?post=696833"},{"taxonomy":"product_tag","embeddable":true,"href":"https:\/\/roveyayinevi.com.tr\/index.php\/wp-json\/wp\/v2\/product_tag?post=696833"}],"curies":[{"name":"wp","href":"https:\/\/api.w.org\/{rel}","templated":true}]}}