{"id":696829,"date":"2025-08-27T14:36:44","date_gmt":"2025-08-27T11:36:44","guid":{"rendered":"https:\/\/roveyayinevi.com.tr\/index.php\/urun\/pontus-euxinos-kemence-ve-horon\/"},"modified":"2026-04-16T02:06:44","modified_gmt":"2026-04-15T23:06:44","slug":"pontus-euxinos-kemence-ve-horon","status":"publish","type":"product","link":"https:\/\/roveyayinevi.com.tr\/index.php\/urun\/pontus-euxinos-kemence-ve-horon\/","title":{"rendered":"Pontus Euxinos Kemen\u00e7e ve Horon"},"content":{"rendered":"<p>Aba z\u0131pka giymi\u015f, yay ka\u015fl\u0131 gen\u00e7ler deliriyorlar horon kurulunca. Yay s\u00fcr\u00fcl\u00fcnce tellere ve yaya s\u00fcr\u00fclm\u00fc\u015f ok gibi f\u0131rlay\u0131nca horon oyuncular\u0131, rit antik ruhuyla yeniden tekrarlanacak, yer g\u0131rganacak, terler akacak, hu\u015fu i\u00e7inde toprak konuklar\u0131n\u0131, tepinseler de \u00fcst\u00fcnde keyifle a\u011f\u0131rlayacak. Sibirya\u2019n\u0131n tundralar\u0131ndan a\u015f\u0131p gelen \u015eamanlar\u0131n, b\u00fcy\u00fcl\u00fc t\u00f6renleri boyut de\u011fi\u015ftirmi\u015f gibi olsa da, \u00f6zde ayn\u0131 \u015feyi yans\u0131l\u0131yorlar yine. A\u00e7elyalar\u0131n \u00e7eneklerine f\u0131s\u0131ldayan kelebekler, bu tiz kemen\u00e7e t\u0131n\u0131s\u0131yla irkiliyorlar.Tepeleri titre\u015ftiriyor ayaklar\u0131n tepikleri. Omzunda mavzer, \u0131ss\u0131z tepeleri ke\u015ffe \u00e7\u0131km\u0131\u015f asi ruhlu erkekler, yurt benim der de ba\u015fka bir \u015fey bilmezler. Kemen\u00e7enin sesi, yeri yar\u0131yor; k\u00fc\u00e7\u00fck \u00f6l\u00e7ekli bir art\u00e7\u0131 sars\u0131nt\u0131dan ba\u015fkas\u0131 de\u011fil tekrarlanan. Afur ve afili k\u0131zlar, afeti olmak i\u00e7in birilerinin oyunun sihirli havas\u0131nda, ba\u015flar\u0131nda esrik r\u00fczgarlara inat, savruluyorlar. Nazenin de\u011fil burada sevgililer. Lakin dik ve sert s\u00f6zl\u00fc, yi\u011fitlikle sevmekteler birbirlerini.  Seversen sev, sevince s\u00f6ze de ne gerek var. Dercesine oyundan i\u015fmar ediyor sevdal\u0131s\u0131na k\u0131zlar, o\u011flanlar. <\/p>\n","protected":false},"excerpt":{"rendered":"<p>Aba z\u0131pka giymi\u015f, yay ka\u015fl\u0131 gen\u00e7ler deliriyorlar horon kurulunca. Yay s\u00fcr\u00fcl\u00fcnce tellere ve yaya s\u00fcr\u00fclm\u00fc\u015f ok gibi f\u0131rlay\u0131nca horon oyuncular\u0131, rit antik ruhuyla yeniden tekrarlanacak, yer<span class=\"excerpt-hellip\"> [\u2026]<\/span><\/p>\n","protected":false},"featured_media":0,"template":"","meta":{"_monsterinsights_skip_tracking":false,"_monsterinsights_sitenote_active":false,"_monsterinsights_sitenote_note":"","_monsterinsights_sitenote_category":0},"product_brand":[],"product_cat":[13633,12324],"product_tag":[],"class_list":{"0":"post-696829","1":"product","2":"type-product","3":"status-publish","5":"product_cat-kultur-ve-bilim","6":"product_cat-sosyoloji","7":"pa_tur-kitap","8":"pa_yayinevi-berikan-yayinlari","9":"pa_yazar-ali-karadeniz","11":"first","12":"instock","13":"sale","14":"shipping-taxable","15":"purchasable","16":"product-type-simple"},"_links":{"self":[{"href":"https:\/\/roveyayinevi.com.tr\/index.php\/wp-json\/wp\/v2\/product\/696829","targetHints":{"allow":["GET"]}}],"collection":[{"href":"https:\/\/roveyayinevi.com.tr\/index.php\/wp-json\/wp\/v2\/product"}],"about":[{"href":"https:\/\/roveyayinevi.com.tr\/index.php\/wp-json\/wp\/v2\/types\/product"}],"wp:attachment":[{"href":"https:\/\/roveyayinevi.com.tr\/index.php\/wp-json\/wp\/v2\/media?parent=696829"}],"wp:term":[{"taxonomy":"product_brand","embeddable":true,"href":"https:\/\/roveyayinevi.com.tr\/index.php\/wp-json\/wp\/v2\/product_brand?post=696829"},{"taxonomy":"product_cat","embeddable":true,"href":"https:\/\/roveyayinevi.com.tr\/index.php\/wp-json\/wp\/v2\/product_cat?post=696829"},{"taxonomy":"product_tag","embeddable":true,"href":"https:\/\/roveyayinevi.com.tr\/index.php\/wp-json\/wp\/v2\/product_tag?post=696829"}],"curies":[{"name":"wp","href":"https:\/\/api.w.org\/{rel}","templated":true}]}}