{"id":696822,"date":"2025-08-27T14:36:42","date_gmt":"2025-08-27T11:36:42","guid":{"rendered":"https:\/\/roveyayinevi.com.tr\/index.php\/urun\/dur-bir-mola-ver\/"},"modified":"2026-04-16T02:06:44","modified_gmt":"2026-04-15T23:06:44","slug":"dur-bir-mola-ver","status":"publish","type":"product","link":"https:\/\/roveyayinevi.com.tr\/index.php\/urun\/dur-bir-mola-ver\/","title":{"rendered":"Dur Bir Mola Ver"},"content":{"rendered":"<p>K\u0131sa s\u00fcrede kendi hayran kitlesini yaratarak bir  k\u00fclt roman a d\u00f6n\u00fc\u015fen Parf\u00fcm\u00fcn Dans\u0131\u2019n\u0131n yazar\u0131 Tom Robbins\u2019ten ba\u015fka bir u\u00e7ar\u0131, oyuncul, bilge roman: Dur Bir Mola Ver. Yazar bu romanda, insan\u0131n ac\u0131 \u00e7ekmesini, \u00f6zg\u00fcr ve mutlu olamamas\u0131n\u0131 do\u011fadan kopmas\u0131na, kazanma h\u0131rs\u0131, kaybetme kayg\u0131s\u0131 ve \u00f6l\u00fcm korkusu gibi  do\u011fad\u0131\u015f\u0131  gerginlikler edinmesine ba\u011fl\u0131yor. Ve b\u00fct\u00fcn bunlara neden olan otoriter, teknolojiye tap\u0131nan ve ekonomiyi sa\u011fl\u0131ktan, sevgiden, hakikatten, g\u00fczellik ve seksten \u00fcst\u00fcn tutan modern medeniyeti su\u00e7luyor. Emir, sans\u00fcr, \u00f6d\u00fcl ve ceza ile sistemi ayakta tutan politikac\u0131lar\u0131n, askerlerin ve din adamlar\u0131n\u0131n do\u011fadan, dolay\u0131s\u0131yla hayattan korktuklar\u0131n\u0131 belirtiyor. \u00d6zg\u00fcr ve ne\u015feli bir hayat yerine  istikrar \u0131 ama\u00e7layan bir hayata maruz kalmam\u0131zda dinin rol\u00fcn\u00fc de\u015fiyor. En istikrarl\u0131 toplumlar\u0131n polis devletleri oldu\u011funu, do\u011fan\u0131n ve hayat\u0131n istikrarl\u0131 olmad\u0131\u011f\u0131n\u0131, istikrar\u0131n do\u011fal olmad\u0131\u011f\u0131n\u0131 vurgulayarak dinin Cennet \u00f6d\u00fcl\u00fc ve Cehennem cezas\u0131 ile istikrar\u0131 sa\u011flamaya \u00e7al\u0131\u015ft\u0131\u011f\u0131na dikkat \u00e7ekiyor. Nesneyle \u00f6zne, \u00f6l\u00fcmle hayat, do\u011fal olanla do\u011fa\u00fcst\u00fc, uyanmakla r\u00fcyalara dalmak aras\u0131ndaki hi\u00e7bir s\u0131n\u0131r\u0131n kalmad\u0131\u011f\u0131 b\u00fct\u00fcnl\u00fckl\u00fc hayat tarz\u0131n\u0131 kaybeden insanlar\u0131n da korkuya kap\u0131larak, dine s\u0131\u011f\u0131nd\u0131klar\u0131n\u0131, b\u00f6ylece ya\u015famaktan vazge\u00e7tiklerini s\u00f6yl\u00fcyor&#8230; \u00c7ingene ruhlu Amanda ile davulcu ve heykelt\u0131ra\u015f Ziller ba\u015fka bir hayat ya\u015famaya karar verir. Yol kenar\u0131nda bin bir \u00e7e\u015fit insan\u0131n u\u011fray\u0131p mola verdi\u011fi sosis ve sebze\/meyve suyu sat\u0131lan, bale k\u0131yafeti giymi\u015f pirelerin g\u00f6steri yapt\u0131\u011f\u0131, \u00e7e\u00e7esine\u011fi ve zehirsiz y\u0131lanlar\u0131n sergilendi\u011fi bir dinlenme tesisi a\u00e7arlar.  \u00d6l\u00fcm korkusu k\u00f6leli\u011fin ba\u015flang\u0131c\u0131d\u0131r  diyen, hayatta as\u0131l olan\u0131n  \u00fcslup  oldu\u011funa inanan renkli ve \u015fehvetli Amanda,  \u015feytan\u0131n meyvesi  mantarlara, b\u00f6ceklere ve \u00e7i\u00e7eklere kar\u0131\u015f\u0131r&#8230; B\u00fct\u00fcn yolculuklar\u0131n\u0131 kayna\u011fa do\u011fru yapan, yarat\u0131l\u0131\u015ftaki ritimle m\u00fczikteki ritmi ba\u011fda\u015ft\u0131ran Ziller ise yabani, yar\u0131 \u00e7\u0131plak, sessizce ortal\u0131kta dolan\u0131r&#8230; Tarihi Bat\u0131 k\u00fclt\u00fcr\u00fcnden \u00e7ok daha eski olan Hint, Tibet, Afrika k\u00fclt\u00fcrleri ile pagan d\u00fcnyay\u0131 hat\u0131rlayarak ya\u015farlar&#8230; Kaybetmekten ve kazanmaktan \u00f6te bir hayat arayanlara&#8230; <\/p>\n","protected":false},"excerpt":{"rendered":"<p>K\u0131sa s\u00fcrede kendi hayran kitlesini yaratarak bir k\u00fclt roman a d\u00f6n\u00fc\u015fen Parf\u00fcm\u00fcn Dans\u0131\u2019n\u0131n yazar\u0131 Tom Robbins\u2019ten ba\u015fka bir u\u00e7ar\u0131, oyuncul, bilge roman: Dur Bir Mola Ver.<span class=\"excerpt-hellip\"> [\u2026]<\/span><\/p>\n","protected":false},"featured_media":0,"template":"","meta":{"_monsterinsights_skip_tracking":false,"_monsterinsights_sitenote_active":false,"_monsterinsights_sitenote_note":"","_monsterinsights_sitenote_category":0},"product_brand":[],"product_cat":[12891,12291],"product_tag":[],"class_list":{"0":"post-696822","1":"product","2":"type-product","3":"status-publish","5":"product_cat-amerikan-edebiyati","6":"product_cat-edebiyat","7":"pa_cilt-ciltsiz","8":"pa_tur-kitap","9":"pa_yayinevi-ayrinti-yayinlari","10":"pa_yazar-tom-robbins","12":"first","13":"instock","14":"sale","15":"shipping-taxable","16":"purchasable","17":"product-type-simple"},"_links":{"self":[{"href":"https:\/\/roveyayinevi.com.tr\/index.php\/wp-json\/wp\/v2\/product\/696822","targetHints":{"allow":["GET"]}}],"collection":[{"href":"https:\/\/roveyayinevi.com.tr\/index.php\/wp-json\/wp\/v2\/product"}],"about":[{"href":"https:\/\/roveyayinevi.com.tr\/index.php\/wp-json\/wp\/v2\/types\/product"}],"wp:attachment":[{"href":"https:\/\/roveyayinevi.com.tr\/index.php\/wp-json\/wp\/v2\/media?parent=696822"}],"wp:term":[{"taxonomy":"product_brand","embeddable":true,"href":"https:\/\/roveyayinevi.com.tr\/index.php\/wp-json\/wp\/v2\/product_brand?post=696822"},{"taxonomy":"product_cat","embeddable":true,"href":"https:\/\/roveyayinevi.com.tr\/index.php\/wp-json\/wp\/v2\/product_cat?post=696822"},{"taxonomy":"product_tag","embeddable":true,"href":"https:\/\/roveyayinevi.com.tr\/index.php\/wp-json\/wp\/v2\/product_tag?post=696822"}],"curies":[{"name":"wp","href":"https:\/\/api.w.org\/{rel}","templated":true}]}}