{"id":696821,"date":"2025-08-27T14:36:42","date_gmt":"2025-08-27T11:36:42","guid":{"rendered":"https:\/\/roveyayinevi.com.tr\/index.php\/urun\/mantikut-tayr\/"},"modified":"2026-04-16T02:06:44","modified_gmt":"2026-04-15T23:06:44","slug":"mantikut-tayr","status":"publish","type":"product","link":"https:\/\/roveyayinevi.com.tr\/index.php\/urun\/mantikut-tayr\/","title":{"rendered":"Mant\u0131ku\u2019t Tayr"},"content":{"rendered":"<p>Mant\u0131ku\u2019t-Tayr temsili bir eserdir. Attar bu \u015fahane yap\u0131t\u0131nda temsili bir \u015fekilde Vahdet-i v\u00fccud (varl\u0131\u011f\u0131n birli\u011fi) inan\u0131\u015f\u0131n\u0131 anlatmaktad\u0131r. Eserde \u00e7ok zengin bir sembolik dil kullan\u0131lm\u0131\u015f ve Hakik\u00e2t\u2019i arayanlar, yani Hakik\u00e2t Yolunun Yolcular\u0131 ku\u015flarla simgelenmi\u015ftir. Eserin bir anlamda kahramanlar\u0131 olan ku\u015flar\u0131n her biri bir insan tipini temsil etmektedir. Hakikate ula\u015fmak i\u00e7in kendilerine h\u00fcth\u00fct\u00fc m\u00fcr\u015fit se\u00e7erler. <\/p>\n","protected":false},"excerpt":{"rendered":"<p>Mant\u0131ku\u2019t-Tayr temsili bir eserdir. Attar bu \u015fahane yap\u0131t\u0131nda temsili bir \u015fekilde Vahdet-i v\u00fccud (varl\u0131\u011f\u0131n birli\u011fi) inan\u0131\u015f\u0131n\u0131 anlatmaktad\u0131r. Eserde \u00e7ok zengin bir sembolik dil kullan\u0131lm\u0131\u015f ve Hakik\u00e2t\u2019i<span class=\"excerpt-hellip\"> [\u2026]<\/span><\/p>\n","protected":false},"featured_media":0,"template":"","meta":{"_monsterinsights_skip_tracking":false,"_monsterinsights_sitenote_active":false,"_monsterinsights_sitenote_note":"","_monsterinsights_sitenote_category":0},"product_brand":[],"product_cat":[12718,12719,12720],"product_tag":[],"class_list":{"0":"post-696821","1":"product","2":"type-product","3":"status-publish","5":"product_cat-din","6":"product_cat-islam","7":"product_cat-tasavvuf-mezhepler-tarikatlar","8":"pa_cilt-ciltsiz","9":"pa_tur-kitap","10":"pa_yayinevi-atac-yayinlari","11":"pa_yazar-feriduddin-i-attar","13":"first","14":"instock","15":"sale","16":"shipping-taxable","17":"purchasable","18":"product-type-simple"},"_links":{"self":[{"href":"https:\/\/roveyayinevi.com.tr\/index.php\/wp-json\/wp\/v2\/product\/696821","targetHints":{"allow":["GET"]}}],"collection":[{"href":"https:\/\/roveyayinevi.com.tr\/index.php\/wp-json\/wp\/v2\/product"}],"about":[{"href":"https:\/\/roveyayinevi.com.tr\/index.php\/wp-json\/wp\/v2\/types\/product"}],"wp:attachment":[{"href":"https:\/\/roveyayinevi.com.tr\/index.php\/wp-json\/wp\/v2\/media?parent=696821"}],"wp:term":[{"taxonomy":"product_brand","embeddable":true,"href":"https:\/\/roveyayinevi.com.tr\/index.php\/wp-json\/wp\/v2\/product_brand?post=696821"},{"taxonomy":"product_cat","embeddable":true,"href":"https:\/\/roveyayinevi.com.tr\/index.php\/wp-json\/wp\/v2\/product_cat?post=696821"},{"taxonomy":"product_tag","embeddable":true,"href":"https:\/\/roveyayinevi.com.tr\/index.php\/wp-json\/wp\/v2\/product_tag?post=696821"}],"curies":[{"name":"wp","href":"https:\/\/api.w.org\/{rel}","templated":true}]}}