{"id":696819,"date":"2025-08-27T14:36:41","date_gmt":"2025-08-27T11:36:41","guid":{"rendered":"https:\/\/roveyayinevi.com.tr\/index.php\/urun\/devlete-karsi-toplum\/"},"modified":"2026-04-16T02:06:44","modified_gmt":"2026-04-15T23:06:44","slug":"devlete-karsi-toplum","status":"publish","type":"product","link":"https:\/\/roveyayinevi.com.tr\/index.php\/urun\/devlete-karsi-toplum\/","title":{"rendered":"Devlete Kar\u015f\u0131 Toplum"},"content":{"rendered":"<p>N\u00fcfuslar\u0131 k\u0131rk ila birka\u00e7 bin ki\u015fi aras\u0131nda de\u011fi\u015fen y\u00fczlerce kabilenin, G\u00fcney Amerika k\u0131tas\u0131n\u0131n her metre karesini kullanarak ve ekolojik ortamla tam bir uyum i\u00e7inde s\u00fcrd\u00fcrd\u00fckleri ya\u015fama ilkel; istila ve katliamla ele ge\u00e7irdikleri k\u0131tay\u0131 h\u0131zla tahrip eden Bat\u0131l\u0131lar\u0131n ya\u015fam\u0131na ise uygar demek, inand\u0131r\u0131c\u0131l\u0131\u011f\u0131n\u0131 \u00e7oktan kaybetti. Frans\u0131z antropolog Pierre Clastres sayesinde, ilkel toplum ile uygar toplum aras\u0131ndaki ayr\u0131m\u0131, devletsiz toplum ile devletli toplum aras\u0131ndaki ayr\u0131m olarak okumak gerekti\u011fini art\u0131k \u00f6\u011frenmi\u015f bulunuyoruz. Bug\u00fcn, devletsiz toplum ile devletli toplum aras\u0131ndaki derin uyu\u015fmazl\u0131\u011f\u0131 her y\u00f6n\u00fcyle ortaya koyabiliyor ve buradan devlete kar\u015f\u0131 toplum lehine birtak\u0131m sonu\u00e7lar \u00e7\u0131karabiliyorsak, bunu Clastres\u2019\u0131n antropoloji ile siyaset felsefesini b\u00fcy\u00fck bir ustal\u0131kla harmanlayan g\u00f6z\u00fc pek giri\u015fimine bor\u00e7luyuz. \ufffc<\/p>\n","protected":false},"excerpt":{"rendered":"<p>N\u00fcfuslar\u0131 k\u0131rk ila birka\u00e7 bin ki\u015fi aras\u0131nda de\u011fi\u015fen y\u00fczlerce kabilenin, G\u00fcney Amerika k\u0131tas\u0131n\u0131n her metre karesini kullanarak ve ekolojik ortamla tam bir uyum i\u00e7inde s\u00fcrd\u00fcrd\u00fckleri ya\u015fama<span class=\"excerpt-hellip\"> [\u2026]<\/span><\/p>\n","protected":false},"featured_media":0,"template":"","meta":{"_monsterinsights_skip_tracking":false,"_monsterinsights_sitenote_active":false,"_monsterinsights_sitenote_note":"","_monsterinsights_sitenote_category":0},"product_brand":[],"product_cat":[15499,13488],"product_tag":[],"class_list":{"0":"post-696819","1":"product","2":"type-product","3":"status-publish","5":"product_cat-antropoloji","6":"product_cat-toplum-ve-insan","7":"pa_cilt-ciltsiz","8":"pa_tur-kitap","9":"pa_yayinevi-ayrinti-yayinlari","10":"pa_yazar-pierre-clastres","12":"first","13":"instock","14":"sale","15":"shipping-taxable","16":"purchasable","17":"product-type-simple"},"_links":{"self":[{"href":"https:\/\/roveyayinevi.com.tr\/index.php\/wp-json\/wp\/v2\/product\/696819","targetHints":{"allow":["GET"]}}],"collection":[{"href":"https:\/\/roveyayinevi.com.tr\/index.php\/wp-json\/wp\/v2\/product"}],"about":[{"href":"https:\/\/roveyayinevi.com.tr\/index.php\/wp-json\/wp\/v2\/types\/product"}],"wp:attachment":[{"href":"https:\/\/roveyayinevi.com.tr\/index.php\/wp-json\/wp\/v2\/media?parent=696819"}],"wp:term":[{"taxonomy":"product_brand","embeddable":true,"href":"https:\/\/roveyayinevi.com.tr\/index.php\/wp-json\/wp\/v2\/product_brand?post=696819"},{"taxonomy":"product_cat","embeddable":true,"href":"https:\/\/roveyayinevi.com.tr\/index.php\/wp-json\/wp\/v2\/product_cat?post=696819"},{"taxonomy":"product_tag","embeddable":true,"href":"https:\/\/roveyayinevi.com.tr\/index.php\/wp-json\/wp\/v2\/product_tag?post=696819"}],"curies":[{"name":"wp","href":"https:\/\/api.w.org\/{rel}","templated":true}]}}