{"id":696816,"date":"2025-08-27T14:36:40","date_gmt":"2025-08-27T11:36:40","guid":{"rendered":"https:\/\/roveyayinevi.com.tr\/index.php\/urun\/muzik-formlari\/"},"modified":"2026-04-13T02:08:21","modified_gmt":"2026-04-12T23:08:21","slug":"muzik-formlari","status":"publish","type":"product","link":"https:\/\/roveyayinevi.com.tr\/index.php\/urun\/muzik-formlari\/","title":{"rendered":"M\u00fczik Formlar\u0131"},"content":{"rendered":"<p>M\u00fczik formlar\u0131 \u00fczerine \u00fclkemizde bug\u00fcne dek yay\u0131nlanm\u0131\u015f pek az kitap vard\u0131r Onlar\u0131n da bir\u00e7o\u011fu t\u00fckendi\u011fi ve yeniden bas\u0131lmad\u0131\u011f\u0131 i\u00e7in elde edilmesi hemen hemen olanaks\u0131zd\u0131r.Bu bo\u015flu\u011fu biraz olsun doldurmak d\u00fc\u015f\u00fcncesiyle, b\u00f6yle bir \u00e7al\u0131\u015fmay\u0131 g\u00f6ze almak cesaretini g\u00f6sterdim.\u0130lk m\u00fczik formlar\u0131 bilgilerini kendisinden edindi\u011fim sayg\u0131de\u011fer hocam Fuad Koray&#8217;\u0131 minnetle an\u0131yorum.Besteciler, form kurallar\u0131n\u0131 genellikle eserlerinde uygulam\u0131\u015f olmakla birlikte, \u00e7ok zaman bunun d\u0131\u015f\u0131na \u00e7\u0131km\u0131\u015f ve her beste sanki ayr\u0131 bir form gibi de\u011fi\u015fik yap\u0131da kar\u015f\u0131m\u0131za \u00e7\u0131kmaktad\u0131r. Fakat onlar\u0131 da \u00e7\u00f6z\u00fcmleyebilmek, genel bir g\u00f6r\u00fc\u015f kazand\u0131ktan sonra ancak m\u00fcmk\u00fcn olabilecektir.<\/p>\n","protected":false},"excerpt":{"rendered":"<p>M\u00fczik formlar\u0131 \u00fczerine \u00fclkemizde bug\u00fcne dek yay\u0131nlanm\u0131\u015f pek az kitap vard\u0131r Onlar\u0131n da bir\u00e7o\u011fu t\u00fckendi\u011fi ve yeniden bas\u0131lmad\u0131\u011f\u0131 i\u00e7in elde edilmesi hemen hemen olanaks\u0131zd\u0131r.Bu bo\u015flu\u011fu biraz<span class=\"excerpt-hellip\"> [\u2026]<\/span><\/p>\n","protected":false},"featured_media":0,"template":"","meta":{"_monsterinsights_skip_tracking":false,"_monsterinsights_sitenote_active":false,"_monsterinsights_sitenote_note":"","_monsterinsights_sitenote_category":0},"product_brand":[],"product_cat":[14591,14556],"product_tag":[],"class_list":{"0":"post-696816","1":"product","2":"type-product","3":"status-publish","5":"product_cat-genel-kavramlar-kuram-ve-tarihce","6":"product_cat-muzik","7":"pa_cilt-ciltsiz","8":"pa_tur-kitap","9":"pa_yayinevi-arkadas-yayinlari-muzik-kitaplari","10":"pa_yazar-nurhan-cangal","12":"first","13":"instock","14":"sale","15":"shipping-taxable","16":"purchasable","17":"product-type-simple"},"_links":{"self":[{"href":"https:\/\/roveyayinevi.com.tr\/index.php\/wp-json\/wp\/v2\/product\/696816","targetHints":{"allow":["GET"]}}],"collection":[{"href":"https:\/\/roveyayinevi.com.tr\/index.php\/wp-json\/wp\/v2\/product"}],"about":[{"href":"https:\/\/roveyayinevi.com.tr\/index.php\/wp-json\/wp\/v2\/types\/product"}],"wp:attachment":[{"href":"https:\/\/roveyayinevi.com.tr\/index.php\/wp-json\/wp\/v2\/media?parent=696816"}],"wp:term":[{"taxonomy":"product_brand","embeddable":true,"href":"https:\/\/roveyayinevi.com.tr\/index.php\/wp-json\/wp\/v2\/product_brand?post=696816"},{"taxonomy":"product_cat","embeddable":true,"href":"https:\/\/roveyayinevi.com.tr\/index.php\/wp-json\/wp\/v2\/product_cat?post=696816"},{"taxonomy":"product_tag","embeddable":true,"href":"https:\/\/roveyayinevi.com.tr\/index.php\/wp-json\/wp\/v2\/product_tag?post=696816"}],"curies":[{"name":"wp","href":"https:\/\/api.w.org\/{rel}","templated":true}]}}