{"id":696815,"date":"2025-08-27T14:36:40","date_gmt":"2025-08-27T11:36:40","guid":{"rendered":"https:\/\/roveyayinevi.com.tr\/index.php\/urun\/rubailer-2\/"},"modified":"2026-04-16T02:06:44","modified_gmt":"2026-04-15T23:06:44","slug":"rubailer-2","status":"publish","type":"product","link":"https:\/\/roveyayinevi.com.tr\/index.php\/urun\/rubailer-2\/","title":{"rendered":"Rubailer"},"content":{"rendered":"<p>Mevl\u00e2n\u00e2&#8217;n\u0131n hayat ve eserleri hakk\u0131nda bug\u00fcne kadar \u00e7ok s\u00f6zler s\u00f6ylenmesine ra\u011fmen onu as\u0131l aksettiercek olan en sa\u011flam ayna yine onun eserleridir. Mevl\u00e2n\u00e2&#8217;n\u0131n felsefesi, \u015fiiri, \u00fcst\u00fcn dehas\u0131 hakk\u0131nda bize \u0131\u015f\u0131k tutacak, toplu ve daha net bir kana\u00e2te ula\u015ft\u0131racak olan ba\u015fl\u0131ca kaynaklar, elbette onun irfan hayat\u0131na miras b\u0131rakt\u0131\u011f\u0131 Mesnev\u00ee, Mekt\u00fbb\u00e2t, Mec\u00e2lisi Seb&#8217;a, D\u00eevan\u0131 Keb\u00eer&#8217; ve F\u00eehi M\u00e2fih gibi yaz\u0131l\u0131 an\u0131tlard\u0131r. Bu b\u00fcy\u00fck \u015fair ve m\u00fctefekkirimizin D\u00eevan-\u0131 Keb\u00eer&#8217;nde serpi\u015ftirdi\u011fi Rub\u00e2\u00eeleri de ayr\u0131ca \u00f6zel bir divan i\u00e7inde derlenmi\u015f \u00f6nemli bir \u015fiir ve fikir arma\u011fan\u0131d\u0131r. Her biri onun engin ruhunun il\u00e2h\u00ee co\u015fkunlu\u011funu g\u00f6steren, ondan renk ve kokular getiren birer ilh\u00e2m \u00e7i\u00e7e\u011fidir. <\/p>\n","protected":false},"excerpt":{"rendered":"<p>Mevl\u00e2n\u00e2&#8217;n\u0131n hayat ve eserleri hakk\u0131nda bug\u00fcne kadar \u00e7ok s\u00f6zler s\u00f6ylenmesine ra\u011fmen onu as\u0131l aksettiercek olan en sa\u011flam ayna yine onun eserleridir. Mevl\u00e2n\u00e2&#8217;n\u0131n felsefesi, \u015fiiri, \u00fcst\u00fcn dehas\u0131<span class=\"excerpt-hellip\"> [\u2026]<\/span><\/p>\n","protected":false},"featured_media":0,"template":"","meta":{"_monsterinsights_skip_tracking":false,"_monsterinsights_sitenote_active":false,"_monsterinsights_sitenote_note":"","_monsterinsights_sitenote_category":0},"product_brand":[],"product_cat":[12718,12719,12720],"product_tag":[],"class_list":{"0":"post-696815","1":"product","2":"type-product","3":"status-publish","5":"product_cat-din","6":"product_cat-islam","7":"product_cat-tasavvuf-mezhepler-tarikatlar","8":"pa_tur-kitap","9":"pa_yayinevi-atac-yayinlari","10":"pa_yazar-mevlana-celaleddin-rumi","12":"first","13":"instock","14":"sale","15":"shipping-taxable","16":"purchasable","17":"product-type-simple"},"_links":{"self":[{"href":"https:\/\/roveyayinevi.com.tr\/index.php\/wp-json\/wp\/v2\/product\/696815","targetHints":{"allow":["GET"]}}],"collection":[{"href":"https:\/\/roveyayinevi.com.tr\/index.php\/wp-json\/wp\/v2\/product"}],"about":[{"href":"https:\/\/roveyayinevi.com.tr\/index.php\/wp-json\/wp\/v2\/types\/product"}],"wp:attachment":[{"href":"https:\/\/roveyayinevi.com.tr\/index.php\/wp-json\/wp\/v2\/media?parent=696815"}],"wp:term":[{"taxonomy":"product_brand","embeddable":true,"href":"https:\/\/roveyayinevi.com.tr\/index.php\/wp-json\/wp\/v2\/product_brand?post=696815"},{"taxonomy":"product_cat","embeddable":true,"href":"https:\/\/roveyayinevi.com.tr\/index.php\/wp-json\/wp\/v2\/product_cat?post=696815"},{"taxonomy":"product_tag","embeddable":true,"href":"https:\/\/roveyayinevi.com.tr\/index.php\/wp-json\/wp\/v2\/product_tag?post=696815"}],"curies":[{"name":"wp","href":"https:\/\/api.w.org\/{rel}","templated":true}]}}