{"id":696811,"date":"2025-08-27T14:36:39","date_gmt":"2025-08-27T11:36:39","guid":{"rendered":"https:\/\/roveyayinevi.com.tr\/index.php\/urun\/hiristiyanlarin-islamindan-muslumanlarin-islamina\/"},"modified":"2026-04-16T02:06:44","modified_gmt":"2026-04-15T23:06:44","slug":"hiristiyanlarin-islamindan-muslumanlarin-islamina","status":"publish","type":"product","link":"https:\/\/roveyayinevi.com.tr\/index.php\/urun\/hiristiyanlarin-islamindan-muslumanlarin-islamina\/","title":{"rendered":"H\u0131ristiyanlar\u0131n \u0130slam\u0131\u2019ndan M\u00fcsl\u00fcmanlar\u0131n \u0130slam\u2019\u0131na"},"content":{"rendered":"<p>\u0130slam&#8217;\u0131n ortaya \u00e7\u0131k\u0131\u015f\u0131ndan g\u00fcn\u00fcm\u00fcze kadar do\u011fu-bat\u0131 H\u0131ristiyan d\u00fcnyas\u0131nda olu\u015fturulan \u0130slam\/M\u00fcsl\u00fcman imajlar\u0131n\u0131n ortak noktas\u0131, bunlar\u0131n olu\u015fumunda, -olumlu anlamda- M\u00fcsl\u00fcmanlar\u0131n hi\u00e7bir katk\u0131s\u0131n\u0131n bulunmamas\u0131d\u0131r. Bu imaj olu\u015fturma s\u00fcrecinde, dinsel kayg\u0131lar kadar siyasi ve varolu\u015fsal kayg\u0131lar da i\u015fin i\u00e7ine kar\u0131\u015fm\u0131\u015ft\u0131r. Bu y\u00fczden de ortaya \u00e7\u0131kan imaj; ger\u00e7e\u011fin bir yans\u0131mas\u0131 olmaktan ziyade, nesnel temelleri olmayan konjonkt\u00fcrel, kurgusal ve \u00e7arp\u0131t\u0131lm\u0131\u015f bir imajd\u0131r. -Ayn\u0131 \u015fey H\u0131ristiyanlar i\u00e7in de ge\u00e7erli olmakla birlikte-, M\u00fcsl\u00fcmanlar\u0131n kendilerini, olduklar\u0131n\u0131 d\u00fc\u015f\u00fcnd\u00fckleri \u015fekilde anlatmalar\u0131n\u0131 sa\u011flayacak bir ortam\u0131n ortaya \u00e7\u0131km\u0131\u015f olmas\u0131, aranan ancak, son zamanlara kadar bulunmas\u0131 m\u00fcmk\u00fcn olmayan bir imkan, bir f\u0131rsatt\u0131r. Her ne gerek\u00e7e ile olursa olsun b\u00f6yle bir f\u0131rsat\u0131n de\u011ferlendirimemesi, sonradan ortaya \u00e7\u0131kabilecek bir tak\u0131m pi\u015fmanl\u0131klara yol a\u00e7abilir. Diyalogla M\u00fcsl\u00fcmanlar\u0131n ve H\u0131ristiyanlar\u0131n birbirlerini dinlemek ve tan\u0131mak maksad\u0131na y\u00f6nelik b\u00f6yle bir ortam\u0131n olu\u015fturulmas\u0131, olu\u015fturulan imajlar\u0131n ya hepten ortadan kalkmas\u0131na ya de\u011fi\u015ftirilmesine ya da iki din aras\u0131ndaki farkl\u0131l\u0131klar\u0131n daha belirgin hale gelmesine yol a\u00e7ar ki, bu t\u00fcr sonu\u00e7lar\u0131n her birini kendi i\u00e7inde ayr\u0131 bir de\u011feri vard\u0131r. H\u0131ristiyan d\u00fcnyan\u0131n, -daha \u00f6nce de vurgulamaya \u00e7al\u0131\u015ft\u0131\u011f\u0131m\u0131z gibi-, bu faaliyeti bir H\u0131ristiyanla\u015ft\u0131rma \u00e7abas\u0131 olarak g\u00f6rmeleride, zikredilen ger\u00e7e\u011fi de\u011fi\u015ftirmez. M\u00fcsl\u00fcmanlar a\u00e7\u0131s\u0131ndan diyalogdaki ger\u00e7ek niyet, \u0130slam&#8217;\u0131 tebli\u011f etmek olmasa bile, z\u0131mnen bir tebli\u011fin varl\u0131\u011f\u0131n\u0131 d\u00fc\u015f\u00fcnmek de m\u00fcmk\u00fcnd\u00fcr. \u00c7\u00fcnk\u00fc, \u0130slam tebli\u011f anlay\u0131\u015f\u0131 ba\u011flam\u0131nda meseleye bak\u0131ld\u0131\u011f\u0131nda bile, M\u00fcsl\u00fcmanlar\u0131n dini tebli\u011f g\u00f6revleri, dinlerini di\u011fer insanlara anlatmaktan daha fazla bir \u015feyi i\u00e7ermez. <\/p>\n","protected":false},"excerpt":{"rendered":"<p>\u0130slam&#8217;\u0131n ortaya \u00e7\u0131k\u0131\u015f\u0131ndan g\u00fcn\u00fcm\u00fcze kadar do\u011fu-bat\u0131 H\u0131ristiyan d\u00fcnyas\u0131nda olu\u015fturulan \u0130slam\/M\u00fcsl\u00fcman imajlar\u0131n\u0131n ortak noktas\u0131, bunlar\u0131n olu\u015fumunda, -olumlu anlamda- M\u00fcsl\u00fcmanlar\u0131n hi\u00e7bir katk\u0131s\u0131n\u0131n bulunmamas\u0131d\u0131r. Bu imaj olu\u015fturma s\u00fcrecinde, dinsel<span class=\"excerpt-hellip\"> [\u2026]<\/span><\/p>\n","protected":false},"featured_media":0,"template":"","meta":{"_monsterinsights_skip_tracking":false,"_monsterinsights_sitenote_active":false,"_monsterinsights_sitenote_note":"","_monsterinsights_sitenote_category":0},"product_brand":[],"product_cat":[16789,12718,12719],"product_tag":[],"class_list":{"0":"post-696811","1":"product","2":"type-product","3":"status-publish","5":"product_cat-diger-islam","6":"product_cat-din","7":"product_cat-islam","8":"pa_tur-kitap","9":"pa_yayinevi-atac-yayinlari","10":"pa_yazar-kolektif","12":"first","13":"instock","14":"sale","15":"shipping-taxable","16":"purchasable","17":"product-type-simple"},"_links":{"self":[{"href":"https:\/\/roveyayinevi.com.tr\/index.php\/wp-json\/wp\/v2\/product\/696811","targetHints":{"allow":["GET"]}}],"collection":[{"href":"https:\/\/roveyayinevi.com.tr\/index.php\/wp-json\/wp\/v2\/product"}],"about":[{"href":"https:\/\/roveyayinevi.com.tr\/index.php\/wp-json\/wp\/v2\/types\/product"}],"wp:attachment":[{"href":"https:\/\/roveyayinevi.com.tr\/index.php\/wp-json\/wp\/v2\/media?parent=696811"}],"wp:term":[{"taxonomy":"product_brand","embeddable":true,"href":"https:\/\/roveyayinevi.com.tr\/index.php\/wp-json\/wp\/v2\/product_brand?post=696811"},{"taxonomy":"product_cat","embeddable":true,"href":"https:\/\/roveyayinevi.com.tr\/index.php\/wp-json\/wp\/v2\/product_cat?post=696811"},{"taxonomy":"product_tag","embeddable":true,"href":"https:\/\/roveyayinevi.com.tr\/index.php\/wp-json\/wp\/v2\/product_tag?post=696811"}],"curies":[{"name":"wp","href":"https:\/\/api.w.org\/{rel}","templated":true}]}}