{"id":696807,"date":"2025-08-27T14:36:38","date_gmt":"2025-08-27T11:36:38","guid":{"rendered":"https:\/\/roveyayinevi.com.tr\/index.php\/urun\/dinsel-bilgi-sorunu\/"},"modified":"2026-04-16T02:06:44","modified_gmt":"2026-04-15T23:06:44","slug":"dinsel-bilgi-sorunu","status":"publish","type":"product","link":"https:\/\/roveyayinevi.com.tr\/index.php\/urun\/dinsel-bilgi-sorunu\/","title":{"rendered":"Dinsel Bilgi Sorunu"},"content":{"rendered":"<p>Kitapta Mant\u0131k\u00e7\u0131 Pozitivizm ve Din, Kavramsal \u00c7\u00f6z\u00fcmleme ve Din, Dinsel \u0130nanc\u0131n Anlam\u0131 gibi konular incelenmekte, Ludvig Wittgenstein, Karl Popper gibi filozoflar\u0131n do\u011frulamac\u0131 ve yanl\u0131\u015flamac\u0131 tezlerinin dinsel ifadelere uygulanmas\u0131 sonucu ortaya \u00e7\u0131kan tart\u0131\u015fmalar konu edinilmektedir. Karl Popper&#8217;\u0131n yanl\u0131\u015flanabilirlik tezini hareket noktas\u0131 olarak al\u0131p, dini ifadelere y\u00f6nelik d\u00fc\u015f\u00fcncelerini bu teze g\u00f6re temellendiren \u0130ngiliz filozofun Antony Flew&#8217;in geleneksel dine y\u00f6neltti\u011fi ele\u015ftirilerine ve meydan okumalar\u0131na kar\u015f\u0131 bir grup filozofun dine y\u00f6nelik ortaya koyduklar\u0131 savunmalar ele al\u0131nmakta ve bu savunmalar\u0131n tutarl\u0131 olup olmad\u0131\u011f\u0131 felsefi y\u00f6ntemle sorgulanmaktad\u0131r. Bili\u015fsellik sorunu, dini sembolizm, analojik yarg\u0131 \u00f6\u011fretisi, dini tecr\u00fcbe, bilgi kriteri ve Tanr\u0131&#8217;n\u0131n varl\u0131\u011f\u0131n\u0131n klasik delillerine y\u00f6nelik ele\u015ftiriler kitab\u0131n ele ald\u0131\u011f\u0131 ba\u015fl\u0131ca konulard\u0131r. <\/p>\n","protected":false},"excerpt":{"rendered":"<p>Kitapta Mant\u0131k\u00e7\u0131 Pozitivizm ve Din, Kavramsal \u00c7\u00f6z\u00fcmleme ve Din, Dinsel \u0130nanc\u0131n Anlam\u0131 gibi konular incelenmekte, Ludvig Wittgenstein, Karl Popper gibi filozoflar\u0131n do\u011frulamac\u0131 ve yanl\u0131\u015flamac\u0131 tezlerinin dinsel<span class=\"excerpt-hellip\"> [\u2026]<\/span><\/p>\n","protected":false},"featured_media":0,"template":"","meta":{"_monsterinsights_skip_tracking":false,"_monsterinsights_sitenote_active":false,"_monsterinsights_sitenote_note":"","_monsterinsights_sitenote_category":0},"product_brand":[],"product_cat":[12718,12719,13025],"product_tag":[],"class_list":{"0":"post-696807","1":"product","2":"type-product","3":"status-publish","5":"product_cat-din","6":"product_cat-islam","7":"product_cat-islam-ve-gunumuz-islam-dusuncesi","8":"pa_tur-kitap","9":"pa_yayinevi-atac-yayinlari","10":"pa_yazar-william-t-blackstone","12":"first","13":"instock","14":"sale","15":"shipping-taxable","16":"purchasable","17":"product-type-simple"},"_links":{"self":[{"href":"https:\/\/roveyayinevi.com.tr\/index.php\/wp-json\/wp\/v2\/product\/696807","targetHints":{"allow":["GET"]}}],"collection":[{"href":"https:\/\/roveyayinevi.com.tr\/index.php\/wp-json\/wp\/v2\/product"}],"about":[{"href":"https:\/\/roveyayinevi.com.tr\/index.php\/wp-json\/wp\/v2\/types\/product"}],"wp:attachment":[{"href":"https:\/\/roveyayinevi.com.tr\/index.php\/wp-json\/wp\/v2\/media?parent=696807"}],"wp:term":[{"taxonomy":"product_brand","embeddable":true,"href":"https:\/\/roveyayinevi.com.tr\/index.php\/wp-json\/wp\/v2\/product_brand?post=696807"},{"taxonomy":"product_cat","embeddable":true,"href":"https:\/\/roveyayinevi.com.tr\/index.php\/wp-json\/wp\/v2\/product_cat?post=696807"},{"taxonomy":"product_tag","embeddable":true,"href":"https:\/\/roveyayinevi.com.tr\/index.php\/wp-json\/wp\/v2\/product_tag?post=696807"}],"curies":[{"name":"wp","href":"https:\/\/api.w.org\/{rel}","templated":true}]}}