{"id":696804,"date":"2025-08-27T14:36:37","date_gmt":"2025-08-27T11:36:37","guid":{"rendered":"https:\/\/roveyayinevi.com.tr\/index.php\/urun\/parbat-daginin-esrari\/"},"modified":"2026-04-16T02:06:44","modified_gmt":"2026-04-15T23:06:44","slug":"parbat-daginin-esrari","status":"publish","type":"product","link":"https:\/\/roveyayinevi.com.tr\/index.php\/urun\/parbat-daginin-esrari\/","title":{"rendered":"Parbat Da\u011f\u0131n\u0131n Esrar\u0131"},"content":{"rendered":"<p>Bitkilerle zihinsel ileti\u015fime giren k\u00fc\u00e7\u00fck bir \u00e7ocuk, \u00f6nce kendi evinin bah\u00e7esini, sonra ya\u015fad\u0131\u011f\u0131 kasaban\u0131n park ve bah\u00e7elerini bin bir renkli \u00e7i\u00e7eklerle donat\u0131r. Bu \u00e7ocuk daha sonra bitki bilgini olur. \u00c7evresel kirlilik nedeniyle d\u00fcnyadaki t\u00fcm bitkiler bozulup kararmaya ba\u015flam\u0131\u015ft\u0131r. Bitki bilgini, do\u011fan\u0131n yeniden ye\u015fermesi, bitkilerin eski durumlar\u0131na kavu\u015fmas\u0131 i\u00e7in \u00e7al\u0131\u015fmalar yaparken kendini, binlerce y\u0131ld\u0131r gizemli bir da\u011f olarak bilinen Parbat Da\u011flin\u0131n i\u00e7inde bulur. Ve b\u00f6ylece, yery\u00fcz\u00fcnde insanlar\u0131 \u015fa\u015fk\u0131nl\u0131k ve merak i\u00e7inde b\u0131rakan g\u00f6rkemli, gizemli olaylar ba\u015flar&#8230; Parbat Da\u011f\u0131&#8217;n\u0131n Esrar\u0131 heyecanl\u0131 kurgusu ve ak\u0131c\u0131 anlat\u0131m\u0131yla \u00e7ocuklara ya\u015fad\u0131klar\u0131 d\u00fcnyay\u0131 korumalar\u0131 ve ona katk\u0131da bulunmalar\u0131 i\u00e7in yeni bir kap\u0131 aral\u0131yor.<\/p>\n","protected":false},"excerpt":{"rendered":"<p>Bitkilerle zihinsel ileti\u015fime giren k\u00fc\u00e7\u00fck bir \u00e7ocuk, \u00f6nce kendi evinin bah\u00e7esini, sonra ya\u015fad\u0131\u011f\u0131 kasaban\u0131n park ve bah\u00e7elerini bin bir renkli \u00e7i\u00e7eklerle donat\u0131r. Bu \u00e7ocuk daha sonra<span class=\"excerpt-hellip\"> [\u2026]<\/span><\/p>\n","protected":false},"featured_media":0,"template":"","meta":{"_monsterinsights_skip_tracking":false,"_monsterinsights_sitenote_active":false,"_monsterinsights_sitenote_note":"","_monsterinsights_sitenote_category":0},"product_brand":[],"product_cat":[12275,12274],"product_tag":[],"class_list":{"0":"post-696804","1":"product","2":"type-product","3":"status-publish","5":"product_cat-6-12-yas-kitaplari","6":"product_cat-cocuk-ve-genclik-kitaplari","7":"pa_cilt-ciltsiz","8":"pa_tur-kitap","9":"pa_yayinevi-altin-kitaplar-cocuk-kitaplari","10":"pa_yazar-gulten-dayioglu","12":"first","13":"instock","14":"sale","15":"shipping-taxable","16":"purchasable","17":"product-type-simple"},"_links":{"self":[{"href":"https:\/\/roveyayinevi.com.tr\/index.php\/wp-json\/wp\/v2\/product\/696804","targetHints":{"allow":["GET"]}}],"collection":[{"href":"https:\/\/roveyayinevi.com.tr\/index.php\/wp-json\/wp\/v2\/product"}],"about":[{"href":"https:\/\/roveyayinevi.com.tr\/index.php\/wp-json\/wp\/v2\/types\/product"}],"wp:attachment":[{"href":"https:\/\/roveyayinevi.com.tr\/index.php\/wp-json\/wp\/v2\/media?parent=696804"}],"wp:term":[{"taxonomy":"product_brand","embeddable":true,"href":"https:\/\/roveyayinevi.com.tr\/index.php\/wp-json\/wp\/v2\/product_brand?post=696804"},{"taxonomy":"product_cat","embeddable":true,"href":"https:\/\/roveyayinevi.com.tr\/index.php\/wp-json\/wp\/v2\/product_cat?post=696804"},{"taxonomy":"product_tag","embeddable":true,"href":"https:\/\/roveyayinevi.com.tr\/index.php\/wp-json\/wp\/v2\/product_tag?post=696804"}],"curies":[{"name":"wp","href":"https:\/\/api.w.org\/{rel}","templated":true}]}}