{"id":696799,"date":"2025-08-27T14:36:36","date_gmt":"2025-08-27T11:36:36","guid":{"rendered":"https:\/\/roveyayinevi.com.tr\/index.php\/urun\/olumsuz-ece\/"},"modified":"2026-04-16T02:06:44","modified_gmt":"2026-04-15T23:06:44","slug":"olumsuz-ece","status":"publish","type":"product","link":"https:\/\/roveyayinevi.com.tr\/index.php\/urun\/olumsuz-ece\/","title":{"rendered":"\u00d6l\u00fcms\u00fcz Ece"},"content":{"rendered":"<p>\u0130nsano\u011flu, \u00e7a\u011flar boyunca hep do\u011fan\u0131n, d\u00fcnyan\u0131n, evrenin gizemini \u00e7\u00f6zmeye \u00e7abalad\u0131. Bu yolla uygarl\u0131\u011f\u0131n doru\u011funa ula\u015ft\u0131. Ama, yine de evrendeki t\u00fcm gizler \u00e7\u00f6z\u00fclm\u00fc\u015f de\u011fil. Gizemlerle dolu \u00d6l\u00fcms\u00fcz Ece Olay\u0131, uygarl\u0131\u011f\u0131n be\u015fi\u011fi say\u0131lan Anadolu&#8217;da ortaya \u00e7\u0131kt\u0131. \u00d6l\u00fcms\u00fcz Ece&#8217;nin, \u00fc\u00e7bin y\u0131ll\u0131k ya\u015fam ser\u00fcveninin co\u015fkusu, giderek t\u00fcm d\u00fcnyay\u0131 sard\u0131.<\/p>\n","protected":false},"excerpt":{"rendered":"<p>\u0130nsano\u011flu, \u00e7a\u011flar boyunca hep do\u011fan\u0131n, d\u00fcnyan\u0131n, evrenin gizemini \u00e7\u00f6zmeye \u00e7abalad\u0131. Bu yolla uygarl\u0131\u011f\u0131n doru\u011funa ula\u015ft\u0131. Ama, yine de evrendeki t\u00fcm gizler \u00e7\u00f6z\u00fclm\u00fc\u015f de\u011fil. Gizemlerle dolu \u00d6l\u00fcms\u00fcz<span class=\"excerpt-hellip\"> [\u2026]<\/span><\/p>\n","protected":false},"featured_media":0,"template":"","meta":{"_monsterinsights_skip_tracking":false,"_monsterinsights_sitenote_active":false,"_monsterinsights_sitenote_note":"","_monsterinsights_sitenote_category":0},"product_brand":[],"product_cat":[12275,12274],"product_tag":[],"class_list":{"0":"post-696799","1":"product","2":"type-product","3":"status-publish","5":"product_cat-6-12-yas-kitaplari","6":"product_cat-cocuk-ve-genclik-kitaplari","7":"pa_cilt-ciltsiz","8":"pa_tur-kitap","9":"pa_yayinevi-altin-kitaplar-cocuk-kitaplari","10":"pa_yazar-gulten-dayioglu","12":"first","13":"instock","14":"sale","15":"shipping-taxable","16":"purchasable","17":"product-type-simple"},"_links":{"self":[{"href":"https:\/\/roveyayinevi.com.tr\/index.php\/wp-json\/wp\/v2\/product\/696799","targetHints":{"allow":["GET"]}}],"collection":[{"href":"https:\/\/roveyayinevi.com.tr\/index.php\/wp-json\/wp\/v2\/product"}],"about":[{"href":"https:\/\/roveyayinevi.com.tr\/index.php\/wp-json\/wp\/v2\/types\/product"}],"wp:attachment":[{"href":"https:\/\/roveyayinevi.com.tr\/index.php\/wp-json\/wp\/v2\/media?parent=696799"}],"wp:term":[{"taxonomy":"product_brand","embeddable":true,"href":"https:\/\/roveyayinevi.com.tr\/index.php\/wp-json\/wp\/v2\/product_brand?post=696799"},{"taxonomy":"product_cat","embeddable":true,"href":"https:\/\/roveyayinevi.com.tr\/index.php\/wp-json\/wp\/v2\/product_cat?post=696799"},{"taxonomy":"product_tag","embeddable":true,"href":"https:\/\/roveyayinevi.com.tr\/index.php\/wp-json\/wp\/v2\/product_tag?post=696799"}],"curies":[{"name":"wp","href":"https:\/\/api.w.org\/{rel}","templated":true}]}}