{"id":696795,"date":"2025-08-27T14:36:35","date_gmt":"2025-08-27T11:36:35","guid":{"rendered":"https:\/\/roveyayinevi.com.tr\/index.php\/urun\/langenscheidt-universal-worterbuch-turkisch-turkisch-deutsch-deutsch-turkisch\/"},"modified":"2026-04-16T02:06:43","modified_gmt":"2026-04-15T23:06:43","slug":"langenscheidt-universal-worterbuch-turkisch-turkisch-deutsch-deutsch-turkisch","status":"publish","type":"product","link":"https:\/\/roveyayinevi.com.tr\/index.php\/urun\/langenscheidt-universal-worterbuch-turkisch-turkisch-deutsch-deutsch-turkisch\/","title":{"rendered":"Langenscheidt Universal-Worterbuch T\u00fcrkisch T\u00fcrkisch-Deutsch \/ Deutsch-T\u00fcrkisch"},"content":{"rendered":"<p>Das neubearbeitete W\u00f6rterbuch enthalt die Teile T\u00fcrkisch &#8211; Deutsch und Deutsch -Turkisch mit etwa 30 000 Stichw\u00f6rtern, Verzeichnisse \u00fcber wissenswerte Aufschriften und Warnungen, gebrauchliche deutsche und t\u00fcrkische Abk\u00fcrzungen sowie einige Redewendungen erganzen das umfangreiche W\u00f6rterserseichnis. Besonders auf der Reise ist das Universal &#8211; W\u00f6rterbuch eine wichtige Verstandigungshlife.<\/p>\n","protected":false},"excerpt":{"rendered":"<p>Das neubearbeitete W\u00f6rterbuch enthalt die Teile T\u00fcrkisch &#8211; Deutsch und Deutsch -Turkisch mit etwa 30 000 Stichw\u00f6rtern, Verzeichnisse \u00fcber wissenswerte Aufschriften und Warnungen, gebrauchliche deutsche und<span class=\"excerpt-hellip\"> [\u2026]<\/span><\/p>\n","protected":false},"featured_media":0,"template":"","meta":{"_monsterinsights_skip_tracking":false,"_monsterinsights_sitenote_active":false,"_monsterinsights_sitenote_note":"","_monsterinsights_sitenote_category":0},"product_brand":[],"product_cat":[12364,16266],"product_tag":[],"class_list":{"0":"post-696795","1":"product","2":"type-product","3":"status-publish","5":"product_cat-genel-konular","6":"product_cat-referans-kaynak-kitap","7":"pa_cilt-ciltsiz","8":"pa_tur-kitap","9":"pa_yayinevi-altin-kitaplar-sozlukler","10":"pa_yazar-kolektif","12":"first","13":"instock","14":"sale","15":"shipping-taxable","16":"purchasable","17":"product-type-simple"},"_links":{"self":[{"href":"https:\/\/roveyayinevi.com.tr\/index.php\/wp-json\/wp\/v2\/product\/696795","targetHints":{"allow":["GET"]}}],"collection":[{"href":"https:\/\/roveyayinevi.com.tr\/index.php\/wp-json\/wp\/v2\/product"}],"about":[{"href":"https:\/\/roveyayinevi.com.tr\/index.php\/wp-json\/wp\/v2\/types\/product"}],"wp:attachment":[{"href":"https:\/\/roveyayinevi.com.tr\/index.php\/wp-json\/wp\/v2\/media?parent=696795"}],"wp:term":[{"taxonomy":"product_brand","embeddable":true,"href":"https:\/\/roveyayinevi.com.tr\/index.php\/wp-json\/wp\/v2\/product_brand?post=696795"},{"taxonomy":"product_cat","embeddable":true,"href":"https:\/\/roveyayinevi.com.tr\/index.php\/wp-json\/wp\/v2\/product_cat?post=696795"},{"taxonomy":"product_tag","embeddable":true,"href":"https:\/\/roveyayinevi.com.tr\/index.php\/wp-json\/wp\/v2\/product_tag?post=696795"}],"curies":[{"name":"wp","href":"https:\/\/api.w.org\/{rel}","templated":true}]}}