{"id":696791,"date":"2025-08-27T14:36:33","date_gmt":"2025-08-27T11:36:33","guid":{"rendered":"https:\/\/roveyayinevi.com.tr\/index.php\/urun\/cigerpare\/"},"modified":"2026-04-16T02:06:43","modified_gmt":"2026-04-15T23:06:43","slug":"cigerpare","status":"publish","type":"product","link":"https:\/\/roveyayinevi.com.tr\/index.php\/urun\/cigerpare\/","title":{"rendered":"Ci\u011ferpare"},"content":{"rendered":"<p>Solgun, sorguda girdim \u00e2m\u00e2 bir avluya g\u00f6rmek i\u00e7in sen Bir ku\u015f yuva yapm\u0131\u015f kanatlar\u0131 k\u0131r\u0131k mor bir g\u00fcl\u00fcn ba\u011fr\u0131na\u2018Uzun hava derler buna\u2019 derdi annem surat\u0131 allak bullak bozk\u0131ra bak\u0131pBir ayr\u0131l\u0131\u011f\u0131n ba\u015flang\u0131c\u0131n\u0131 ba\u015fard\u0131 oylanan oyun sana bana s\u0131rt\u0131n\u0131 d\u00f6n\u00fcpBunlar geride mi kalacak, gerisi de var ci\u011ferpare yara be bereninKaranl\u0131k bast\u0131r\u0131r avlu, balkon, oda dinlemeden, k\u0131v\u0131r k\u0131v\u0131r k\u0131v\u0131rtmadanSana bunlar\u0131 demeyecektim g\u00f6rebilseydim geceye akan kan kan y\u00fcz\u00fcn\u00fcAk\u015fam\u0131n soluk benzine renkler konduradursun haya hay hayalinK\u0131yametine k\u0131ym\u0131k batm\u0131\u015f bir k\u0131y\u0131 kasabas\u0131, anla nerden gelip nereye gitti\u011fimi <\/p>\n","protected":false},"excerpt":{"rendered":"<p>Solgun, sorguda girdim \u00e2m\u00e2 bir avluya g\u00f6rmek i\u00e7in sen Bir ku\u015f yuva yapm\u0131\u015f kanatlar\u0131 k\u0131r\u0131k mor bir g\u00fcl\u00fcn ba\u011fr\u0131na\u2018Uzun hava derler buna\u2019 derdi annem surat\u0131 allak<span class=\"excerpt-hellip\"> [\u2026]<\/span><\/p>\n","protected":false},"featured_media":0,"template":"","meta":{"_monsterinsights_skip_tracking":false,"_monsterinsights_sitenote_active":false,"_monsterinsights_sitenote_note":"","_monsterinsights_sitenote_category":0},"product_brand":[],"product_cat":[12291,12509],"product_tag":[],"class_list":{"0":"post-696791","1":"product","2":"type-product","3":"status-publish","5":"product_cat-edebiyat","6":"product_cat-siir","7":"pa_cilt-ciltsiz","8":"pa_tur-kitap","9":"pa_yayinevi-bencekitap","10":"pa_yazar-gultekin-emre","12":"first","13":"instock","14":"sale","15":"shipping-taxable","16":"purchasable","17":"product-type-simple"},"_links":{"self":[{"href":"https:\/\/roveyayinevi.com.tr\/index.php\/wp-json\/wp\/v2\/product\/696791","targetHints":{"allow":["GET"]}}],"collection":[{"href":"https:\/\/roveyayinevi.com.tr\/index.php\/wp-json\/wp\/v2\/product"}],"about":[{"href":"https:\/\/roveyayinevi.com.tr\/index.php\/wp-json\/wp\/v2\/types\/product"}],"wp:attachment":[{"href":"https:\/\/roveyayinevi.com.tr\/index.php\/wp-json\/wp\/v2\/media?parent=696791"}],"wp:term":[{"taxonomy":"product_brand","embeddable":true,"href":"https:\/\/roveyayinevi.com.tr\/index.php\/wp-json\/wp\/v2\/product_brand?post=696791"},{"taxonomy":"product_cat","embeddable":true,"href":"https:\/\/roveyayinevi.com.tr\/index.php\/wp-json\/wp\/v2\/product_cat?post=696791"},{"taxonomy":"product_tag","embeddable":true,"href":"https:\/\/roveyayinevi.com.tr\/index.php\/wp-json\/wp\/v2\/product_tag?post=696791"}],"curies":[{"name":"wp","href":"https:\/\/api.w.org\/{rel}","templated":true}]}}