{"id":696790,"date":"2025-08-27T14:36:33","date_gmt":"2025-08-27T11:36:33","guid":{"rendered":"https:\/\/roveyayinevi.com.tr\/index.php\/urun\/bir-kinali-kekliktim\/"},"modified":"2026-04-16T02:06:43","modified_gmt":"2026-04-15T23:06:43","slug":"bir-kinali-kekliktim","status":"publish","type":"product","link":"https:\/\/roveyayinevi.com.tr\/index.php\/urun\/bir-kinali-kekliktim\/","title":{"rendered":"Bir K\u0131nal\u0131 Kekliktim"},"content":{"rendered":"<p>D\u00fc\u015f\u00fcnmek beni yoruyor. K\u0131z\u0131m\u0131 g\u00f6rmeye gitsem mi acaba bu aralar? Diyarbak\u0131r&#8217;da dola\u015f\u0131r\u0131z biraz birlikte. Aramad\u0131m, o da aramad\u0131, ne ilgin\u00e7. Ferhat oradayd\u0131 galiba, ondan herhalde. \u00d6zledim ama. Ba\u015fka kimim var ki?  Belki de vard\u0131r: Bir yolcu. Kimsem olacak birisi! Gelecek olan eski bir \u015f\u00f6valye. Bekliyorum, gelecek, biliyorum. Otuz y\u0131lda dinmeyen bir sevgiden sonra kalbimin h\u00e2l\u00e2 a\u015fkla \u00e7arpmas\u0131ndan anl\u0131yorum bunu. Bu da a\u015fk de\u011filse nedir bu ya\u015f\u0131mda?  Onu h\u00e2l\u00e2 seviyorum!  Bir g\u00fcvercin gibi. Kumru muydu yoksa o? Olsun.  Eskiden bir k\u0131nal\u0131 kekliktim, \u00e7ok eskiden belki, ama art\u0131k keklik de\u011filim! <\/p>\n","protected":false},"excerpt":{"rendered":"<p>D\u00fc\u015f\u00fcnmek beni yoruyor. K\u0131z\u0131m\u0131 g\u00f6rmeye gitsem mi acaba bu aralar? Diyarbak\u0131r&#8217;da dola\u015f\u0131r\u0131z biraz birlikte. Aramad\u0131m, o da aramad\u0131, ne ilgin\u00e7. Ferhat oradayd\u0131 galiba, ondan herhalde. \u00d6zledim<span class=\"excerpt-hellip\"> [\u2026]<\/span><\/p>\n","protected":false},"featured_media":0,"template":"","meta":{"_monsterinsights_skip_tracking":false,"_monsterinsights_sitenote_active":false,"_monsterinsights_sitenote_note":"","_monsterinsights_sitenote_category":0},"product_brand":[],"product_cat":[26663],"product_tag":[],"class_list":{"0":"post-696790","1":"product","2":"type-product","3":"status-publish","5":"product_cat-undefined","6":"pa_cilt-ciltsiz","7":"pa_tur-kitap","8":"pa_yayinevi-bencekitap","9":"pa_yazar-kemal-gunduzalp","11":"first","12":"instock","13":"sale","14":"shipping-taxable","15":"purchasable","16":"product-type-simple"},"_links":{"self":[{"href":"https:\/\/roveyayinevi.com.tr\/index.php\/wp-json\/wp\/v2\/product\/696790","targetHints":{"allow":["GET"]}}],"collection":[{"href":"https:\/\/roveyayinevi.com.tr\/index.php\/wp-json\/wp\/v2\/product"}],"about":[{"href":"https:\/\/roveyayinevi.com.tr\/index.php\/wp-json\/wp\/v2\/types\/product"}],"wp:attachment":[{"href":"https:\/\/roveyayinevi.com.tr\/index.php\/wp-json\/wp\/v2\/media?parent=696790"}],"wp:term":[{"taxonomy":"product_brand","embeddable":true,"href":"https:\/\/roveyayinevi.com.tr\/index.php\/wp-json\/wp\/v2\/product_brand?post=696790"},{"taxonomy":"product_cat","embeddable":true,"href":"https:\/\/roveyayinevi.com.tr\/index.php\/wp-json\/wp\/v2\/product_cat?post=696790"},{"taxonomy":"product_tag","embeddable":true,"href":"https:\/\/roveyayinevi.com.tr\/index.php\/wp-json\/wp\/v2\/product_tag?post=696790"}],"curies":[{"name":"wp","href":"https:\/\/api.w.org\/{rel}","templated":true}]}}