{"id":696789,"date":"2025-08-27T14:36:33","date_gmt":"2025-08-27T11:36:33","guid":{"rendered":"https:\/\/roveyayinevi.com.tr\/index.php\/urun\/iki-sicak-gun\/"},"modified":"2026-04-16T02:06:43","modified_gmt":"2026-04-15T23:06:43","slug":"iki-sicak-gun","status":"publish","type":"product","link":"https:\/\/roveyayinevi.com.tr\/index.php\/urun\/iki-sicak-gun\/","title":{"rendered":"\u0130ki S\u0131cak G\u00fcn"},"content":{"rendered":"<p>Yal\u0131n \u015eengil\u2019in an\u0131-roman\u0131 \u2018\u0130ki S\u0131cak G\u00fcn\u2019de 1950\u2019li y\u0131llar\u0131n Ankara\u2019s\u0131nda ge\u00e7en bir \u00e7ocukluk d\u00f6nemi ser\u00fcveni anlat\u0131l\u0131yor. Roman\u0131n ba\u015fat kahraman\u0131 Yal\u0131n\u2019\u0131n sab\u0131rl\u0131 ba\u015fkald\u0131r\u0131s\u0131, kendini ve i\u00e7sel de\u011ferlerini korumay\u0131, geli\u015ftirmeyi \u00f6ng\u00f6ren diren\u00e7li \u00e7abas\u0131, \u2018\u0130ki S\u0131cak G\u00fcn\u2019\u00fc benzerlerinden farkl\u0131 ve daha \u00e7ekici k\u0131lan \u00f6zellik durumunda. \u015ea\u015fk\u0131nl\u0131kla, merakla, ac\u0131 duyarak okunan ve sonunda \u00e7ocukluktan \u00e7\u0131k\u0131p delikanl\u0131l\u0131\u011fa ad\u0131m atan Yal\u0131n\u2019\u0131n ba\u015far\u0131s\u0131yla okurunu huzura kavu\u015fturan bir roman olan \u2018\u0130ki S\u0131cak G\u00fcn\u2019 yaln\u0131zca bu \u00f6zelliklerinden dolay\u0131 bile alk\u0131\u015flanmay\u0131 hak ediyor ve ilk kitaplarda pek rastlanmayan dil-anlat\u0131m tutarl\u0131l\u0131\u011f\u0131n\u0131n yan\u0131 s\u0131ra i\u00e7tenli\u011fi, yal\u0131nl\u0131\u011f\u0131, s\u0131cakl\u0131\u011f\u0131yla da \u00f6zg\u00fcn bir yetkinlik \u00e7izgisi tutturan yazar\u0131n, bundan sonra neler yazaca\u011f\u0131 konusunda merak uyand\u0131rarak ilgi \u00e7ekmeyi ba\u015far\u0131yor. G\u00fcc\u00fcn\u00fc ya\u015fanm\u0131\u015fl\u0131ktan alan sanat eme\u011fiyle olu\u015fturdu\u011fu bu ilk roman\u0131nda Yal\u0131n \u015eengil, yaz\u0131n\u0131m\u0131za yeni bir tat, farkl\u0131 bir ses getirmi\u015f oluyor&#8230;\u2019\u2019 <\/p>\n","protected":false},"excerpt":{"rendered":"<p>Yal\u0131n \u015eengil\u2019in an\u0131-roman\u0131 \u2018\u0130ki S\u0131cak G\u00fcn\u2019de 1950\u2019li y\u0131llar\u0131n Ankara\u2019s\u0131nda ge\u00e7en bir \u00e7ocukluk d\u00f6nemi ser\u00fcveni anlat\u0131l\u0131yor. Roman\u0131n ba\u015fat kahraman\u0131 Yal\u0131n\u2019\u0131n sab\u0131rl\u0131 ba\u015fkald\u0131r\u0131s\u0131, kendini ve i\u00e7sel de\u011ferlerini korumay\u0131,<span class=\"excerpt-hellip\"> [\u2026]<\/span><\/p>\n","protected":false},"featured_media":0,"template":"","meta":{"_monsterinsights_skip_tracking":false,"_monsterinsights_sitenote_active":false,"_monsterinsights_sitenote_note":"","_monsterinsights_sitenote_category":0},"product_brand":[],"product_cat":[12291,12711],"product_tag":[],"class_list":{"0":"post-696789","1":"product","2":"type-product","3":"status-publish","5":"product_cat-edebiyat","6":"product_cat-roman-oyku","7":"pa_cilt-ciltsiz","8":"pa_tur-kitap","9":"pa_yayinevi-bencekitap","10":"pa_yazar-yalin-sengil","12":"first","13":"instock","14":"sale","15":"shipping-taxable","16":"purchasable","17":"product-type-simple"},"_links":{"self":[{"href":"https:\/\/roveyayinevi.com.tr\/index.php\/wp-json\/wp\/v2\/product\/696789","targetHints":{"allow":["GET"]}}],"collection":[{"href":"https:\/\/roveyayinevi.com.tr\/index.php\/wp-json\/wp\/v2\/product"}],"about":[{"href":"https:\/\/roveyayinevi.com.tr\/index.php\/wp-json\/wp\/v2\/types\/product"}],"wp:attachment":[{"href":"https:\/\/roveyayinevi.com.tr\/index.php\/wp-json\/wp\/v2\/media?parent=696789"}],"wp:term":[{"taxonomy":"product_brand","embeddable":true,"href":"https:\/\/roveyayinevi.com.tr\/index.php\/wp-json\/wp\/v2\/product_brand?post=696789"},{"taxonomy":"product_cat","embeddable":true,"href":"https:\/\/roveyayinevi.com.tr\/index.php\/wp-json\/wp\/v2\/product_cat?post=696789"},{"taxonomy":"product_tag","embeddable":true,"href":"https:\/\/roveyayinevi.com.tr\/index.php\/wp-json\/wp\/v2\/product_tag?post=696789"}],"curies":[{"name":"wp","href":"https:\/\/api.w.org\/{rel}","templated":true}]}}