{"id":696788,"date":"2025-08-27T14:36:33","date_gmt":"2025-08-27T11:36:33","guid":{"rendered":"https:\/\/roveyayinevi.com.tr\/index.php\/urun\/hayat-elverirse\/"},"modified":"2026-04-16T02:06:43","modified_gmt":"2026-04-15T23:06:43","slug":"hayat-elverirse","status":"publish","type":"product","link":"https:\/\/roveyayinevi.com.tr\/index.php\/urun\/hayat-elverirse\/","title":{"rendered":"Hayat Elverirse"},"content":{"rendered":"<p>\u201cHer \u00fcz\u00fcm bir g\u00fcn \u015farap olup sevdal\u0131n\u0131n kan\u0131nda sonsuz ya\u015famla tan\u0131\u015fma d\u00fc\u015f\u00fcyle b\u00fcy\u00fcr. Bu y\u00fczden \u015farap yap\u0131laca\u011f\u0131n\u0131 anlayan \u00fcz\u00fcm beklemezmi\u015f\u2026\u201dRoman\u0131n bu c\u00fcmlesi, en edebi haliyle \u00f6zetliyor gibidir kitab\u0131n olay \u00f6rg\u00fcs\u00fcn\u00fc. \u0130talyal\u0131 Elen de, bu d\u00fc\u015fle b\u00fcy\u00fctm\u00fc\u015ft\u00fcr kendisini y\u0131llar boyu, g\u00fcn gelir ve Sinan \u00e7\u0131kar kar\u015f\u0131s\u0131na. Elen haz\u0131rd\u0131r sevdal\u0131s\u0131n\u0131n kan\u0131nda sonsuz ya\u015famla tan\u0131\u015fmaya; fakat a\u015f\u0131k oldu\u011fu adam bir gerillad\u0131r ve a\u015fktan daha \u00f6te \u201ca\u015fk\u201dlar vard\u0131r hayat\u0131nda. Latin Amerika\u2019dan \u0130stanbul\u2019a uzanan bir a\u015fk ve devrim \u00f6yk\u00fcs\u00fc; Hayat Elverirse. <\/p>\n","protected":false},"excerpt":{"rendered":"<p>\u201cHer \u00fcz\u00fcm bir g\u00fcn \u015farap olup sevdal\u0131n\u0131n kan\u0131nda sonsuz ya\u015famla tan\u0131\u015fma d\u00fc\u015f\u00fcyle b\u00fcy\u00fcr. Bu y\u00fczden \u015farap yap\u0131laca\u011f\u0131n\u0131 anlayan \u00fcz\u00fcm beklemezmi\u015f\u2026\u201dRoman\u0131n bu c\u00fcmlesi, en edebi haliyle \u00f6zetliyor<span class=\"excerpt-hellip\"> [\u2026]<\/span><\/p>\n","protected":false},"featured_media":0,"template":"","meta":{"_monsterinsights_skip_tracking":false,"_monsterinsights_sitenote_active":false,"_monsterinsights_sitenote_note":"","_monsterinsights_sitenote_category":0},"product_brand":[],"product_cat":[12291,12711],"product_tag":[],"class_list":{"0":"post-696788","1":"product","2":"type-product","3":"status-publish","5":"product_cat-edebiyat","6":"product_cat-roman-oyku","7":"pa_cilt-ciltsiz","8":"pa_tur-kitap","9":"pa_yayinevi-bencekitap","10":"pa_yazar-ekrem-eksioglu","12":"first","13":"instock","14":"sale","15":"shipping-taxable","16":"purchasable","17":"product-type-simple"},"_links":{"self":[{"href":"https:\/\/roveyayinevi.com.tr\/index.php\/wp-json\/wp\/v2\/product\/696788","targetHints":{"allow":["GET"]}}],"collection":[{"href":"https:\/\/roveyayinevi.com.tr\/index.php\/wp-json\/wp\/v2\/product"}],"about":[{"href":"https:\/\/roveyayinevi.com.tr\/index.php\/wp-json\/wp\/v2\/types\/product"}],"wp:attachment":[{"href":"https:\/\/roveyayinevi.com.tr\/index.php\/wp-json\/wp\/v2\/media?parent=696788"}],"wp:term":[{"taxonomy":"product_brand","embeddable":true,"href":"https:\/\/roveyayinevi.com.tr\/index.php\/wp-json\/wp\/v2\/product_brand?post=696788"},{"taxonomy":"product_cat","embeddable":true,"href":"https:\/\/roveyayinevi.com.tr\/index.php\/wp-json\/wp\/v2\/product_cat?post=696788"},{"taxonomy":"product_tag","embeddable":true,"href":"https:\/\/roveyayinevi.com.tr\/index.php\/wp-json\/wp\/v2\/product_tag?post=696788"}],"curies":[{"name":"wp","href":"https:\/\/api.w.org\/{rel}","templated":true}]}}