{"id":696787,"date":"2025-08-27T14:36:32","date_gmt":"2025-08-27T11:36:32","guid":{"rendered":"https:\/\/roveyayinevi.com.tr\/index.php\/urun\/hal\/"},"modified":"2026-04-16T02:06:43","modified_gmt":"2026-04-15T23:06:43","slug":"hal","status":"publish","type":"product","link":"https:\/\/roveyayinevi.com.tr\/index.php\/urun\/hal\/","title":{"rendered":"Hal"},"content":{"rendered":"<p>\u0130NSANLIK KAYGISI Arif SA\u011e \/ THM Sanat\u00e7\u0131s\u0131Kurumlar, insana yapt\u0131klar\u0131 yat\u0131r\u0131m \u00f6l\u00e7\u00fcs\u00fcnde de\u011ferlenirler. Dostlu\u011fumuz ve mesaimiz s\u00fcresince Haldun Karabudak&#8217;\u0131n bulundu\u011fu kurumlar bizler i\u00e7in de\u011ferli kalmaya devam etmi\u015ftir. Bu kitab\u0131 ile de insan olabilmenin kayg\u0131s\u0131n\u0131 yans\u0131tt\u0131\u011f\u0131 i\u00e7in kendisini y\u00fcrekten kutluyorum.USTALIK Musa ERO\u011eLU \/ THMSanat\u00e7\u0131s\u0131Bir \u00e7ok d\u00f6nemini payla\u015ft\u0131\u011f\u0131m\u0131z hayat\u0131n\u0131, ger\u00e7ekten t\u00fcrk\u00fc gibi ya\u015fayan \u00e7ok sevdi\u011fim sanat\u00e7\u0131 dostum Haldun Karabudak, benim kimi s\u00f6yle\u015filerde dile getirdi\u011fim \u201cHer g\u00f6n\u00fclde bir Mihriban vard\u0131r.\u201d s\u00f6z\u00fcme, s\u00fcrekli, beni son derece duyguland\u0131ran \u201cUstal\u0131k o Mihriban\u0131 milyonlar\u0131n g\u00f6nl\u00fcne ula\u015ft\u0131rabilmektedir.\u201d s\u00f6z\u00fcn\u00fc ekledi \u2026 TRT\u2019de yapt\u0131\u011f\u0131 d\u00fczeyli programlarla, t\u00fcrk\u00fclerimizin milyonlar\u0131n g\u00f6nl\u00fcne ula\u015fmas\u0131nda \u00f6nemli katk\u0131lar\u0131 olan Haldun\u2019un, bu \u00e7al\u0131\u015fmalar\u0131n\u0131n devam\u0131 olarak g\u00f6rd\u00fc\u011f\u00fcm kitab\u0131n\u0131n, t\u00fcrk\u00fc severlerin, edebiyat severlerin g\u00f6n\u00fcllerine kolayca ula\u015faca\u011f\u0131na olan inanc\u0131m\u0131 bu vesileyle dile getirmek istiyorum \u2026 <\/p>\n","protected":false},"excerpt":{"rendered":"<p>\u0130NSANLIK KAYGISI Arif SA\u011e \/ THM Sanat\u00e7\u0131s\u0131Kurumlar, insana yapt\u0131klar\u0131 yat\u0131r\u0131m \u00f6l\u00e7\u00fcs\u00fcnde de\u011ferlenirler. Dostlu\u011fumuz ve mesaimiz s\u00fcresince Haldun Karabudak&#8217;\u0131n bulundu\u011fu kurumlar bizler i\u00e7in de\u011ferli kalmaya devam etmi\u015ftir.<span class=\"excerpt-hellip\"> [\u2026]<\/span><\/p>\n","protected":false},"featured_media":0,"template":"","meta":{"_monsterinsights_skip_tracking":false,"_monsterinsights_sitenote_active":false,"_monsterinsights_sitenote_note":"","_monsterinsights_sitenote_category":0},"product_brand":[],"product_cat":[12777,12291],"product_tag":[],"class_list":{"0":"post-696787","1":"product","2":"type-product","3":"status-publish","5":"product_cat-deneme","6":"product_cat-edebiyat","7":"pa_cilt-ciltsiz","8":"pa_tur-kitap","9":"pa_yayinevi-bencekitap","10":"pa_yazar-haldun-karabudak","12":"first","13":"instock","14":"sale","15":"shipping-taxable","16":"purchasable","17":"product-type-simple"},"_links":{"self":[{"href":"https:\/\/roveyayinevi.com.tr\/index.php\/wp-json\/wp\/v2\/product\/696787","targetHints":{"allow":["GET"]}}],"collection":[{"href":"https:\/\/roveyayinevi.com.tr\/index.php\/wp-json\/wp\/v2\/product"}],"about":[{"href":"https:\/\/roveyayinevi.com.tr\/index.php\/wp-json\/wp\/v2\/types\/product"}],"wp:attachment":[{"href":"https:\/\/roveyayinevi.com.tr\/index.php\/wp-json\/wp\/v2\/media?parent=696787"}],"wp:term":[{"taxonomy":"product_brand","embeddable":true,"href":"https:\/\/roveyayinevi.com.tr\/index.php\/wp-json\/wp\/v2\/product_brand?post=696787"},{"taxonomy":"product_cat","embeddable":true,"href":"https:\/\/roveyayinevi.com.tr\/index.php\/wp-json\/wp\/v2\/product_cat?post=696787"},{"taxonomy":"product_tag","embeddable":true,"href":"https:\/\/roveyayinevi.com.tr\/index.php\/wp-json\/wp\/v2\/product_tag?post=696787"}],"curies":[{"name":"wp","href":"https:\/\/api.w.org\/{rel}","templated":true}]}}