{"id":696784,"date":"2025-08-27T14:36:31","date_gmt":"2025-08-27T11:36:31","guid":{"rendered":"https:\/\/roveyayinevi.com.tr\/index.php\/urun\/cihla\/"},"modified":"2026-04-16T02:06:43","modified_gmt":"2026-04-15T23:06:43","slug":"cihla","status":"publish","type":"product","link":"https:\/\/roveyayinevi.com.tr\/index.php\/urun\/cihla\/","title":{"rendered":"\u00c7\u0131hla"},"content":{"rendered":"<p>Kendi deyimiyle &#8220;d\u00fcnya \u015fiirden \u015fiire do\u011fru d\u00f6n\u00fcyor , ben s\u00f6zc\u00fcklerin etraf\u0131nda g\u00fcnl\u00fck ve y\u0131ll\u0131k hareketlerimi tamaml\u0131yorum sadece\u2019\u2019 diyerek \u015fiirini \u00f6zetleyen Suat \u00d6ney&#8217;in ilk kitab\u0131 olan &#8220;\u00c7\u0131hla&#8221; \u015fairin i\u00e7 d\u00fcnyas\u0131ndaki burgusal k\u0131vr\u0131mlar\u0131 zaman zaman lirik bir dille dizelerken, zaman zaman da durgun, hep k\u0131y\u0131dan gitmeyi tercih eden temkinli bir anlat\u0131m \u015fekliyle \u00e7\u0131kar\u0131yor kar\u015f\u0131m\u0131za. <\/p>\n","protected":false},"excerpt":{"rendered":"<p>Kendi deyimiyle &#8220;d\u00fcnya \u015fiirden \u015fiire do\u011fru d\u00f6n\u00fcyor , ben s\u00f6zc\u00fcklerin etraf\u0131nda g\u00fcnl\u00fck ve y\u0131ll\u0131k hareketlerimi tamaml\u0131yorum sadece\u2019\u2019 diyerek \u015fiirini \u00f6zetleyen Suat \u00d6ney&#8217;in ilk kitab\u0131 olan &#8220;\u00c7\u0131hla&#8221;<span class=\"excerpt-hellip\"> [\u2026]<\/span><\/p>\n","protected":false},"featured_media":0,"template":"","meta":{"_monsterinsights_skip_tracking":false,"_monsterinsights_sitenote_active":false,"_monsterinsights_sitenote_note":"","_monsterinsights_sitenote_category":0},"product_brand":[],"product_cat":[12291,12509],"product_tag":[],"class_list":{"0":"post-696784","1":"product","2":"type-product","3":"status-publish","5":"product_cat-edebiyat","6":"product_cat-siir","7":"pa_cilt-ciltsiz","8":"pa_tur-kitap","9":"pa_yayinevi-bencekitap","10":"pa_yazar-suat-oney","12":"first","13":"instock","14":"sale","15":"shipping-taxable","16":"purchasable","17":"product-type-simple"},"_links":{"self":[{"href":"https:\/\/roveyayinevi.com.tr\/index.php\/wp-json\/wp\/v2\/product\/696784","targetHints":{"allow":["GET"]}}],"collection":[{"href":"https:\/\/roveyayinevi.com.tr\/index.php\/wp-json\/wp\/v2\/product"}],"about":[{"href":"https:\/\/roveyayinevi.com.tr\/index.php\/wp-json\/wp\/v2\/types\/product"}],"wp:attachment":[{"href":"https:\/\/roveyayinevi.com.tr\/index.php\/wp-json\/wp\/v2\/media?parent=696784"}],"wp:term":[{"taxonomy":"product_brand","embeddable":true,"href":"https:\/\/roveyayinevi.com.tr\/index.php\/wp-json\/wp\/v2\/product_brand?post=696784"},{"taxonomy":"product_cat","embeddable":true,"href":"https:\/\/roveyayinevi.com.tr\/index.php\/wp-json\/wp\/v2\/product_cat?post=696784"},{"taxonomy":"product_tag","embeddable":true,"href":"https:\/\/roveyayinevi.com.tr\/index.php\/wp-json\/wp\/v2\/product_tag?post=696784"}],"curies":[{"name":"wp","href":"https:\/\/api.w.org\/{rel}","templated":true}]}}