{"id":696783,"date":"2025-08-27T14:36:31","date_gmt":"2025-08-27T11:36:31","guid":{"rendered":"https:\/\/roveyayinevi.com.tr\/index.php\/urun\/goc-uk\/"},"modified":"2026-04-16T02:06:43","modified_gmt":"2026-04-15T23:06:43","slug":"goc-uk","status":"publish","type":"product","link":"https:\/\/roveyayinevi.com.tr\/index.php\/urun\/goc-uk\/","title":{"rendered":"G\u00f6\u00e7\/\u00fck"},"content":{"rendered":"<p>Yola \u00e7\u0131kmadan \u00f6nce bilemezdi yolun sonunun nereye varaca\u011f\u0131n\u0131, kimlerle kar\u015f\u0131la\u015faca\u011f\u0131n\u0131. Geldi, sabah be\u015fte kalkt\u0131 y\u0131llarca; g\u00fcne\u015f batarken d\u00f6nd\u00fc evine. D\u00fc\u015f kurmay\u0131 unuttu: g\u00f6rd\u00fc Hanya&#8217;y\u0131 Konya&#8217;y\u0131 gurbette! Ke\u015fke hi\u00e7 gelmeseydim buralara, demedi. D\u00f6n\u00fc\u015f yolunu g\u00f6zlerdi bir zamanlar. Art\u0131k d\u00f6n\u00fc\u015f de yok geriye. Bitti. Yol bitti Kar ya\u011f\u0131yorHayat dolu bir kad\u0131n sa\u00e7lar\u0131n\u0131 savurarak ge\u00e7ip gitti yan\u0131ndan. <\/p>\n","protected":false},"excerpt":{"rendered":"<p>Yola \u00e7\u0131kmadan \u00f6nce bilemezdi yolun sonunun nereye varaca\u011f\u0131n\u0131, kimlerle kar\u015f\u0131la\u015faca\u011f\u0131n\u0131. Geldi, sabah be\u015fte kalkt\u0131 y\u0131llarca; g\u00fcne\u015f batarken d\u00f6nd\u00fc evine. D\u00fc\u015f kurmay\u0131 unuttu: g\u00f6rd\u00fc Hanya&#8217;y\u0131 Konya&#8217;y\u0131 gurbette!<span class=\"excerpt-hellip\"> [\u2026]<\/span><\/p>\n","protected":false},"featured_media":0,"template":"","meta":{"_monsterinsights_skip_tracking":false,"_monsterinsights_sitenote_active":false,"_monsterinsights_sitenote_note":"","_monsterinsights_sitenote_category":0},"product_brand":[],"product_cat":[12777,12291],"product_tag":[],"class_list":{"0":"post-696783","1":"product","2":"type-product","3":"status-publish","5":"product_cat-deneme","6":"product_cat-edebiyat","7":"pa_cilt-ciltsiz","8":"pa_tur-kitap","9":"pa_yayinevi-bencekitap","10":"pa_yazar-gultekin-emre","12":"first","13":"instock","14":"sale","15":"shipping-taxable","16":"purchasable","17":"product-type-simple"},"_links":{"self":[{"href":"https:\/\/roveyayinevi.com.tr\/index.php\/wp-json\/wp\/v2\/product\/696783","targetHints":{"allow":["GET"]}}],"collection":[{"href":"https:\/\/roveyayinevi.com.tr\/index.php\/wp-json\/wp\/v2\/product"}],"about":[{"href":"https:\/\/roveyayinevi.com.tr\/index.php\/wp-json\/wp\/v2\/types\/product"}],"wp:attachment":[{"href":"https:\/\/roveyayinevi.com.tr\/index.php\/wp-json\/wp\/v2\/media?parent=696783"}],"wp:term":[{"taxonomy":"product_brand","embeddable":true,"href":"https:\/\/roveyayinevi.com.tr\/index.php\/wp-json\/wp\/v2\/product_brand?post=696783"},{"taxonomy":"product_cat","embeddable":true,"href":"https:\/\/roveyayinevi.com.tr\/index.php\/wp-json\/wp\/v2\/product_cat?post=696783"},{"taxonomy":"product_tag","embeddable":true,"href":"https:\/\/roveyayinevi.com.tr\/index.php\/wp-json\/wp\/v2\/product_tag?post=696783"}],"curies":[{"name":"wp","href":"https:\/\/api.w.org\/{rel}","templated":true}]}}