{"id":696782,"date":"2025-08-27T14:36:31","date_gmt":"2025-08-27T11:36:31","guid":{"rendered":"https:\/\/roveyayinevi.com.tr\/index.php\/urun\/ender-sariyati-olume-direnen-siirler\/"},"modified":"2026-04-16T02:06:43","modified_gmt":"2026-04-15T23:06:43","slug":"ender-sariyati-olume-direnen-siirler","status":"publish","type":"product","link":"https:\/\/roveyayinevi.com.tr\/index.php\/urun\/ender-sariyati-olume-direnen-siirler\/","title":{"rendered":"Ender Sar\u0131yat\u0131 &#8211; \u00d6l\u00fcme Direnen \u015eiirler"},"content":{"rendered":"<p>\u201ckalabal\u0131ktan co\u015fkuyla i\u00e7imeko\u015farak bir kad\u0131n geliyora\u011fz\u0131nda t\u00fcrk\u00fcd\u00fcr ya\u015famakkuyudan \u00e7\u0131kar\u0131yorg\u00f6ky\u00fcz\u00fcn\u00fc \u0131slak\u201d( G\u00f6ky\u00fcz\u00fc Islak, Ender SARIYATI )Bir ak\u015fam\u00fcst\u00fc, yine kendini \u0130zmir caddelerine vurmak i\u00e7in paltosunu giymeye \u00e7al\u0131\u015f\u0131rken, k\u0131sa bir \u00e7\u0131\u011fl\u0131\u011f\u0131n ard\u0131ndan yere y\u0131\u011f\u0131ld\u0131\u011f\u0131n\u0131 s\u00f6ylemi\u015fti annesi Hatice Sar\u0131yat\u0131!..\u00c7o\u011fu \u015fiirleri gibi yar\u0131m kalan ya\u015fam\u0131n\u0131n dason isyan \u00e7\u0131\u011fl\u0131\u011f\u0131 bu oldu.\u201cBir bomba gibi patl\u0131yorum \u015fehre\u201d der bir dizesinde.Ger\u00e7ekten uzun s\u00fcren yoksulluk ve yoksunluklara direnmekten yorgun d\u00fc\u015fen y\u00fcre\u011fi, ans\u0131z\u0131n bir bomba gibi patlayarak durdu. Geride, \u015fiirin ve dostlar\u0131n\u0131n g\u00f6nl\u00fcnde onulmaz y\u0131k\u0131nt\u0131lar b\u0131rakarak. Ama \u015fiirleri \u00f6l\u00fcme direnmeye \u00e7al\u0131\u015f\u0131yor h\u00e2l\u00e2\u202628 y\u0131ll\u0131k bir ya\u015famda \u015fiir ad\u0131na neler yap\u0131labilirse onu yapm\u0131\u015ft\u0131r Ender Sar\u0131yat\u0131, hem soylu bir bi\u00e7imde\u20261970\u2019li y\u0131llar\u0131n hemen ba\u015f\u0131nda, Soyut, Yordam ve Dost gibi o d\u00f6nemin en yayg\u0131n edebiyat dergilerinde yay\u0131mlanan \u015fiirleri en g\u00fczel kan\u0131t\u0131d\u0131r bunun.Trajik bir ya\u015famdan arta kalan \u015fiirlerin ge\u00e7 de olsa g\u00fcn \u0131\u015f\u0131\u011f\u0131na \u00e7\u0131kar\u0131lmas\u0131ndan, bizler kadar okurlar\u0131n da sevin\u00e7 duyacaklar\u0131na inan\u0131yorum.Ahmet BAH\u00c7EVAN <\/p>\n","protected":false},"excerpt":{"rendered":"<p>\u201ckalabal\u0131ktan co\u015fkuyla i\u00e7imeko\u015farak bir kad\u0131n geliyora\u011fz\u0131nda t\u00fcrk\u00fcd\u00fcr ya\u015famakkuyudan \u00e7\u0131kar\u0131yorg\u00f6ky\u00fcz\u00fcn\u00fc \u0131slak\u201d( G\u00f6ky\u00fcz\u00fc Islak, Ender SARIYATI )Bir ak\u015fam\u00fcst\u00fc, yine kendini \u0130zmir caddelerine vurmak i\u00e7in paltosunu giymeye \u00e7al\u0131\u015f\u0131rken, k\u0131sa<span class=\"excerpt-hellip\"> [\u2026]<\/span><\/p>\n","protected":false},"featured_media":0,"template":"","meta":{"_monsterinsights_skip_tracking":false,"_monsterinsights_sitenote_active":false,"_monsterinsights_sitenote_note":"","_monsterinsights_sitenote_category":0},"product_brand":[],"product_cat":[12291,12509],"product_tag":[],"class_list":{"0":"post-696782","1":"product","2":"type-product","3":"status-publish","5":"product_cat-edebiyat","6":"product_cat-siir","7":"pa_cilt-ciltsiz","8":"pa_tur-kitap","9":"pa_yayinevi-bencekitap","10":"pa_yazar-ender-sariyati","12":"first","13":"instock","14":"sale","15":"shipping-taxable","16":"purchasable","17":"product-type-simple"},"_links":{"self":[{"href":"https:\/\/roveyayinevi.com.tr\/index.php\/wp-json\/wp\/v2\/product\/696782","targetHints":{"allow":["GET"]}}],"collection":[{"href":"https:\/\/roveyayinevi.com.tr\/index.php\/wp-json\/wp\/v2\/product"}],"about":[{"href":"https:\/\/roveyayinevi.com.tr\/index.php\/wp-json\/wp\/v2\/types\/product"}],"wp:attachment":[{"href":"https:\/\/roveyayinevi.com.tr\/index.php\/wp-json\/wp\/v2\/media?parent=696782"}],"wp:term":[{"taxonomy":"product_brand","embeddable":true,"href":"https:\/\/roveyayinevi.com.tr\/index.php\/wp-json\/wp\/v2\/product_brand?post=696782"},{"taxonomy":"product_cat","embeddable":true,"href":"https:\/\/roveyayinevi.com.tr\/index.php\/wp-json\/wp\/v2\/product_cat?post=696782"},{"taxonomy":"product_tag","embeddable":true,"href":"https:\/\/roveyayinevi.com.tr\/index.php\/wp-json\/wp\/v2\/product_tag?post=696782"}],"curies":[{"name":"wp","href":"https:\/\/api.w.org\/{rel}","templated":true}]}}