{"id":696777,"date":"2025-08-27T14:36:30","date_gmt":"2025-08-27T11:36:30","guid":{"rendered":"https:\/\/roveyayinevi.com.tr\/index.php\/urun\/siriustan-gelen-kurbaga\/"},"modified":"2026-04-16T02:06:43","modified_gmt":"2026-04-15T23:06:43","slug":"siriustan-gelen-kurbaga","status":"publish","type":"product","link":"https:\/\/roveyayinevi.com.tr\/index.php\/urun\/siriustan-gelen-kurbaga\/","title":{"rendered":"Sirius\u2019tan Gelen Kurba\u011fa"},"content":{"rendered":"<p>H\u0131rsl\u0131 melez g\u00fczeli Gwendolyn Mati borsa simsar\u0131d\u0131r. Paskalya arifesinde borsa \u00e7\u00f6k\u00fcnce,  kendine ve m\u00fc\u015fterilerine ait paralar\u0131 kurtarman\u0131n derdine d\u00fc\u015fer. Ayn\u0131 zamanda imana gelmi\u015f bir maymunun kaybolmas\u0131, sokak serserilerinin sald\u0131r\u0131s\u0131na u\u011framak, 130 kiloluk kaftanl\u0131-t\u00fcrbanl\u0131 medyum arkada\u015f\u0131n\u0131n s\u0131rra kadem basmas\u0131 gibi kariyeriyle ilgisi olmayan meselelerle bo\u011fu\u015fmak zorunda kal\u0131r. Bunlar yetmezmi\u015f gibi Timbuktu\u2019dan yeni gelen kurt borsac\u0131 Larry Diamond da da\u011f\u0131lm\u0131\u015f hayat\u0131n\u0131n tam ortas\u0131na d\u00fc\u015fer. Gwen, i\u015fiyle ve parayla ilgili h\u0131rslar\u0131n\u0131 tatmin etmek i\u00e7in binbir dolap \u00e7evirmeye \u00e7abalad\u0131\u011f\u0131 \u00fc\u00e7 g\u00fcn boyunca Larry\u2019nin ayk\u0131r\u0131 tav\u0131rlar\u0131n\u0131n ve cinselli\u011finin cazibesinden kurtulamaz. Onun etkisiyle kurba\u011fa n\u00fcfusunun neden h\u0131zla azald\u0131\u011f\u0131, Afrika\u2019n\u0131n \u00fccra bir k\u00f6\u015fesindeki Bozo kabilesinin Sirius y\u0131ld\u0131z\u0131yla ilgili s\u0131rlara binlerce y\u0131ldan beri nas\u0131l olup da vak\u0131f oldu\u011fu, eski \u00c7in imparatori\u00e7esinin ucu ye\u015fimden kristal lavman\u0131yla rektum kanserinin tedavi edilip edilemeyece\u011fi, Tarot kartlar\u0131ndan birinin de\u011fi\u015ftirilmesinin anlam\u0131 gibi sorularla bo\u011fu\u015fur\u2026 Tom Robbins, yay\u0131nevimizden \u00e7\u0131kan Parf\u00fcm\u00fcn Dans\u0131, Dur Bir Mola Ver ve A\u011fa\u00e7kakan\u2019da oldu\u011fu gibi bu roman\u0131nda da kahramanlar\u0131n\u0131 bamba\u015fka bir atmosfer i\u00e7inde yeniden yarat\u0131rken ger\u00e7ekli\u011fin bilinmedik yanlar\u0131na projekt\u00f6r tutuyor. Hi\u00e7bir \u015feyin g\u00f6r\u00fcnd\u00fc\u011f\u00fc gibi olmad\u0131\u011f\u0131n\u0131 vurgulayarak, trajikomik bir \u00e7\u0131lg\u0131nl\u0131k i\u00e7inde d\u00f6n\u00fcp duran d\u00fcnyam\u0131z\u0131n alt\u00fcst olmu\u015f de\u011ferlerini benzersiz bir bi\u00e7imde sorguluyor\u2026   THOMAS EUGENE ROBBINS Amerikal\u0131 roman ve k\u0131sa hik\u00e2ye yazar\u0131 (d. 1936). Robbins, \u201cOyunculluk, u\u00e7ar\u0131l\u0131k de\u011fil bilgeliktir,\u201d g\u00f6r\u00fc\u015f\u00fcn\u00fc \u00f6n plana \u00e7\u0131kar\u0131p \u00e7\u0131lg\u0131nl\u0131k derecesinde oyuncul romanlar yazmaktad\u0131r. Romanlar\u0131, hayat\u0131n daha ciddi yanlar\u0131n\u0131 ink\u00e2r etmez; \u201cher \u015feye ra\u011fmen mutluluk\u201d ilkesinin savunuculu\u011funu yapar. Bu ilkenin i\u00e7erdi\u011fi mesaj\u0131, romanlar\u0131ndaki karakterlerin felsefeleri ve ayn\u0131 zamanda da incelikli yaz\u0131 bi\u00e7emiyle iletir. Edepsiz kelime oyunlar\u0131, alakas\u0131z sonu\u00e7lar, z\u0131tl\u0131k i\u00e7eren ifadeler, ara s\u00f6zler, Robbins\u2019in anlat\u0131m\u0131n\u0131n belli ba\u015fl\u0131 \u00f6zellikleridir. Romanlar\u0131 yaln\u0131zca edebi uzla\u015f\u0131mlar\u0131 de\u011fil, insano\u011flunu tatmin etmenin en iyi yolu hakk\u0131nda toplumda yer alan varsay\u0131mlar\u0131 da sorgular. Robbins, panteizm, mistik Do\u011fu dinleri ve Yeni Fizik gibi \u00e7e\u015fitli kaynaklardan alternatif d\u00fc\u015f\u00fcnceleri bir araya getirir. <\/p>\n","protected":false},"excerpt":{"rendered":"<p>H\u0131rsl\u0131 melez g\u00fczeli Gwendolyn Mati borsa simsar\u0131d\u0131r. Paskalya arifesinde borsa \u00e7\u00f6k\u00fcnce, kendine ve m\u00fc\u015fterilerine ait paralar\u0131 kurtarman\u0131n derdine d\u00fc\u015fer. Ayn\u0131 zamanda imana gelmi\u015f bir maymunun kaybolmas\u0131,<span class=\"excerpt-hellip\"> [\u2026]<\/span><\/p>\n","protected":false},"featured_media":0,"template":"","meta":{"_monsterinsights_skip_tracking":false,"_monsterinsights_sitenote_active":false,"_monsterinsights_sitenote_note":"","_monsterinsights_sitenote_category":0},"product_brand":[],"product_cat":[12891,12291],"product_tag":[],"class_list":{"0":"post-696777","1":"product","2":"type-product","3":"status-publish","5":"product_cat-amerikan-edebiyati","6":"product_cat-edebiyat","7":"pa_cilt-ciltsiz","8":"pa_tur-kitap","9":"pa_yayinevi-ayrinti-yayinlari","10":"pa_yazar-tom-robbins","12":"first","13":"instock","14":"sale","15":"shipping-taxable","16":"purchasable","17":"product-type-simple"},"_links":{"self":[{"href":"https:\/\/roveyayinevi.com.tr\/index.php\/wp-json\/wp\/v2\/product\/696777","targetHints":{"allow":["GET"]}}],"collection":[{"href":"https:\/\/roveyayinevi.com.tr\/index.php\/wp-json\/wp\/v2\/product"}],"about":[{"href":"https:\/\/roveyayinevi.com.tr\/index.php\/wp-json\/wp\/v2\/types\/product"}],"wp:attachment":[{"href":"https:\/\/roveyayinevi.com.tr\/index.php\/wp-json\/wp\/v2\/media?parent=696777"}],"wp:term":[{"taxonomy":"product_brand","embeddable":true,"href":"https:\/\/roveyayinevi.com.tr\/index.php\/wp-json\/wp\/v2\/product_brand?post=696777"},{"taxonomy":"product_cat","embeddable":true,"href":"https:\/\/roveyayinevi.com.tr\/index.php\/wp-json\/wp\/v2\/product_cat?post=696777"},{"taxonomy":"product_tag","embeddable":true,"href":"https:\/\/roveyayinevi.com.tr\/index.php\/wp-json\/wp\/v2\/product_tag?post=696777"}],"curies":[{"name":"wp","href":"https:\/\/api.w.org\/{rel}","templated":true}]}}