{"id":696774,"date":"2025-08-27T14:36:29","date_gmt":"2025-08-27T11:36:29","guid":{"rendered":"https:\/\/roveyayinevi.com.tr\/index.php\/urun\/cokluk\/"},"modified":"2026-04-16T02:06:43","modified_gmt":"2026-04-15T23:06:43","slug":"cokluk","status":"publish","type":"product","link":"https:\/\/roveyayinevi.com.tr\/index.php\/urun\/cokluk\/","title":{"rendered":"\u00c7okluk"},"content":{"rendered":"<p>Hardt ve Negri\u2019nin imparatorluk\u2019u yay\u0131mland\u0131\u011f\u0131nda, d\u00fcnyadaki muhalif g\u00fc\u00e7ler uzun y\u0131llar\u0131n ataletini yeni yeni k\u0131rmaya, k\u00fcresel egemenli\u011fin bu yeni bi\u00e7imini sorgulamaya ba\u015fl\u0131yordu. Kitapta yazarlar, emperyalizm teriminin art\u0131k g\u00fcn\u00fcm\u00fcz\u00fc a\u00e7\u0131klayamad\u0131\u011f\u0131n\u0131, bunun yerine ulus-devletler kadar ulus\u00fcst\u00fc kurum, \u015firket ve STK\u2019lar\u0131 da i\u00e7eren, her yere yay\u0131lan bir emperyal a\u011f\u0131r var oldu\u011funu savundular; bu yeni egemenlik bi\u00e7imi kar\u015f\u0131s\u0131nda ulusal ve yerel eksenli direni\u015flerin etkisiz kald\u0131\u011f\u0131n\u0131 s\u00f6yleyip yeni bir enternasyonalizm \u00f6nerdiler. \u0130mparatorluk\u2019un tamamlay\u0131c\u0131s\u0131 niteli\u011findeki \u00c7okluk, Seattle\u2019dan Irak Sava\u015f\u0131 protestolar\u0131na kadar bu \u00f6nerinin pratikte denendi\u011fi, bir\u00e7ok toplumsal eylemi ve meydan okuduklar\u0131 k\u00fcresel s\u00fcrekli sava\u015f halini a\u00e7\u0131kl\u0131yor, bir m\u00fccadele perspektifi \u00e7iziyor. \ufffcTan\u0131t\u0131m Metni<\/p>\n","protected":false},"excerpt":{"rendered":"<p>Hardt ve Negri\u2019nin imparatorluk\u2019u yay\u0131mland\u0131\u011f\u0131nda, d\u00fcnyadaki muhalif g\u00fc\u00e7ler uzun y\u0131llar\u0131n ataletini yeni yeni k\u0131rmaya, k\u00fcresel egemenli\u011fin bu yeni bi\u00e7imini sorgulamaya ba\u015fl\u0131yordu. Kitapta yazarlar, emperyalizm teriminin art\u0131k<span class=\"excerpt-hellip\"> [\u2026]<\/span><\/p>\n","protected":false},"featured_media":0,"template":"","meta":{"_monsterinsights_skip_tracking":false,"_monsterinsights_sitenote_active":false,"_monsterinsights_sitenote_note":"","_monsterinsights_sitenote_category":0},"product_brand":[],"product_cat":[12312,12304],"product_tag":[],"class_list":{"0":"post-696774","1":"product","2":"type-product","3":"status-publish","5":"product_cat-diger","6":"product_cat-tarih","7":"pa_cilt-ciltsiz","8":"pa_tur-kitap","9":"pa_yayinevi-ayrinti-yayinlari","10":"pa_yazar-michael-hardt-antonio-negri","12":"first","13":"instock","14":"sale","15":"shipping-taxable","16":"purchasable","17":"product-type-simple"},"_links":{"self":[{"href":"https:\/\/roveyayinevi.com.tr\/index.php\/wp-json\/wp\/v2\/product\/696774","targetHints":{"allow":["GET"]}}],"collection":[{"href":"https:\/\/roveyayinevi.com.tr\/index.php\/wp-json\/wp\/v2\/product"}],"about":[{"href":"https:\/\/roveyayinevi.com.tr\/index.php\/wp-json\/wp\/v2\/types\/product"}],"wp:attachment":[{"href":"https:\/\/roveyayinevi.com.tr\/index.php\/wp-json\/wp\/v2\/media?parent=696774"}],"wp:term":[{"taxonomy":"product_brand","embeddable":true,"href":"https:\/\/roveyayinevi.com.tr\/index.php\/wp-json\/wp\/v2\/product_brand?post=696774"},{"taxonomy":"product_cat","embeddable":true,"href":"https:\/\/roveyayinevi.com.tr\/index.php\/wp-json\/wp\/v2\/product_cat?post=696774"},{"taxonomy":"product_tag","embeddable":true,"href":"https:\/\/roveyayinevi.com.tr\/index.php\/wp-json\/wp\/v2\/product_tag?post=696774"}],"curies":[{"name":"wp","href":"https:\/\/api.w.org\/{rel}","templated":true}]}}