{"id":696773,"date":"2025-08-27T14:36:28","date_gmt":"2025-08-27T11:36:28","guid":{"rendered":"https:\/\/roveyayinevi.com.tr\/index.php\/urun\/bahar-kiskirtmasi\/"},"modified":"2026-04-05T02:07:30","modified_gmt":"2026-04-04T23:07:30","slug":"bahar-kiskirtmasi","status":"publish","type":"product","link":"https:\/\/roveyayinevi.com.tr\/index.php\/urun\/bahar-kiskirtmasi\/","title":{"rendered":"Bahar K\u0131\u015fk\u0131rtmas\u0131"},"content":{"rendered":"<p>Bulut a\u011far, toprak g\u00fcne\u015fi sa\u011far Durur bir topak yeniyetme k\u00f6k Can suyudur \u015fekerparesi ya\u011fmurlar K\u0131rk kap\u0131n\u0131n \u00e7ingenesi bir daha \u00e7alar \u0130\u00e7inde k\u00f6\u00e7ek tutar k\u0131\u015fk\u0131rt\u0131c\u0131 bahar. <\/p>\n","protected":false},"excerpt":{"rendered":"<p>Bulut a\u011far, toprak g\u00fcne\u015fi sa\u011far Durur bir topak yeniyetme k\u00f6k Can suyudur \u015fekerparesi ya\u011fmurlar K\u0131rk kap\u0131n\u0131n \u00e7ingenesi bir daha \u00e7alar \u0130\u00e7inde k\u00f6\u00e7ek tutar k\u0131\u015fk\u0131rt\u0131c\u0131 bahar.<\/p>\n","protected":false},"featured_media":0,"template":"","meta":{"_monsterinsights_skip_tracking":false,"_monsterinsights_sitenote_active":false,"_monsterinsights_sitenote_note":"","_monsterinsights_sitenote_category":0},"product_brand":[],"product_cat":[12291,12509],"product_tag":[],"class_list":{"0":"post-696773","1":"product","2":"type-product","3":"status-publish","5":"product_cat-edebiyat","6":"product_cat-siir","7":"pa_cilt-ciltsiz","8":"pa_tur-kitap","9":"pa_yayinevi-bencekitap","10":"pa_yazar-abdullah-nefes","12":"first","13":"instock","14":"sale","15":"shipping-taxable","16":"purchasable","17":"product-type-simple"},"_links":{"self":[{"href":"https:\/\/roveyayinevi.com.tr\/index.php\/wp-json\/wp\/v2\/product\/696773","targetHints":{"allow":["GET"]}}],"collection":[{"href":"https:\/\/roveyayinevi.com.tr\/index.php\/wp-json\/wp\/v2\/product"}],"about":[{"href":"https:\/\/roveyayinevi.com.tr\/index.php\/wp-json\/wp\/v2\/types\/product"}],"wp:attachment":[{"href":"https:\/\/roveyayinevi.com.tr\/index.php\/wp-json\/wp\/v2\/media?parent=696773"}],"wp:term":[{"taxonomy":"product_brand","embeddable":true,"href":"https:\/\/roveyayinevi.com.tr\/index.php\/wp-json\/wp\/v2\/product_brand?post=696773"},{"taxonomy":"product_cat","embeddable":true,"href":"https:\/\/roveyayinevi.com.tr\/index.php\/wp-json\/wp\/v2\/product_cat?post=696773"},{"taxonomy":"product_tag","embeddable":true,"href":"https:\/\/roveyayinevi.com.tr\/index.php\/wp-json\/wp\/v2\/product_tag?post=696773"}],"curies":[{"name":"wp","href":"https:\/\/api.w.org\/{rel}","templated":true}]}}