{"id":696772,"date":"2025-08-27T14:36:28","date_gmt":"2025-08-27T11:36:28","guid":{"rendered":"https:\/\/roveyayinevi.com.tr\/index.php\/urun\/ay-aslinda-camdandir\/"},"modified":"2025-10-23T02:50:56","modified_gmt":"2025-10-22T23:50:56","slug":"ay-aslinda-camdandir","status":"publish","type":"product","link":"https:\/\/roveyayinevi.com.tr\/index.php\/urun\/ay-aslinda-camdandir\/","title":{"rendered":"Ay Asl\u0131nda Camdand\u0131r"},"content":{"rendered":"<p>Ge\u00e7enlerde r\u00fcyama girdi Sadullah. Ba\u015f\u0131ndan kanlar ak\u0131yordu odan\u0131n i\u00e7ine. \u2018Sado niye b\u00f6yle yapt\u0131n, niye k\u0131yd\u0131n kendine?\u2019 dedim. Ba\u015f\u0131n\u0131 su\u00e7lu su\u00e7lu \u00f6n\u00fcne e\u011fdi, bir cevap vermedi bana. \u2018Seni cennete mi ald\u0131lar, yoksa cehenneme mi att\u0131lar?\u2019 dedim. \u2018Daha mahkemem tamamlanmad\u0131, \u00f6ylece g\u00f6ky\u00fcz\u00fcnde bekliyorum \u015fimdilik\u2019 dedi. \u2018O zaman yak\u0131ndan g\u00f6rm\u00fc\u015fs\u00fcnd\u00fcr; s\u00f6yle, ay k\u0131\u015fl\u0131k kavun mudur, yoksa g\u00fcm\u00fc\u015f tepsi mi? dedim. \u2018Ne o, ne de \u00f6b\u00fcr\u00fc; ay asl\u0131nda camdand\u0131r\u2019 dedi. <\/p>\n","protected":false},"excerpt":{"rendered":"<p>Ge\u00e7enlerde r\u00fcyama girdi Sadullah. Ba\u015f\u0131ndan kanlar ak\u0131yordu odan\u0131n i\u00e7ine. \u2018Sado niye b\u00f6yle yapt\u0131n, niye k\u0131yd\u0131n kendine?\u2019 dedim. Ba\u015f\u0131n\u0131 su\u00e7lu su\u00e7lu \u00f6n\u00fcne e\u011fdi, bir cevap vermedi bana.<span class=\"excerpt-hellip\"> [\u2026]<\/span><\/p>\n","protected":false},"featured_media":0,"template":"","meta":{"_monsterinsights_skip_tracking":false,"_monsterinsights_sitenote_active":false,"_monsterinsights_sitenote_note":"","_monsterinsights_sitenote_category":0},"product_brand":[],"product_cat":[12291,12711],"product_tag":[],"class_list":{"0":"post-696772","1":"product","2":"type-product","3":"status-publish","5":"product_cat-edebiyat","6":"product_cat-roman-oyku","7":"pa_cilt-ciltsiz","8":"pa_tur-kitap","9":"pa_yayinevi-bencekitap","10":"pa_yazar-hamdi-ozyurt","12":"first","13":"instock","14":"sale","15":"shipping-taxable","16":"purchasable","17":"product-type-simple"},"_links":{"self":[{"href":"https:\/\/roveyayinevi.com.tr\/index.php\/wp-json\/wp\/v2\/product\/696772","targetHints":{"allow":["GET"]}}],"collection":[{"href":"https:\/\/roveyayinevi.com.tr\/index.php\/wp-json\/wp\/v2\/product"}],"about":[{"href":"https:\/\/roveyayinevi.com.tr\/index.php\/wp-json\/wp\/v2\/types\/product"}],"wp:attachment":[{"href":"https:\/\/roveyayinevi.com.tr\/index.php\/wp-json\/wp\/v2\/media?parent=696772"}],"wp:term":[{"taxonomy":"product_brand","embeddable":true,"href":"https:\/\/roveyayinevi.com.tr\/index.php\/wp-json\/wp\/v2\/product_brand?post=696772"},{"taxonomy":"product_cat","embeddable":true,"href":"https:\/\/roveyayinevi.com.tr\/index.php\/wp-json\/wp\/v2\/product_cat?post=696772"},{"taxonomy":"product_tag","embeddable":true,"href":"https:\/\/roveyayinevi.com.tr\/index.php\/wp-json\/wp\/v2\/product_tag?post=696772"}],"curies":[{"name":"wp","href":"https:\/\/api.w.org\/{rel}","templated":true}]}}