{"id":696769,"date":"2025-08-27T14:36:27","date_gmt":"2025-08-27T11:36:27","guid":{"rendered":"https:\/\/roveyayinevi.com.tr\/index.php\/urun\/30-arti-1\/"},"modified":"2026-04-16T02:06:42","modified_gmt":"2026-04-15T23:06:42","slug":"30-arti-1","status":"publish","type":"product","link":"https:\/\/roveyayinevi.com.tr\/index.php\/urun\/30-arti-1\/","title":{"rendered":"30 Art\u0131 1"},"content":{"rendered":"<p>Hayat\u0131m boyunca \u00e7\u0131kamayaca\u011f\u0131m hi\u00e7bir kat\u0131n olmad\u0131\u011f\u0131n\u0131 d\u00fc\u015f\u00fcnd\u00fcm durdum. Yoktu da. Ve son merdivenden sonra g\u00f6ky\u00fcz\u00fcne dokunabilecek kadar yak\u0131n oldu\u011fumu hissettim. Dokunabilirdim de. Ama yukar\u0131da g\u00f6rd\u00fc\u011f\u00fcm saf ayd\u0131nl\u0131k, bana diplerin karanl\u0131\u011f\u0131ndan daha iyi gelmiyordu. Ben bu de\u011fildim. Ve olmad\u0131\u011f\u0131m ki\u015fiden geriye, art\u0131k b\u0131kk\u0131n bir adam kalm\u0131\u015ft\u0131. B\u0131kk\u0131n ve geriye d\u00f6nemeyecek kadar da yorgun.Neredeyse her g\u00fcne k\u00fc\u00e7\u00fck ve yeni umutlarla ba\u015fl\u0131yor, ama g\u00fcn\u00fcn i\u00e7inde ya da sonunda intihar e\u011filimi kazan\u0131yordum. Ya da zaten sahip oldu\u011fum bir \u015fey tekrar g\u00f6z\u00fcm\u00fcn \u00f6n\u00fcnde beliriyordu. Korkuyordum. D\u00fcnyan\u0131n en cesur korka\u011f\u0131yd\u0131m. Korkumla sava\u015f\u0131yordum. Korkumu yeniyordum, ama sevinemiyordum da.Sonunu g\u00f6remedi\u011fim bir yolda y\u00fcr\u00fcd\u00fc\u011f\u00fcm\u00fc \u00e7ok \u00f6nceleri fark etmi\u015ftim. Belki de sonu olmayan bir yolda. Y\u00fcr\u00fcmemi sa\u011flayan \u015fey ama\u00e7lar\u0131md\u0131. Ve sahip oldu\u011fum ama\u00e7lar\u0131n de\u011fersizli\u011fi ve ula\u015f\u0131labilirli\u011fi beni k\u00f6t\u00fc hissettiriyordu. Hayatta kalmam\u0131 sa\u011fl\u0131yorlar, fakat hayat\u0131 tatmam\u0131 bir \u015fekilde engelliyorlard\u0131.Nas\u0131l oldu bilmiyorum, ama o g\u00fcn, odam\u0131n bir k\u00f6\u015fesinde oturup, hi\u00e7bir \u015fey yapmadan kafamdan bu d\u00fc\u015f\u00fcnceleri ge\u00e7irirken, fark etmeden Ne\u015fe&#8217;yi unuttum. Sanki i\u00e7imde y\u0131llard\u0131r duran ve ruhumu emen o yarat\u0131k, kendili\u011finden yok olmu\u015ftu. O g\u00fcnden sonra da bir daha ona yazmad\u0131m. Yazd\u0131\u011f\u0131m son mektubuysa hi\u00e7bir zaman atmad\u0131m. <\/p>\n","protected":false},"excerpt":{"rendered":"<p>Hayat\u0131m boyunca \u00e7\u0131kamayaca\u011f\u0131m hi\u00e7bir kat\u0131n olmad\u0131\u011f\u0131n\u0131 d\u00fc\u015f\u00fcnd\u00fcm durdum. Yoktu da. Ve son merdivenden sonra g\u00f6ky\u00fcz\u00fcne dokunabilecek kadar yak\u0131n oldu\u011fumu hissettim. Dokunabilirdim de. Ama yukar\u0131da g\u00f6rd\u00fc\u011f\u00fcm saf<span class=\"excerpt-hellip\"> [\u2026]<\/span><\/p>\n","protected":false},"featured_media":0,"template":"","meta":{"_monsterinsights_skip_tracking":false,"_monsterinsights_sitenote_active":false,"_monsterinsights_sitenote_note":"","_monsterinsights_sitenote_category":0},"product_brand":[],"product_cat":[12291,12711],"product_tag":[],"class_list":{"0":"post-696769","1":"product","2":"type-product","3":"status-publish","5":"product_cat-edebiyat","6":"product_cat-roman-oyku","7":"pa_cilt-ciltsiz","8":"pa_tur-kitap","9":"pa_yayinevi-bencekitap","10":"pa_yazar-mert-durmazer","12":"first","13":"instock","14":"sale","15":"shipping-taxable","16":"purchasable","17":"product-type-simple"},"_links":{"self":[{"href":"https:\/\/roveyayinevi.com.tr\/index.php\/wp-json\/wp\/v2\/product\/696769","targetHints":{"allow":["GET"]}}],"collection":[{"href":"https:\/\/roveyayinevi.com.tr\/index.php\/wp-json\/wp\/v2\/product"}],"about":[{"href":"https:\/\/roveyayinevi.com.tr\/index.php\/wp-json\/wp\/v2\/types\/product"}],"wp:attachment":[{"href":"https:\/\/roveyayinevi.com.tr\/index.php\/wp-json\/wp\/v2\/media?parent=696769"}],"wp:term":[{"taxonomy":"product_brand","embeddable":true,"href":"https:\/\/roveyayinevi.com.tr\/index.php\/wp-json\/wp\/v2\/product_brand?post=696769"},{"taxonomy":"product_cat","embeddable":true,"href":"https:\/\/roveyayinevi.com.tr\/index.php\/wp-json\/wp\/v2\/product_cat?post=696769"},{"taxonomy":"product_tag","embeddable":true,"href":"https:\/\/roveyayinevi.com.tr\/index.php\/wp-json\/wp\/v2\/product_tag?post=696769"}],"curies":[{"name":"wp","href":"https:\/\/api.w.org\/{rel}","templated":true}]}}