{"id":696760,"date":"2025-08-27T14:36:25","date_gmt":"2025-08-27T11:36:25","guid":{"rendered":"https:\/\/roveyayinevi.com.tr\/index.php\/urun\/modern-turkiyenin-dogusu\/"},"modified":"2026-04-16T02:06:42","modified_gmt":"2026-04-15T23:06:42","slug":"modern-turkiyenin-dogusu","status":"publish","type":"product","link":"https:\/\/roveyayinevi.com.tr\/index.php\/urun\/modern-turkiyenin-dogusu\/","title":{"rendered":"Modern T\u00fcrkiye\u2019nin Do\u011fu\u015fu"},"content":{"rendered":"<p>T\u00fcrklerin tarihe kar\u015f\u0131 giri\u015ftikleri yar\u0131\u015f \u00dcnl\u00fc otorite Bernard Lewis\u2019in T\u00fcrklerin son 250 y\u0131ldaki t\u00fcm \u00e7a\u011fda\u015fla\u015fma \u00e7abalar\u0131n\u0131 tek bir ciltte detaylar\u0131yla anlat\u0131p yorumlayan klasik eseri, yazar taraf\u0131ndan g\u00fcncellenmi\u015f orijinal III. edisyondan \u00e7evirisiyle g\u00fcn\u00fcm\u00fcz T\u00fcrk\u00e7esinde. Princeton \u00dcniversitesi Yak\u0131ndo\u011fu Et\u00fcdleri profes\u00f6r\u00fc Bernard Lewis, bu g\u00fcncellenmi\u015f klasik kaynak kitab\u0131nda T\u00fcrklerin son 250 y\u0131ldaki \u00e7a\u011fda\u015fla\u015fma ser\u00fcvenini geni\u015f bir kaynak\u00e7aya dayanarak yetkinlikle yorumluyor. T\u00fcrk milletinin bin y\u0131l \u00f6nce \u00c7in\u2019den vazge\u00e7ip \u0130slamiyet\u2019e y\u00f6neldi\u011finde ba\u015flam\u0131\u015f olan bat\u0131ya do\u011fru y\u00fcr\u00fcy\u00fc\u015f, \u015fimdi \u0130slam\u00ee miras\u0131n b\u00fcy\u00fck bir b\u00f6l\u00fcm\u00fcnden vazge\u00e7erek Avrupa\u2019ya y\u00f6nelmi\u015f ve y\u00f6netimde, toplumda ve k\u00fclt\u00fcrde Avrupa\u00ee ya\u015fam tarz\u0131n\u0131 benimseyip hayata ge\u00e7irmek \u00fczere kesiksiz, kararl\u0131 bir \u00e7abay\u0131 do\u011furmu\u015ftur. Daha \u00f6nce T\u00fcrk\u00e7ede yay\u0131nlanmam\u0131\u015f g\u00fcncel yeni ek b\u00f6l\u00fcmde Lewis, eserin ilk yay\u0131nland\u0131\u011f\u0131 1961 y\u0131l\u0131ndan bu yana ge\u00e7en 47 y\u0131ldaki geli\u015fmeleri; So\u011fuk Sava\u015f d\u00f6neminin sona eri\u015fi, T\u00fcrkiye\u2019nin NATO \u00fcyeli\u011fi, Avrupa Birli\u011fi adayl\u0131\u011f\u0131 ve Ortado\u011fu\u2019daki ABD politikalar\u0131na reaksiyonlar\u0131n\u0131 Radikal \u0130slam tehdidini de g\u00f6z ard\u0131 etmeden sunmaktad\u0131r. Modern T\u00fcrkiye\u2019nin Do\u011fu\u015fu konunun duayeninden, son 250 y\u0131l\u0131m\u0131z\u0131; Osmanl\u0131 \u0130mparatorlu\u011funun duraklama d\u00f6neminden itibaren T\u00fcrk \u00e7a\u011fda\u015fla\u015fma tarihini, Cumhuriyetin ilk ve engebeli y\u0131llar\u0131n\u0131 anlamland\u0131rmak i\u00e7in ba\u015fvurulabilecek g\u00fcncellenmi\u015f ve \u00f6nemli bir kaynakt\u0131r. \ufffcTan\u0131t\u0131m Metni<\/p>\n","protected":false},"excerpt":{"rendered":"<p>T\u00fcrklerin tarihe kar\u015f\u0131 giri\u015ftikleri yar\u0131\u015f \u00dcnl\u00fc otorite Bernard Lewis\u2019in T\u00fcrklerin son 250 y\u0131ldaki t\u00fcm \u00e7a\u011fda\u015fla\u015fma \u00e7abalar\u0131n\u0131 tek bir ciltte detaylar\u0131yla anlat\u0131p yorumlayan klasik eseri, yazar taraf\u0131ndan<span class=\"excerpt-hellip\"> [\u2026]<\/span><\/p>\n","protected":false},"featured_media":0,"template":"","meta":{"_monsterinsights_skip_tracking":false,"_monsterinsights_sitenote_active":false,"_monsterinsights_sitenote_note":"","_monsterinsights_sitenote_category":0},"product_brand":[],"product_cat":[12304,14138],"product_tag":[],"class_list":{"0":"post-696760","1":"product","2":"type-product","3":"status-publish","5":"product_cat-tarih","6":"product_cat-tarih-felsefesi","7":"pa_cilt-ciltsiz","8":"pa_tur-kitap","9":"pa_yayinevi-arkadas-yayinlari","10":"pa_yazar-bernard-lewis","12":"first","13":"instock","14":"sale","15":"shipping-taxable","16":"purchasable","17":"product-type-simple"},"_links":{"self":[{"href":"https:\/\/roveyayinevi.com.tr\/index.php\/wp-json\/wp\/v2\/product\/696760","targetHints":{"allow":["GET"]}}],"collection":[{"href":"https:\/\/roveyayinevi.com.tr\/index.php\/wp-json\/wp\/v2\/product"}],"about":[{"href":"https:\/\/roveyayinevi.com.tr\/index.php\/wp-json\/wp\/v2\/types\/product"}],"wp:attachment":[{"href":"https:\/\/roveyayinevi.com.tr\/index.php\/wp-json\/wp\/v2\/media?parent=696760"}],"wp:term":[{"taxonomy":"product_brand","embeddable":true,"href":"https:\/\/roveyayinevi.com.tr\/index.php\/wp-json\/wp\/v2\/product_brand?post=696760"},{"taxonomy":"product_cat","embeddable":true,"href":"https:\/\/roveyayinevi.com.tr\/index.php\/wp-json\/wp\/v2\/product_cat?post=696760"},{"taxonomy":"product_tag","embeddable":true,"href":"https:\/\/roveyayinevi.com.tr\/index.php\/wp-json\/wp\/v2\/product_tag?post=696760"}],"curies":[{"name":"wp","href":"https:\/\/api.w.org\/{rel}","templated":true}]}}