{"id":696759,"date":"2025-08-27T14:36:25","date_gmt":"2025-08-27T11:36:25","guid":{"rendered":"https:\/\/roveyayinevi.com.tr\/index.php\/urun\/cocukta-ozguven-kaygili-cocuga-yardim\/"},"modified":"2026-04-16T02:06:42","modified_gmt":"2026-04-15T23:06:42","slug":"cocukta-ozguven-kaygili-cocuga-yardim","status":"publish","type":"product","link":"https:\/\/roveyayinevi.com.tr\/index.php\/urun\/cocukta-ozguven-kaygili-cocuga-yardim\/","title":{"rendered":"\u00c7ocukta \u00d6zg\u00fcven &#8211; Kayg\u0131l\u0131 \u00c7ocu\u011fa Yard\u0131m"},"content":{"rendered":"<p>Bu kitap \u00e7ocuklar\u0131n\u0131n endi\u015fe, korku ve kayg\u0131lar\u0131n\u0131 yenmelerine yard\u0131m etmek \u00fczere anne babalar i\u00e7in haz\u0131rlanm\u0131\u015f, ad\u0131m ad\u0131m ilerleyen bir k\u0131lavuz niteli\u011findedir. Anlat\u0131lan y\u00f6ntemler bilimsel deste\u011fe sahiptir. Anne Babalar bu kitab\u0131n ilgin\u00e7, kolay okunur ve \u00e7ocu\u011fa en iyi yard\u0131m yollar\u0131 hakk\u0131nda \u00f6nemli fikirlerle dolu oldu\u011funu g\u00f6recektir.  <\/p>\n","protected":false},"excerpt":{"rendered":"<p>Bu kitap \u00e7ocuklar\u0131n\u0131n endi\u015fe, korku ve kayg\u0131lar\u0131n\u0131 yenmelerine yard\u0131m etmek \u00fczere anne babalar i\u00e7in haz\u0131rlanm\u0131\u015f, ad\u0131m ad\u0131m ilerleyen bir k\u0131lavuz niteli\u011findedir. Anlat\u0131lan y\u00f6ntemler bilimsel deste\u011fe sahiptir.<span class=\"excerpt-hellip\"> [\u2026]<\/span><\/p>\n","protected":false},"featured_media":0,"template":"","meta":{"_monsterinsights_skip_tracking":false,"_monsterinsights_sitenote_active":false,"_monsterinsights_sitenote_note":"","_monsterinsights_sitenote_category":0},"product_brand":[],"product_cat":[12679,12357],"product_tag":[],"class_list":{"0":"post-696759","1":"product","2":"type-product","3":"status-publish","5":"product_cat-cocuk-psikolojisi","6":"product_cat-psikoloji","7":"pa_cilt-ciltsiz","8":"pa_tur-kitap","9":"pa_yayinevi-arkadas-yayinlari","10":"pa_yazar-ronald-m-rapee","12":"first","13":"instock","14":"sale","15":"shipping-taxable","16":"purchasable","17":"product-type-simple"},"_links":{"self":[{"href":"https:\/\/roveyayinevi.com.tr\/index.php\/wp-json\/wp\/v2\/product\/696759","targetHints":{"allow":["GET"]}}],"collection":[{"href":"https:\/\/roveyayinevi.com.tr\/index.php\/wp-json\/wp\/v2\/product"}],"about":[{"href":"https:\/\/roveyayinevi.com.tr\/index.php\/wp-json\/wp\/v2\/types\/product"}],"wp:attachment":[{"href":"https:\/\/roveyayinevi.com.tr\/index.php\/wp-json\/wp\/v2\/media?parent=696759"}],"wp:term":[{"taxonomy":"product_brand","embeddable":true,"href":"https:\/\/roveyayinevi.com.tr\/index.php\/wp-json\/wp\/v2\/product_brand?post=696759"},{"taxonomy":"product_cat","embeddable":true,"href":"https:\/\/roveyayinevi.com.tr\/index.php\/wp-json\/wp\/v2\/product_cat?post=696759"},{"taxonomy":"product_tag","embeddable":true,"href":"https:\/\/roveyayinevi.com.tr\/index.php\/wp-json\/wp\/v2\/product_tag?post=696759"}],"curies":[{"name":"wp","href":"https:\/\/api.w.org\/{rel}","templated":true}]}}