{"id":696753,"date":"2025-08-27T14:36:23","date_gmt":"2025-08-27T11:36:23","guid":{"rendered":"https:\/\/roveyayinevi.com.tr\/index.php\/urun\/ciceklerin-kulturu\/"},"modified":"2026-04-16T02:06:26","modified_gmt":"2026-04-15T23:06:26","slug":"ciceklerin-kulturu","status":"publish","type":"product","link":"https:\/\/roveyayinevi.com.tr\/index.php\/urun\/ciceklerin-kulturu\/","title":{"rendered":"\u00c7i\u00e7eklerin K\u00fclt\u00fcr\u00fc"},"content":{"rendered":"<p>Jack Goody, 20. y\u00fczy\u0131l\u0131n \u00f6nde gelen antropolog ve tarih\u00e7ilerinden biridir. Annales Okulu\u2019nun \u00f6nemli temsilcilerinden olarak g\u00f6r\u00fclen ara\u015ft\u0131rmac\u0131, ayr\u0131nt\u0131lar \u00fczerinde \u00f6zenle durmas\u0131n\u0131n yan\u0131 s\u0131ra, onlar\u0131 tarihsellik i\u00e7inde s\u00f6ylemle\u015ftiren yazma bi\u00e7emiyle de \u00f6zel bir yere sahiptir. <\/p>\n","protected":false},"excerpt":{"rendered":"<p>Jack Goody, 20. y\u00fczy\u0131l\u0131n \u00f6nde gelen antropolog ve tarih\u00e7ilerinden biridir. Annales Okulu\u2019nun \u00f6nemli temsilcilerinden olarak g\u00f6r\u00fclen ara\u015ft\u0131rmac\u0131, ayr\u0131nt\u0131lar \u00fczerinde \u00f6zenle durmas\u0131n\u0131n yan\u0131 s\u0131ra, onlar\u0131 tarihsellik i\u00e7inde<span class=\"excerpt-hellip\"> [\u2026]<\/span><\/p>\n","protected":false},"featured_media":0,"template":"","meta":{"_monsterinsights_skip_tracking":false,"_monsterinsights_sitenote_active":false,"_monsterinsights_sitenote_note":"","_monsterinsights_sitenote_category":0},"product_brand":[],"product_cat":[15499,13488],"product_tag":[],"class_list":{"0":"post-696753","1":"product","2":"type-product","3":"status-publish","5":"product_cat-antropoloji","6":"product_cat-toplum-ve-insan","7":"pa_cilt-ciltsiz","8":"pa_tur-kitap","9":"pa_yayinevi-ayrinti-yayinlari","10":"pa_yazar-jack-goody","12":"first","13":"instock","14":"sale","15":"shipping-taxable","16":"purchasable","17":"product-type-simple"},"_links":{"self":[{"href":"https:\/\/roveyayinevi.com.tr\/index.php\/wp-json\/wp\/v2\/product\/696753","targetHints":{"allow":["GET"]}}],"collection":[{"href":"https:\/\/roveyayinevi.com.tr\/index.php\/wp-json\/wp\/v2\/product"}],"about":[{"href":"https:\/\/roveyayinevi.com.tr\/index.php\/wp-json\/wp\/v2\/types\/product"}],"wp:attachment":[{"href":"https:\/\/roveyayinevi.com.tr\/index.php\/wp-json\/wp\/v2\/media?parent=696753"}],"wp:term":[{"taxonomy":"product_brand","embeddable":true,"href":"https:\/\/roveyayinevi.com.tr\/index.php\/wp-json\/wp\/v2\/product_brand?post=696753"},{"taxonomy":"product_cat","embeddable":true,"href":"https:\/\/roveyayinevi.com.tr\/index.php\/wp-json\/wp\/v2\/product_cat?post=696753"},{"taxonomy":"product_tag","embeddable":true,"href":"https:\/\/roveyayinevi.com.tr\/index.php\/wp-json\/wp\/v2\/product_tag?post=696753"}],"curies":[{"name":"wp","href":"https:\/\/api.w.org\/{rel}","templated":true}]}}