{"id":696752,"date":"2025-08-27T14:36:23","date_gmt":"2025-08-27T11:36:23","guid":{"rendered":"https:\/\/roveyayinevi.com.tr\/index.php\/urun\/calismak-sagliga-zararlidir\/"},"modified":"2026-04-16T02:06:26","modified_gmt":"2026-04-15T23:06:26","slug":"calismak-sagliga-zararlidir","status":"publish","type":"product","link":"https:\/\/roveyayinevi.com.tr\/index.php\/urun\/calismak-sagliga-zararlidir\/","title":{"rendered":"\u00c7al\u0131\u015fmak Sa\u011fl\u0131\u011fa Zararl\u0131d\u0131r"},"content":{"rendered":"<p>Risklerin alt i\u015fverene devri. Ba\u015fkas\u0131n\u0131 tehlikeye atma. Onura sald\u0131r\u0131. Duygusal ve fiziksel \u015fiddet. Mesleki kanserler. &#8220;D\u00fcnyan\u0131n her yerinde, rekabet g\u00fcc\u00fc ad\u0131na, \u00e7al\u0131\u015fma hayat\u0131 \u00f6ld\u00fcr\u00fcyor, yaral\u0131yor, binlerce kad\u0131n\u0131 ve erke\u011fi hasta ediyor. Sa\u011fl\u0131klar\u0131na ciddi bi\u00e7imde zarar verdi\u011fini bilseler de, bu insanlar\u0131n, ge\u00e7imlerini sa\u011flayabilmek i\u00e7in bu t\u00fcr i\u015flerde \u00e7al\u0131\u015fmaktan ba\u015fka \u00e7aresi yok&#8230; Sa\u011fl\u0131k Sigortas\u0131 Fonu&#8217;nun ve \u00c7al\u0131\u015fma Bakanl\u0131\u011f\u0131&#8217;n\u0131n verilerine g\u00f6re bug\u00fcn Fransa&#8217;da, i\u015f kazalar\u0131ndan g\u00fcnde iki, amyanttan (asbest) sekiz ki\u015fi \u00f6l\u00fcyor ve iki bu\u00e7uk milyon \u00e7al\u0131\u015fan her g\u00fcn i\u015fyerlerinde kanserojen kokteyllerine maruz kal\u0131yor, milyonlarca kad\u0131n ve erkek bir insan\u0131n fiziksel ve ruhsal olarak dayanabilece\u011fi s\u0131n\u0131rlar\u0131n ucuna itiliyor; k\u0131sacas\u0131, \u00e7al\u0131\u015fma hayat\u0131 yaral\u0131yor, \u00f6ld\u00fcr\u00fcyor ve hasta ediyor. \u00d6ld\u00fcren ger\u00e7ekten \u00e7al\u0131\u015fma hayat\u0131 m\u0131 yoksa y\u00f6netim kurullar\u0131n\u0131n oval masalar\u0131nda \u00e7al\u0131\u015fma organizasyonunun nas\u0131l olaca\u011f\u0131na karar verenler mi? Sahte bayrakl\u0131 armat\u00f6rlerin ve d\u00fcnya \u00e7elik t\u00fcccarlar\u0131n\u0131n y\u00fcksek \u00e7\u0131karlar\u0131 i\u00e7in bug\u00fcn, Hindistan&#8217;da Alang sahiline \u00e7ekilmi\u015f gemileri s\u00f6kerken, belki iki, belki on, belki altm\u0131\u015f i\u015f\u00e7i \u00f6lecek. Burada bahsi ge\u00e7en, i\u015f \u00f6l\u00fcmleridir, bu \u00f6l\u00fcmlere neden olan riskler gibi &#8216;kabul edilebilir&#8217; g\u00f6r\u00fcl\u00fcrler; sorumlular\u0131 i\u00e7in ise, hi\u00e7bir mahkumiyet s\u00f6z konusu de\u011fildir.&#8221;  Bu kitap, sanayi ve hizmet sekt\u00f6rlerinin farkl\u0131 i\u015f kollar\u0131ndan toplanan \u00e7ok say\u0131da tan\u0131kl\u0131\u011fa ve amyant\u0131n ayd\u0131nlat\u0131c\u0131 \u00f6rne\u011fine dayanarak kamu sa\u011fl\u0131\u011f\u0131n\u0131n &#8220;k\u00f6r nokta&#8221;s\u0131na \u0131\u015f\u0131k tutuyor: \u00c7al\u0131\u015fanlar\u0131n hayat\u0131na, sa\u011fl\u0131\u011f\u0131na ve onuruna y\u00f6nelen sald\u0131r\u0131lar\u0131 g\u00f6r\u00fcn\u00fcr k\u0131l\u0131yor. Kendine Ceza Muhakemeleri Usul\u00fc Kanunu&#8217;nu referans alan yazar, insan \u00f6ld\u00fcrme, ba\u015fkas\u0131n\u0131 tehlikeye atma, onura sald\u0131r\u0131 ya da tehlikedeki insana yard\u0131m etmeme su\u00e7lar\u0131nda, sorumlular\u0131n nas\u0131l b\u00fct\u00fcn\u00fcyle cezas\u0131z b\u0131rak\u0131ld\u0131\u011f\u0131n\u0131 g\u00f6steriyor. Ayr\u0131ca, etki alt\u0131ndaki bilimsel ara\u015ft\u0131rmalar\u0131n tehlikeli sonu\u00e7lar\u0131na dikkat \u00e7ekiyor. Bireysel ve kolektif direni\u015fe ve yurtta\u015flar\u0131 tetikte olmaya \u00e7a\u011f\u0131ran sa\u011fduyulu bir kitap.<\/p>\n","protected":false},"excerpt":{"rendered":"<p>Risklerin alt i\u015fverene devri. Ba\u015fkas\u0131n\u0131 tehlikeye atma. Onura sald\u0131r\u0131. Duygusal ve fiziksel \u015fiddet. Mesleki kanserler. &#8220;D\u00fcnyan\u0131n her yerinde, rekabet g\u00fcc\u00fc ad\u0131na, \u00e7al\u0131\u015fma hayat\u0131 \u00f6ld\u00fcr\u00fcyor, yaral\u0131yor, binlerce<span class=\"excerpt-hellip\"> [\u2026]<\/span><\/p>\n","protected":false},"featured_media":0,"template":"","meta":{"_monsterinsights_skip_tracking":false,"_monsterinsights_sitenote_active":false,"_monsterinsights_sitenote_note":"","_monsterinsights_sitenote_category":0},"product_brand":[],"product_cat":[13043,14754],"product_tag":[],"class_list":{"0":"post-696752","1":"product","2":"type-product","3":"status-publish","5":"product_cat-ekonomi","6":"product_cat-halkla-iliskiler-insan-kaynaklari","7":"pa_cilt-ciltsiz","8":"pa_tur-kitap","9":"pa_yayinevi-ayrinti-yayinlari","10":"pa_yazar-annie-thebaud-mony","12":"first","13":"instock","14":"sale","15":"shipping-taxable","16":"purchasable","17":"product-type-simple"},"_links":{"self":[{"href":"https:\/\/roveyayinevi.com.tr\/index.php\/wp-json\/wp\/v2\/product\/696752","targetHints":{"allow":["GET"]}}],"collection":[{"href":"https:\/\/roveyayinevi.com.tr\/index.php\/wp-json\/wp\/v2\/product"}],"about":[{"href":"https:\/\/roveyayinevi.com.tr\/index.php\/wp-json\/wp\/v2\/types\/product"}],"wp:attachment":[{"href":"https:\/\/roveyayinevi.com.tr\/index.php\/wp-json\/wp\/v2\/media?parent=696752"}],"wp:term":[{"taxonomy":"product_brand","embeddable":true,"href":"https:\/\/roveyayinevi.com.tr\/index.php\/wp-json\/wp\/v2\/product_brand?post=696752"},{"taxonomy":"product_cat","embeddable":true,"href":"https:\/\/roveyayinevi.com.tr\/index.php\/wp-json\/wp\/v2\/product_cat?post=696752"},{"taxonomy":"product_tag","embeddable":true,"href":"https:\/\/roveyayinevi.com.tr\/index.php\/wp-json\/wp\/v2\/product_tag?post=696752"}],"curies":[{"name":"wp","href":"https:\/\/api.w.org\/{rel}","templated":true}]}}