{"id":696751,"date":"2025-08-27T14:36:23","date_gmt":"2025-08-27T11:36:23","guid":{"rendered":"https:\/\/roveyayinevi.com.tr\/index.php\/urun\/cali-horozu\/"},"modified":"2026-04-16T02:06:26","modified_gmt":"2026-04-15T23:06:26","slug":"cali-horozu","status":"publish","type":"product","link":"https:\/\/roveyayinevi.com.tr\/index.php\/urun\/cali-horozu\/","title":{"rendered":"\u00c7al\u0131 Horozu"},"content":{"rendered":"<p>Yazar\u0131n g\u00f6revi mitleri \u00f6l\u00fcmden kurtarmakt\u0131r diyen Michel Tournier, Fransa\u2019n\u0131n en yarat\u0131c\u0131 yazarlar\u0131ndan biri. \u0130lk bak\u0131\u015fta birbirinden uzak g\u00f6r\u00fcnen nesneler ve olgular aras\u0131nda ba\u011flar kurarak; masal \u00f6\u011felerini bir ba\u015fka d\u00fcnyan\u0131n \u00f6\u011feleri olarak de\u011fil de g\u00fcncel d\u00fcnyadaki yerlerine oturtarak i\u015fleyen Tournier, bu \u00f6zelli\u011fi ile hakl\u0131 bir \u00fcn kazanm\u0131\u015f durumda. \u00c7al\u0131 Horozu hikaye ile masal aras\u0131ndaki ayr\u0131m\u0131 belirledi\u011fi ve insanla benzerleri ya da insanla nesneler aras\u0131nda ayk\u0131r\u0131 ili\u015fkiler yaratt\u0131\u011f\u0131 en \u00e7arp\u0131c\u0131 \u00f6yk\u00fc kitaplar\u0131ndan biri. Bu kitab\u0131nda Cennet, Noel Baba, Robinson Cruose gibi tarihsel mitlerin yan\u0131 s\u0131ra, gen\u00e7lik, otoyol, k\u0131zl\u0131k gibi g\u00fcndelik mitleri entelekt\u00fcel bir yarat\u0131c\u0131l\u0131kla i\u015fliyor&#8230; \ufffcTan\u0131t\u0131m Metni<\/p>\n","protected":false},"excerpt":{"rendered":"<p>Yazar\u0131n g\u00f6revi mitleri \u00f6l\u00fcmden kurtarmakt\u0131r diyen Michel Tournier, Fransa\u2019n\u0131n en yarat\u0131c\u0131 yazarlar\u0131ndan biri. \u0130lk bak\u0131\u015fta birbirinden uzak g\u00f6r\u00fcnen nesneler ve olgular aras\u0131nda ba\u011flar kurarak; masal \u00f6\u011felerini<span class=\"excerpt-hellip\"> [\u2026]<\/span><\/p>\n","protected":false},"featured_media":0,"template":"","meta":{"_monsterinsights_skip_tracking":false,"_monsterinsights_sitenote_active":false,"_monsterinsights_sitenote_note":"","_monsterinsights_sitenote_category":0},"product_brand":[],"product_cat":[12291,13376],"product_tag":[],"class_list":{"0":"post-696751","1":"product","2":"type-product","3":"status-publish","5":"product_cat-edebiyat","6":"product_cat-fransiz-edebiyati","7":"pa_cilt-ciltsiz","8":"pa_tur-kitap","9":"pa_yayinevi-ayrinti-yayinlari","10":"pa_yazar-michel-tournier","12":"first","13":"instock","14":"sale","15":"shipping-taxable","16":"purchasable","17":"product-type-simple"},"_links":{"self":[{"href":"https:\/\/roveyayinevi.com.tr\/index.php\/wp-json\/wp\/v2\/product\/696751","targetHints":{"allow":["GET"]}}],"collection":[{"href":"https:\/\/roveyayinevi.com.tr\/index.php\/wp-json\/wp\/v2\/product"}],"about":[{"href":"https:\/\/roveyayinevi.com.tr\/index.php\/wp-json\/wp\/v2\/types\/product"}],"wp:attachment":[{"href":"https:\/\/roveyayinevi.com.tr\/index.php\/wp-json\/wp\/v2\/media?parent=696751"}],"wp:term":[{"taxonomy":"product_brand","embeddable":true,"href":"https:\/\/roveyayinevi.com.tr\/index.php\/wp-json\/wp\/v2\/product_brand?post=696751"},{"taxonomy":"product_cat","embeddable":true,"href":"https:\/\/roveyayinevi.com.tr\/index.php\/wp-json\/wp\/v2\/product_cat?post=696751"},{"taxonomy":"product_tag","embeddable":true,"href":"https:\/\/roveyayinevi.com.tr\/index.php\/wp-json\/wp\/v2\/product_tag?post=696751"}],"curies":[{"name":"wp","href":"https:\/\/api.w.org\/{rel}","templated":true}]}}