{"id":696750,"date":"2025-08-27T14:36:23","date_gmt":"2025-08-27T11:36:23","guid":{"rendered":"https:\/\/roveyayinevi.com.tr\/index.php\/urun\/cagdas-sosyal-bilimler-felsefesi-cokkulturlu-bir-yaklasim\/"},"modified":"2026-04-16T02:06:26","modified_gmt":"2026-04-15T23:06:26","slug":"cagdas-sosyal-bilimler-felsefesi-cokkulturlu-bir-yaklasim","status":"publish","type":"product","link":"https:\/\/roveyayinevi.com.tr\/index.php\/urun\/cagdas-sosyal-bilimler-felsefesi-cokkulturlu-bir-yaklasim\/","title":{"rendered":"\u00c7a\u011fda\u015f Sosyal Bilimler Felsefesi \u00c7okk\u00fclt\u00fcrl\u00fc Bir Yakla\u015f\u0131m"},"content":{"rendered":"<p>\u00c7okk\u00fclt\u00fcrl\u00fc bir d\u00fcnyada ya\u015fama deneyimi, yan\u0131t\u0131 siyasal d\u00fc\u015f\u00fcnce i\u00e7in ya\u015famsal \u00f6nemde bir soru do\u011furuyor. \u201cBa\u015fkalar\u0131n\u0131, \u00f6zellikle de bizden farkl\u0131 olanlar\u0131 anlamam\u0131z m\u00fcmk\u00fcn m\u00fc?\u201d \u0130\u015fte Brian Fay\u2019in elinizdeki \u00e7al\u0131\u015fmas\u0131n\u0131n en temel sorusu da bu.Fay bu \u00e7al\u0131\u015fmas\u0131nda, sosyal bilimleri girdi\u011fi \u00e7\u0131kmazdan kurtarma ve sosyal bilimsel ara\u015ft\u0131rmaya yeniden can verme kayg\u0131s\u0131yla, yeni bir sosyal bilimler felsefesi kuruyor: Felsefesinin en belirleyici \u00f6zelli\u011fi de yeniden tan\u0131mlad\u0131\u011f\u0131 \u00e7okk\u00fclt\u00fcrl\u00fc bir yakla\u015f\u0131m&#8230; Sadece farkl\u0131l\u0131\u011f\u0131 tan\u0131may\u0131 ve ona sayg\u0131 g\u00f6stermeyi vurgulayan yayg\u0131n \u00e7okk\u00fclt\u00fcrc\u00fcl\u00fck anlay\u0131\u015f\u0131n\u0131n nihai sonucunun farkl\u0131 gruplar\u0131n tecridi olaca\u011f\u0131n\u0131 iddia eden Fay, kar\u015f\u0131l\u0131kl\u0131 \u00f6\u011frenmeye, diyalo\u011fa ve etkile\u015fime vurgu yapan bir \u00e7okk\u00fclt\u00fcrc\u00fcl\u00fck anlay\u0131\u015f\u0131 sunuyor. Bunu yaparken de benlik-ba\u015fkas\u0131, biz-onlar, benzerlik-farkl\u0131l\u0131k, i\u00e7eridekiler-d\u0131\u015far\u0131dakiler gibi t\u00fcm kat\u0131 ikili kategorileri sorguluyor; yaln\u0131z sosyal bilimlerde de\u011fil, g\u00fcndelik hayat\u0131m\u0131zda da h\u00e2kim olan bu ikici d\u00fc\u015f\u00fcnce tarz\u0131n\u0131 y\u0131kmaya ve bunun yerine diyalektik d\u00fc\u015f\u00fcnceyi koymaya \u00e7al\u0131\u015f\u0131yor. Anlam\u0131n do\u011fas\u0131, yorumun niteli\u011fi, nesnelli\u011fin olabilirli\u011fi, benlik ve benli\u011fin ba\u015fkalar\u0131yla ili\u015fkisi, k\u00fclt\u00fcr ve toplumun do\u011fas\u0131, k\u00fclt\u00fcrleraras\u0131 anlay\u0131\u015f\u0131n karma\u015f\u0131kl\u0131\u011f\u0131 gibi meseleler Fay\u2019in irdeledi\u011fi konulardan baz\u0131lar\u0131. Ama Fay\u2019in ele ald\u0131\u011f\u0131 bu sorunlar yaln\u0131zca sosyal bilimleri de\u011fil, \u00e7okk\u00fclt\u00fcrl\u00fc deneyimin \u00f6zneleri olan bireyleri de \u00e7ok yak\u0131ndan ilgilendiriyor. Fay bizler i\u00e7in \u00e7ok \u00f6nemli bir k\u0131lavuz sunuyor. <\/p>\n","protected":false},"excerpt":{"rendered":"<p>\u00c7okk\u00fclt\u00fcrl\u00fc bir d\u00fcnyada ya\u015fama deneyimi, yan\u0131t\u0131 siyasal d\u00fc\u015f\u00fcnce i\u00e7in ya\u015famsal \u00f6nemde bir soru do\u011furuyor. \u201cBa\u015fkalar\u0131n\u0131, \u00f6zellikle de bizden farkl\u0131 olanlar\u0131 anlamam\u0131z m\u00fcmk\u00fcn m\u00fc?\u201d \u0130\u015fte Brian Fay\u2019in<span class=\"excerpt-hellip\"> [\u2026]<\/span><\/p>\n","protected":false},"featured_media":0,"template":"","meta":{"_monsterinsights_skip_tracking":false,"_monsterinsights_sitenote_active":false,"_monsterinsights_sitenote_note":"","_monsterinsights_sitenote_category":0},"product_brand":[],"product_cat":[12325,12324],"product_tag":[],"class_list":{"0":"post-696750","1":"product","2":"type-product","3":"status-publish","5":"product_cat-diger-sosyoloji","6":"product_cat-sosyoloji","7":"pa_cilt-ciltsiz","8":"pa_tur-kitap","9":"pa_yayinevi-ayrinti-yayinlari","10":"pa_yazar-brian-fay","12":"first","13":"instock","14":"sale","15":"shipping-taxable","16":"purchasable","17":"product-type-simple"},"_links":{"self":[{"href":"https:\/\/roveyayinevi.com.tr\/index.php\/wp-json\/wp\/v2\/product\/696750","targetHints":{"allow":["GET"]}}],"collection":[{"href":"https:\/\/roveyayinevi.com.tr\/index.php\/wp-json\/wp\/v2\/product"}],"about":[{"href":"https:\/\/roveyayinevi.com.tr\/index.php\/wp-json\/wp\/v2\/types\/product"}],"wp:attachment":[{"href":"https:\/\/roveyayinevi.com.tr\/index.php\/wp-json\/wp\/v2\/media?parent=696750"}],"wp:term":[{"taxonomy":"product_brand","embeddable":true,"href":"https:\/\/roveyayinevi.com.tr\/index.php\/wp-json\/wp\/v2\/product_brand?post=696750"},{"taxonomy":"product_cat","embeddable":true,"href":"https:\/\/roveyayinevi.com.tr\/index.php\/wp-json\/wp\/v2\/product_cat?post=696750"},{"taxonomy":"product_tag","embeddable":true,"href":"https:\/\/roveyayinevi.com.tr\/index.php\/wp-json\/wp\/v2\/product_tag?post=696750"}],"curies":[{"name":"wp","href":"https:\/\/api.w.org\/{rel}","templated":true}]}}