{"id":696749,"date":"2025-08-27T14:36:22","date_gmt":"2025-08-27T11:36:22","guid":{"rendered":"https:\/\/roveyayinevi.com.tr\/index.php\/urun\/cuma-ya-da-pasifik-arafi\/"},"modified":"2026-04-16T02:06:26","modified_gmt":"2026-04-15T23:06:26","slug":"cuma-ya-da-pasifik-arafi","status":"publish","type":"product","link":"https:\/\/roveyayinevi.com.tr\/index.php\/urun\/cuma-ya-da-pasifik-arafi\/","title":{"rendered":"Cuma ya da Pasifik Araf\u0131"},"content":{"rendered":"<p>G\u00fcn\u00fcm\u00fcz Frans\u0131z edebiyat\u0131n\u0131n en b\u00fcy\u00fck yarat\u0131c\u0131lar\u0131ndan olan Michel Tournier\u2019nin ba\u015fyap\u0131t\u0131n\u0131 sunuyoruz bu kez. Tounier ya\u015fad\u0131\u011f\u0131m\u0131z hayata anlam verebilmek i\u00e7in hikayelere ihtiyac\u0131m\u0131z oldu\u011funu d\u00fc\u015f\u00fcnen ve kolektiflik kazanm\u0131\u015f hikayeler denebilecek mitoslar\u0131 da ciddiye alan bir yazar. Temel kayg\u0131s\u0131 Bat\u0131 k\u00fclt\u00fcr\u00fcn\u00fcn temel mitoslar\u0131n\u0131 d\u00f6n\u00fc\u015ft\u00fcrerek bamba\u015fka anlamd\u0131rmaya ve ya\u015fama imkanlar\u0131na i\u015faret etmek! Yazd\u0131\u011f\u0131 bu ilk romanda ise Bat\u0131 modernli\u011finin  giri\u015fimci birey  k\u00fclt\u00fcn\u00fc,  vah\u015fileri ve do\u011fay\u0131 uygarla\u015ft\u0131ran beyaz adam  imgesini,  \u00fcretim,t\u00fcketim  tap\u0131nmas\u0131n\u0131 ve  zaman, d\u00fczen disiplin  kayg\u0131s\u0131n\u0131 en \u00f6zl\u00fc bi\u00e7imde ifade eden robinson mitini parampar\u00e7a ederek, heyecan verici bir do\u011fa \/ d\u00fc\u015f\u00fcnce sentezini mu\u015ftulayan \u00e7ok farkl\u0131 bir mitoloji in\u015fa ediyor. Cuma ya da Pasifik Araf\u0131 Spinoza\u2019dan Levi-Stauss\u2019a, Hegel\u2019den Sartre\u2019a bir dizi d\u00fc\u015f\u00fcn\u00fcre at\u0131flar i\u00e7eren bir d\u00fc\u015f\u00fcnce roman\u0131 olmas\u0131na kar\u015f\u0131l\u0131k bir macera roman\u0131 kadar s\u00fcr\u00fckleyici. <\/p>\n","protected":false},"excerpt":{"rendered":"<p>G\u00fcn\u00fcm\u00fcz Frans\u0131z edebiyat\u0131n\u0131n en b\u00fcy\u00fck yarat\u0131c\u0131lar\u0131ndan olan Michel Tournier\u2019nin ba\u015fyap\u0131t\u0131n\u0131 sunuyoruz bu kez. Tounier ya\u015fad\u0131\u011f\u0131m\u0131z hayata anlam verebilmek i\u00e7in hikayelere ihtiyac\u0131m\u0131z oldu\u011funu d\u00fc\u015f\u00fcnen ve kolektiflik kazanm\u0131\u015f<span class=\"excerpt-hellip\"> [\u2026]<\/span><\/p>\n","protected":false},"featured_media":0,"template":"","meta":{"_monsterinsights_skip_tracking":false,"_monsterinsights_sitenote_active":false,"_monsterinsights_sitenote_note":"","_monsterinsights_sitenote_category":0},"product_brand":[],"product_cat":[12291,13376],"product_tag":[],"class_list":{"0":"post-696749","1":"product","2":"type-product","3":"status-publish","5":"product_cat-edebiyat","6":"product_cat-fransiz-edebiyati","7":"pa_cilt-ciltsiz","8":"pa_tur-kitap","9":"pa_yayinevi-ayrinti-yayinlari","10":"pa_yazar-michel-tournier","12":"first","13":"instock","14":"sale","15":"shipping-taxable","16":"purchasable","17":"product-type-simple"},"_links":{"self":[{"href":"https:\/\/roveyayinevi.com.tr\/index.php\/wp-json\/wp\/v2\/product\/696749","targetHints":{"allow":["GET"]}}],"collection":[{"href":"https:\/\/roveyayinevi.com.tr\/index.php\/wp-json\/wp\/v2\/product"}],"about":[{"href":"https:\/\/roveyayinevi.com.tr\/index.php\/wp-json\/wp\/v2\/types\/product"}],"wp:attachment":[{"href":"https:\/\/roveyayinevi.com.tr\/index.php\/wp-json\/wp\/v2\/media?parent=696749"}],"wp:term":[{"taxonomy":"product_brand","embeddable":true,"href":"https:\/\/roveyayinevi.com.tr\/index.php\/wp-json\/wp\/v2\/product_brand?post=696749"},{"taxonomy":"product_cat","embeddable":true,"href":"https:\/\/roveyayinevi.com.tr\/index.php\/wp-json\/wp\/v2\/product_cat?post=696749"},{"taxonomy":"product_tag","embeddable":true,"href":"https:\/\/roveyayinevi.com.tr\/index.php\/wp-json\/wp\/v2\/product_tag?post=696749"}],"curies":[{"name":"wp","href":"https:\/\/api.w.org\/{rel}","templated":true}]}}