{"id":696748,"date":"2025-08-27T14:36:22","date_gmt":"2025-08-27T11:36:22","guid":{"rendered":"https:\/\/roveyayinevi.com.tr\/index.php\/urun\/sofraniz-sen-olsun\/"},"modified":"2026-04-16T02:06:26","modified_gmt":"2026-04-15T23:06:26","slug":"sofraniz-sen-olsun","status":"publish","type":"product","link":"https:\/\/roveyayinevi.com.tr\/index.php\/urun\/sofraniz-sen-olsun\/","title":{"rendered":"Sofran\u0131z \u015een Olsun"},"content":{"rendered":"<p>D\u00fc\u011f\u00fcn-bayram sofralar\u0131n\u0131n vazge\u00e7ilmezlerinden g\u00fcnl\u00fck yemeklere, tatl\u0131lardan tuzlulara, salatalara onlarca yeme\u011fin ak\u0131c\u0131, sohbet eder gibi bir \u00fcslupla yaz\u0131ld\u0131\u011f\u0131 Sofran\u0131z \u015een Olsun geleneksel yemek kitab\u0131 kal\u0131plar\u0131n\u0131n \u00f6tesine ge\u00e7erek, bug\u00fcn art\u0131k \u201cge\u00e7mi\u015f\u201d mertebesine eri\u015fmi\u015f g\u00fcnlere g\u00f6t\u00fcr\u00fcyor bizleri usul usul. Takuhi Tovmasyan&#8217;\u0131n sat\u0131rlar\u0131 aras\u0131nda gezinirken, bir yandan onunla, yapmay\u0131 ve yemeyi \u00e7ok sevdi\u011fi yemeklerin tarifleri, p\u00fcf noktalar\u0131, alternatif sunumlar\u0131 hakk\u0131nda hasb\u0131hal ediyor, bir yandan da kulaklar\u0131n\u0131zda 1920&#8217;lerden 1950&#8217;lere \u0130stanbul&#8217;un, Trakya&#8217;n\u0131n sesini duyuyorsunuz. Birinci D\u00fcnya Sava\u015f\u0131 g\u00fcnlerinde \u00c7orlu&#8217;dan Der Zor&#8217;a, \u00c7atalca&#8217;ya, daha sonraki y\u0131llarda ise \u0130stanbul Yedikule&#8217;ye g\u00f6\u00e7en Tovmasyan ailesinin h\u00fcz\u00fcnlerine ve sevin\u00e7lerine ortak, dahas\u0131, sofralar\u0131na misafir oluyor, \u00c7orlu&#8217;da bir \u00e7iftli\u011fin temiz havas\u0131n\u0131, Yedikule veya Samatya sahillerinde denizin kokusunu \u00e7ekiyorsunuz i\u00e7inize. Sofran\u0131z \u015een Olsun, benzersiz bir okuma deneyimi vaat ediyor okuyucusuna. <\/p>\n","protected":false},"excerpt":{"rendered":"<p>D\u00fc\u011f\u00fcn-bayram sofralar\u0131n\u0131n vazge\u00e7ilmezlerinden g\u00fcnl\u00fck yemeklere, tatl\u0131lardan tuzlulara, salatalara onlarca yeme\u011fin ak\u0131c\u0131, sohbet eder gibi bir \u00fcslupla yaz\u0131ld\u0131\u011f\u0131 Sofran\u0131z \u015een Olsun geleneksel yemek kitab\u0131 kal\u0131plar\u0131n\u0131n \u00f6tesine ge\u00e7erek,<span class=\"excerpt-hellip\"> [\u2026]<\/span><\/p>\n","protected":false},"featured_media":0,"template":"","meta":{"_monsterinsights_skip_tracking":false,"_monsterinsights_sitenote_active":false,"_monsterinsights_sitenote_note":"","_monsterinsights_sitenote_category":0},"product_brand":[],"product_cat":[12458,12457],"product_tag":[],"class_list":{"0":"post-696748","1":"product","2":"type-product","3":"status-publish","5":"product_cat-turk-mutfagi","6":"product_cat-yemek-kitaplari","7":"pa_cilt-ciltsiz","8":"pa_tur-kitap","9":"pa_yayinevi-aras-yayinlari","10":"pa_yazar-takuhi-tovmasyan","12":"first","13":"instock","14":"sale","15":"shipping-taxable","16":"purchasable","17":"product-type-simple"},"_links":{"self":[{"href":"https:\/\/roveyayinevi.com.tr\/index.php\/wp-json\/wp\/v2\/product\/696748","targetHints":{"allow":["GET"]}}],"collection":[{"href":"https:\/\/roveyayinevi.com.tr\/index.php\/wp-json\/wp\/v2\/product"}],"about":[{"href":"https:\/\/roveyayinevi.com.tr\/index.php\/wp-json\/wp\/v2\/types\/product"}],"wp:attachment":[{"href":"https:\/\/roveyayinevi.com.tr\/index.php\/wp-json\/wp\/v2\/media?parent=696748"}],"wp:term":[{"taxonomy":"product_brand","embeddable":true,"href":"https:\/\/roveyayinevi.com.tr\/index.php\/wp-json\/wp\/v2\/product_brand?post=696748"},{"taxonomy":"product_cat","embeddable":true,"href":"https:\/\/roveyayinevi.com.tr\/index.php\/wp-json\/wp\/v2\/product_cat?post=696748"},{"taxonomy":"product_tag","embeddable":true,"href":"https:\/\/roveyayinevi.com.tr\/index.php\/wp-json\/wp\/v2\/product_tag?post=696748"}],"curies":[{"name":"wp","href":"https:\/\/api.w.org\/{rel}","templated":true}]}}