{"id":696747,"date":"2025-08-27T14:36:22","date_gmt":"2025-08-27T11:36:22","guid":{"rendered":"https:\/\/roveyayinevi.com.tr\/index.php\/urun\/derin-iliskiler-kod-adi-susurluk\/"},"modified":"2026-04-16T02:06:26","modified_gmt":"2026-04-15T23:06:26","slug":"derin-iliskiler-kod-adi-susurluk","status":"publish","type":"product","link":"https:\/\/roveyayinevi.com.tr\/index.php\/urun\/derin-iliskiler-kod-adi-susurluk\/","title":{"rendered":"Derin \u0130li\u015fkiler Kod Ad\u0131 Susurluk"},"content":{"rendered":"<p>3 Kas\u0131m 1996 tarihinde Susurluk\u2019ta bir kamyon ile bir Mercedes \u00e7arp\u0131\u015ft\u0131. Mercedes\u2019in i\u00e7inde bulunan ki\u015filerin kimlikleri, T\u00fcrkiye tarihinin en karma\u015f\u0131k skandal\u0131n\u0131 ortaya \u00e7\u0131kard\u0131. Baz\u0131lar\u0131 \u201ctesad\u00fcf\u201d dedi, baz\u0131lar\u0131 ise skandal\u0131n \u00fczerine cesurca gitti.  D\u00f6nemin \u0130\u00e7el Milletvekili Fikri Sa\u011flar\u2019a g\u00f6nderilen bir ses kayd\u0131, hi\u00e7bir \u015feyin g\u00f6r\u00fcnd\u00fc\u011f\u00fc gibi olmad\u0131\u011f\u0131n\u0131 g\u00f6sterdi. \u0130haleler iptal edildi, istifalar ya\u015fand\u0131, T\u00fcrkiye \u00e7ap\u0131nda protesto eylemleri ba\u015flat\u0131ld\u0131. Susurluk kazas\u0131 belleklerinizde tazeli\u011fini koruyor. Sis perdesi araland\u0131k\u00e7a duydu\u011fumuz isimler y\u0131llarca g\u00fcndemden d\u00fc\u015fm\u00fcyor. Temiz toplum i\u00e7in \u00e7abalar devam ederken, karanl\u0131k g\u00fc\u00e7ler etraf\u0131m\u0131z\u0131 sarmaya devam ediyor\u2026 12 Haziran 2007 tarihinde \u00dcmraniye\u2019de bir gecekonduda 27 el bombas\u0131 bulundu. Bunu izleyen olaylar zincirinde T\u00fcrkiye, yepyeni bir d\u00f6neme giriyordu. Bu soru\u015fturma dalgalarla geni\u015fledi ve \u00e7ok tart\u0131\u015f\u0131lan Ergenekon davas\u0131 ortaya \u00e7\u0131kt\u0131. Toplum ikiye b\u00f6l\u00fcnd\u00fc. Kimilerine g\u00f6re bu dava \u201cCumhuriyet rejimi ve Atat\u00fcrk\u00e7\u00fclerle hesapla\u015fma\u201d kimilerine g\u00f6re ise \u201cDevlet i\u00e7inde yuvalanm\u0131\u015f bir gladio \u00f6rg\u00fct\u00fcn\u00fcn\u201d ortaya \u00e7\u0131kar\u0131lmas\u0131yd\u0131\u2026 T\u00fcrkiye\u2019nin bu iki olay\u0131n ortaya \u00e7\u0131kard\u0131\u011f\u0131 \u201ckara d\u00f6neminin\u201d tart\u0131\u015fmas\u0131 bir zaman daha s\u00fcrecek. Dileriz ki sonu ayd\u0131nl\u0131k olur\u2026 <\/p>\n","protected":false},"excerpt":{"rendered":"<p>3 Kas\u0131m 1996 tarihinde Susurluk\u2019ta bir kamyon ile bir Mercedes \u00e7arp\u0131\u015ft\u0131. Mercedes\u2019in i\u00e7inde bulunan ki\u015filerin kimlikleri, T\u00fcrkiye tarihinin en karma\u015f\u0131k skandal\u0131n\u0131 ortaya \u00e7\u0131kard\u0131. Baz\u0131lar\u0131 \u201ctesad\u00fcf\u201d dedi,<span class=\"excerpt-hellip\"> [\u2026]<\/span><\/p>\n","protected":false},"featured_media":0,"template":"","meta":{"_monsterinsights_skip_tracking":false,"_monsterinsights_sitenote_active":false,"_monsterinsights_sitenote_note":"","_monsterinsights_sitenote_category":0},"product_brand":[],"product_cat":[12346,12337],"product_tag":[],"class_list":{"0":"post-696747","1":"product","2":"type-product","3":"status-publish","5":"product_cat-derin-siyaset-komplo-teorileri","6":"product_cat-politika-siyaset","7":"pa_cilt-ciltsiz","8":"pa_tur-kitap","9":"pa_yayinevi-arkadas-yayinlari","10":"pa_yazar-fikri-saglar","12":"first","13":"instock","14":"sale","15":"shipping-taxable","16":"purchasable","17":"product-type-simple"},"_links":{"self":[{"href":"https:\/\/roveyayinevi.com.tr\/index.php\/wp-json\/wp\/v2\/product\/696747","targetHints":{"allow":["GET"]}}],"collection":[{"href":"https:\/\/roveyayinevi.com.tr\/index.php\/wp-json\/wp\/v2\/product"}],"about":[{"href":"https:\/\/roveyayinevi.com.tr\/index.php\/wp-json\/wp\/v2\/types\/product"}],"wp:attachment":[{"href":"https:\/\/roveyayinevi.com.tr\/index.php\/wp-json\/wp\/v2\/media?parent=696747"}],"wp:term":[{"taxonomy":"product_brand","embeddable":true,"href":"https:\/\/roveyayinevi.com.tr\/index.php\/wp-json\/wp\/v2\/product_brand?post=696747"},{"taxonomy":"product_cat","embeddable":true,"href":"https:\/\/roveyayinevi.com.tr\/index.php\/wp-json\/wp\/v2\/product_cat?post=696747"},{"taxonomy":"product_tag","embeddable":true,"href":"https:\/\/roveyayinevi.com.tr\/index.php\/wp-json\/wp\/v2\/product_tag?post=696747"}],"curies":[{"name":"wp","href":"https:\/\/api.w.org\/{rel}","templated":true}]}}