{"id":696744,"date":"2025-08-27T14:36:21","date_gmt":"2025-08-27T11:36:21","guid":{"rendered":"https:\/\/roveyayinevi.com.tr\/index.php\/urun\/kaplanin-cikisi\/"},"modified":"2026-04-16T02:06:26","modified_gmt":"2026-04-15T23:06:26","slug":"kaplanin-cikisi","status":"publish","type":"product","link":"https:\/\/roveyayinevi.com.tr\/index.php\/urun\/kaplanin-cikisi\/","title":{"rendered":"Kaplan\u0131n \u00c7\u0131k\u0131\u015f\u0131"},"content":{"rendered":"<p>Rob Horton, bir sabah sisli Florida orman\u0131nda y\u00fcr\u00fcrken kafese kilitlenmi\u015f bir kaplanla kar\u015f\u0131la\u015f\u0131nca \u00e7ok \u015fa\u015f\u0131r\u0131r. Kafeste, \u00e7ok b\u00fcy\u00fck ve ger\u00e7ekten canlo bir kaplan vard\u0131r. Rob yine o ola\u011fand\u0131\u015f\u0131 g\u00fcnde, Sistine Bailey ile tan\u0131\u015f\u0131r. Rob ne kadar duygular\u0131n\u0131 i\u00e7inde sakl\u0131 tutan biriyse, aksine Sistine de o kadar a\u00e7\u0131\u011fa vuran bir k\u0131zd\u0131r. Birbirlerine g\u00fcvenmeyi \u00f6\u011frenip, dost olmaya ba\u015flad\u0131k\u00e7a, Rob\u00b4un t\u00fcm hayat\u0131 de\u011fi\u015fir. Ya\u015fad\u0131klar\u0131n\u0131n sonucunda baz\u0131 \u015feylerin an\u0131lar\u0131n ve ac\u0131lar\u0131n -ve de kaplanlar\u0131n- sonsuza kadar kilitli kalamayaca\u011f\u0131n\u0131 anlarlar. &#8220;Etkileyici, haf\u0131zalara kaz\u0131nan,duygu y\u00fckl\u00fc bir \u00f6yk\u00fc.&#8221; The Times Educational Supplement<\/p>\n","protected":false},"excerpt":{"rendered":"<p>Rob Horton, bir sabah sisli Florida orman\u0131nda y\u00fcr\u00fcrken kafese kilitlenmi\u015f bir kaplanla kar\u015f\u0131la\u015f\u0131nca \u00e7ok \u015fa\u015f\u0131r\u0131r. Kafeste, \u00e7ok b\u00fcy\u00fck ve ger\u00e7ekten canlo bir kaplan vard\u0131r. Rob yine<span class=\"excerpt-hellip\"> [\u2026]<\/span><\/p>\n","protected":false},"featured_media":0,"template":"","meta":{"_monsterinsights_skip_tracking":false,"_monsterinsights_sitenote_active":false,"_monsterinsights_sitenote_note":"","_monsterinsights_sitenote_category":0},"product_brand":[],"product_cat":[12274,12649],"product_tag":[],"class_list":{"0":"post-696744","1":"product","2":"type-product","3":"status-publish","5":"product_cat-cocuk-ve-genclik-kitaplari","6":"product_cat-hobi-muzik","7":"pa_cilt-ciltsiz","8":"pa_tur-kitap","9":"pa_yayinevi-arkadas-yayinlari","10":"pa_yazar-kate-dicamillo","12":"first","13":"instock","14":"sale","15":"shipping-taxable","16":"purchasable","17":"product-type-simple"},"_links":{"self":[{"href":"https:\/\/roveyayinevi.com.tr\/index.php\/wp-json\/wp\/v2\/product\/696744","targetHints":{"allow":["GET"]}}],"collection":[{"href":"https:\/\/roveyayinevi.com.tr\/index.php\/wp-json\/wp\/v2\/product"}],"about":[{"href":"https:\/\/roveyayinevi.com.tr\/index.php\/wp-json\/wp\/v2\/types\/product"}],"wp:attachment":[{"href":"https:\/\/roveyayinevi.com.tr\/index.php\/wp-json\/wp\/v2\/media?parent=696744"}],"wp:term":[{"taxonomy":"product_brand","embeddable":true,"href":"https:\/\/roveyayinevi.com.tr\/index.php\/wp-json\/wp\/v2\/product_brand?post=696744"},{"taxonomy":"product_cat","embeddable":true,"href":"https:\/\/roveyayinevi.com.tr\/index.php\/wp-json\/wp\/v2\/product_cat?post=696744"},{"taxonomy":"product_tag","embeddable":true,"href":"https:\/\/roveyayinevi.com.tr\/index.php\/wp-json\/wp\/v2\/product_tag?post=696744"}],"curies":[{"name":"wp","href":"https:\/\/api.w.org\/{rel}","templated":true}]}}