{"id":696741,"date":"2025-08-27T14:36:20","date_gmt":"2025-08-27T11:36:20","guid":{"rendered":"https:\/\/roveyayinevi.com.tr\/index.php\/urun\/sampanyadaki-zehir\/"},"modified":"2026-04-16T02:06:26","modified_gmt":"2026-04-15T23:06:26","slug":"sampanyadaki-zehir","status":"publish","type":"product","link":"https:\/\/roveyayinevi.com.tr\/index.php\/urun\/sampanyadaki-zehir\/","title":{"rendered":"\u015eampanyadaki Zehir"},"content":{"rendered":"<p>Muhte\u015fem yemeklerle donat\u0131lm\u0131\u015f yedi ki\u015filik bir sofrada alt\u0131 ki\u015fi oturuyordu. Yedinci ki\u015finin yerindeyse Rosemary Barton\u2019un an\u0131s\u0131na bir biberiye (rosemary) dal\u0131 duruyordu. Bir y\u0131l \u00f6nce meydana gelen o ac\u0131 olay\u0131 kimsenin unutmak istememesi garipti. \u00c7\u00fcnk\u00fc g\u00fczel y\u00fcz\u00fc ac\u0131dan tan\u0131nmaz hale gelen gen\u00e7 kad\u0131n, bu masada son nefesini vermi\u015fti. <\/p>\n","protected":false},"excerpt":{"rendered":"<p>Muhte\u015fem yemeklerle donat\u0131lm\u0131\u015f yedi ki\u015filik bir sofrada alt\u0131 ki\u015fi oturuyordu. Yedinci ki\u015finin yerindeyse Rosemary Barton\u2019un an\u0131s\u0131na bir biberiye (rosemary) dal\u0131 duruyordu. Bir y\u0131l \u00f6nce meydana gelen<span class=\"excerpt-hellip\"> [\u2026]<\/span><\/p>\n","protected":false},"featured_media":0,"template":"","meta":{"_monsterinsights_skip_tracking":false,"_monsterinsights_sitenote_active":false,"_monsterinsights_sitenote_note":"","_monsterinsights_sitenote_category":0},"product_brand":[],"product_cat":[12291,12866],"product_tag":[],"class_list":{"0":"post-696741","1":"product","2":"type-product","3":"status-publish","5":"product_cat-edebiyat","6":"product_cat-ingiliz-edebiyati","7":"pa_cilt-ciltsiz","8":"pa_tur-kitap","9":"pa_yayinevi-altin-kitaplar","10":"pa_yazar-agatha-christie","12":"first","13":"instock","14":"sale","15":"shipping-taxable","16":"purchasable","17":"product-type-simple"},"_links":{"self":[{"href":"https:\/\/roveyayinevi.com.tr\/index.php\/wp-json\/wp\/v2\/product\/696741","targetHints":{"allow":["GET"]}}],"collection":[{"href":"https:\/\/roveyayinevi.com.tr\/index.php\/wp-json\/wp\/v2\/product"}],"about":[{"href":"https:\/\/roveyayinevi.com.tr\/index.php\/wp-json\/wp\/v2\/types\/product"}],"wp:attachment":[{"href":"https:\/\/roveyayinevi.com.tr\/index.php\/wp-json\/wp\/v2\/media?parent=696741"}],"wp:term":[{"taxonomy":"product_brand","embeddable":true,"href":"https:\/\/roveyayinevi.com.tr\/index.php\/wp-json\/wp\/v2\/product_brand?post=696741"},{"taxonomy":"product_cat","embeddable":true,"href":"https:\/\/roveyayinevi.com.tr\/index.php\/wp-json\/wp\/v2\/product_cat?post=696741"},{"taxonomy":"product_tag","embeddable":true,"href":"https:\/\/roveyayinevi.com.tr\/index.php\/wp-json\/wp\/v2\/product_tag?post=696741"}],"curies":[{"name":"wp","href":"https:\/\/api.w.org\/{rel}","templated":true}]}}